{"id":19810,"date":"2024-12-11T13:35:08","date_gmt":"2024-12-11T18:35:08","guid":{"rendered":"https:\/\/www.wcb.mb.ca\/?page_id=19810"},"modified":"2026-03-31T22:46:51","modified_gmt":"2026-04-01T02:46:51","slug":"appels-et-revisions","status":"publish","type":"page","link":"https:\/\/www.wcb.mb.ca\/fr\/employeurs\/reclamations-et-decisions-relatives-aux-reclamations\/appels-et-revisions\/","title":{"rendered":"Appels et r\u00e9visions"},"content":{"rendered":"\t\t<div data-elementor-type=\"wp-page\" data-elementor-id=\"19810\" class=\"elementor elementor-19810 elementor-4425\" data-elementor-post-type=\"page\">\n\t\t\t\t<div class=\"elementor-element elementor-element-4ceca17 e-flex e-con-boxed e-con e-parent\" data-id=\"4ceca17\" data-element_type=\"container\" data-e-type=\"container\">\n\t\t\t\t\t<div class=\"e-con-inner\">\n\t\t\t\t<div class=\"elementor-element elementor-element-a755796 elementor-widget elementor-widget-st-header-image\" data-id=\"a755796\" data-element_type=\"widget\" data-e-type=\"widget\" data-widget_type=\"st-header-image.default\">\n\t\t\t\t<div class=\"elementor-widget-container\">\n\t\t\t\t\t<div class=\"c-headerImage g-layout__padding c-headerImage--noImage\"><div class=\"c-headerImage__container g-layout__maxWidth\"><div class=\"c-headerImage__content\"><div ><h1>Appels et r\u00e9visions<\/h1><\/div><\/div><\/div><\/div>\t\t\t\t<\/div>\n\t\t\t\t<\/div>\n\t\t\t\t\t<\/div>\n\t\t\t\t<\/div>\n\t\t<div class=\"elementor-element elementor-element-4fed8945 e-flex e-con-boxed e-con e-parent\" data-id=\"4fed8945\" data-element_type=\"container\" data-e-type=\"container\">\n\t\t\t\t\t<div class=\"e-con-inner\">\n\t\t<div class=\"elementor-element elementor-element-4875ac1e e-con-full e-flex e-con e-child\" data-id=\"4875ac1e\" data-element_type=\"container\" data-e-type=\"container\">\n\t\t\t\t<div class=\"elementor-element elementor-element-57a200c3 elementor-widget__width-initial elementor-widget elementor-widget-text-editor\" data-id=\"57a200c3\" data-element_type=\"widget\" data-e-type=\"widget\" data-widget_type=\"text-editor.default\">\n\t\t\t\t<div class=\"elementor-widget-container\">\n\t\t\t\t\t\t\t\t\t<p>Si vous \u00eates en d\u00e9saccord avec une d\u00e9cision prise par le Service des cotisations et les Services de conformit\u00e9, vous pouvez demander une r\u00e9vision de la d\u00e9cision.\u202f Voici les \u00e9tapes du processus de r\u00e9vision.\u202f<\/p>\n\t\t\t\t\t\t\t\t<\/div>\n\t\t\t\t<\/div>\n\t\t\t\t<div class=\"elementor-element elementor-element-1330636 elementor-widget__width-initial elementor-widget elementor-widget-text-editor\" data-id=\"1330636\" data-element_type=\"widget\" data-e-type=\"widget\" data-widget_type=\"text-editor.default\">\n\t\t\t\t<div class=\"elementor-widget-container\">\n\t\t\t\t\t\t\t\t\t<h2><span class=\"g-font--big\">1. Communication avec le d\u00e9cideur<\/span><\/h2>\n<p>La premi\u00e8re \u00e9tape du processus de r\u00e9vision consiste \u00e0 communiquer avec le d\u00e9cideur pour discuter de la d\u00e9cision et tenter de parvenir \u00e0 un r\u00e8glement. Si vous disposez de nouvelles informations ou de renseignements suppl\u00e9mentaires auxquels le d\u00e9cideur n\u2019avait pas acc\u00e8s, transmettez-les-lui pour qu\u2019il puisse en tenir compte. Cette \u00e9tape permet de garantir que tous les renseignements sont connus et que vous comprenez les raisons \u00e0 l\u2019origine de la d\u00e9cision.\u202f<\/p>\t\t\t\t\t\t\t\t<\/div>\n\t\t\t\t<\/div>\n\t\t\t\t<div class=\"elementor-element elementor-element-014f033 elementor-widget__width-initial elementor-widget elementor-widget-text-editor\" data-id=\"014f033\" data-element_type=\"widget\" data-e-type=\"widget\" data-widget_type=\"text-editor.default\">\n\t\t\t\t<div class=\"elementor-widget-container\">\n\t\t\t\t\t\t\t\t\t<h2><span class=\"g-font--big\">2. Soumission d\u2019une demande de r\u00e9vision au Bureau de r\u00e9vision<\/span><\/h2><p>Si vous n\u2019\u00eates toujours pas satisfait apr\u00e8s avoir discut\u00e9 de la d\u00e9cision avec le d\u00e9cideur original, vous pouvez soumettre une demande de r\u00e9vision au Bureau de r\u00e9vision. Toutes les demandes de r\u00e9vision doivent \u00eatre soumises par \u00e9crit. Assurez-vous d\u2019indiquer votre num\u00e9ro de compte, le probl\u00e8me \u00e0 r\u00e9soudre et les renseignements qui doivent \u00eatre pris en compte au moment de r\u00e9viser la d\u00e9cision.\u202f\u00a0<\/p><p>M\u00e9thodes pour soumettre votre demande de r\u00e9vision\u00a0:\u202f\u00a0<\/p><ul><li>par courriel \u2013\u202f\u00a0<a href=\"mailto:ReviewOffice@wcb.mb.ca\"><strong>ReviewOffice@wcb.mb.ca<\/strong><\/a>\u00a0<\/li><li>par t\u00e9l\u00e9copieur \u2013 204-954-4999 ou sans frais 1-877-872-3804\u00a0<\/li><li>par la poste \u2013 333 Broadway, Winnipeg, MB\u202f R3C 4W3\u00a0<\/li><\/ul><p>Vous pouvez aussi utiliser le formulaire <a href=\"https:\/\/www.wcb.mb.ca\/uploads\/2025\/01\/0114.pdf\" target=\"_blank\" rel=\"noopener\">Demande de r\u00e9vision par l\u2019employeur<\/a> pour soumettre votre demande par \u00e9crit.\u00a0<\/p><p>Remarque\u00a0: Si votre compte pr\u00e9sente un solde d\u00fb durant le processus de r\u00e9vision, vous devez quand m\u00eame \u00e9mettre le paiement pour \u00e9viter les frais d\u2019int\u00e9r\u00eat. Les d\u00e9cisions qui se soldent par des corrections financi\u00e8res (c.-\u00e0-d. renversement ou r\u00e9duction des frais de p\u00e9nalit\u00e9) seront appliqu\u00e9es r\u00e9troactivement \u00e0 votre compte.\u202f<\/p>\t\t\t\t\t\t\t\t<\/div>\n\t\t\t\t<\/div>\n\t\t\t\t<div class=\"elementor-element elementor-element-b249009 elementor-widget__width-initial elementor-widget elementor-widget-text-editor\" data-id=\"b249009\" data-element_type=\"widget\" data-e-type=\"widget\" data-widget_type=\"text-editor.default\">\n\t\t\t\t<div class=\"elementor-widget-container\">\n\t\t\t\t\t\t\t\t\t<h2><span class=\"g-font--big\">3. Processus de r\u00e9vision\u202f<\/span><\/h2>\n<p>Une fois qu\u2019une demande de r\u00e9vision a \u00e9t\u00e9 attribu\u00e9e \u00e0 un agent de r\u00e9vision, une r\u00e9vision initiale de la r\u00e9clamation aura lieu. Les r\u00e9visions sont effectu\u00e9es dans l\u2019ordre o\u00f9 elles sont re\u00e7ues. Le Bureau de r\u00e9vision accusera r\u00e9ception de la demande de r\u00e9vision en informant le travailleur, l\u2019employeur et leurs repr\u00e9sentants autoris\u00e9s qu\u2019une demande de r\u00e9vision a \u00e9t\u00e9 re\u00e7ue. L\u2019autre partie a la possibilit\u00e9 de participer \u00e0 la r\u00e9vision. S\u2019ils choisissent de participer, un processus de partage des informations et de notification \u00e0 toutes les parties sera mis en place.&nbsp;<\/p>\n<p>Un examen initial sera effectu\u00e9 pour d\u00e9terminer si le Bureau de r\u00e9vision peut proc\u00e9der \u00e0 une r\u00e9vision de la situation. L\u2019agent de r\u00e9vision examine les renseignements mis \u00e0 sa disposition et d\u00e9termine si la question faisant l\u2019objet de l\u2019appel peut \u00eatre r\u00e9vis\u00e9e, si une enqu\u00eate plus approfondie est n\u00e9cessaire ou si de nouveaux renseignements qui n\u2019ont pas \u00e9t\u00e9 examin\u00e9s par le principal d\u00e9cideur ont \u00e9t\u00e9 re\u00e7us. Si une enqu\u00eate plus approfondie est n\u00e9cessaire ou si de nouveaux renseignements qui n\u2019ont pas \u00e9t\u00e9 pris en compte par le principal d\u00e9cideur ont \u00e9t\u00e9 re\u00e7us, la question faisant l\u2019objet de l\u2019appel sera renvoy\u00e9e au d\u00e9cideur initial. Ce dernier transmettra son avis par \u00e9crit dans une lettre de d\u00e9cision mise \u00e0 jour apr\u00e8s avoir men\u00e9 une enqu\u00eate plus approfondie et tenu compte des nouveaux renseignements fournis.&nbsp;<\/p>\n<p>Si de nouveaux renseignements sont soumis au cours du processus de r\u00e9vision, ils seront fournis aux parties participant \u00e0 la r\u00e9vision pour obtenir leur r\u00e9ponse avant la d\u00e9cision du Bureau de r\u00e9vision.&nbsp;<\/p>\n<p>Lorsqu\u2019une d\u00e9cision est prise par le Bureau de r\u00e9vision, une lettre d\u00e9crivant la d\u00e9cision, y compris les r\u00e9f\u00e9rences aux lois, les politiques et les motifs de la d\u00e9cision, est transmise.&nbsp;<\/p>\n<p>La dur\u00e9e peut varier, selon les questions faisant l\u2019objet de la r\u00e9vision, le partage d\u2019information ou la n\u00e9cessit\u00e9 de proc\u00e9der \u00e0 une enqu\u00eate plus approfondie. Le Bureau de r\u00e9vision s\u2019efforce de rendre la majorit\u00e9 des d\u00e9cisions dans les 60\u00a0jours suivant la date \u00e0 laquelle la demande de r\u00e9vision est inscrite au Bureau de r\u00e9vision.&nbsp;<\/p>\n<p>Si vous n\u2019\u00eates pas d\u2019accord avec la d\u00e9cision du Bureau de r\u00e9vision et que vous disposez de nouvelles informations qui n\u2019ont pas \u00e9t\u00e9 prises en compte pr\u00e9c\u00e9demment, vous pouvez soumettre une nouvelle demande de r\u00e9vision accompagn\u00e9e des nouvelles informations au Bureau de r\u00e9vision.&nbsp;<\/p>\n<p>Le Bureau de r\u00e9vision utilise les examens de dossiers pour statuer sur les appels. Veuillez consulter la\u202f<a href=\"https:\/\/www.wcb.mb.ca\/policies\/reconsiderations\/\">Politique\u00a020.10, R\u00e9visions<\/a>\u202fpour obtenir des renseignements suppl\u00e9mentaires.<\/p>\t\t\t\t\t\t\t\t<\/div>\n\t\t\t\t<\/div>\n\t\t\t\t<div class=\"elementor-element elementor-element-9e87db5 elementor-widget__width-initial elementor-widget elementor-widget-text-editor\" data-id=\"9e87db5\" data-element_type=\"widget\" data-e-type=\"widget\" data-widget_type=\"text-editor.default\">\n\t\t\t\t<div class=\"elementor-widget-container\">\n\t\t\t\t\t\t\t\t\t<h2>La Commission d\u2019appel<\/h2>\n<p>Si vous n\u2019\u00eates toujours pas satisfait de la d\u00e9cision du Bureau de r\u00e9vision, la derni\u00e8re option qui s\u2019offre \u00e0 vous consiste \u00e0 porter appel \u00e0 la Commission d\u2019appel.&nbsp;<\/p>\n<p>La Commission d\u2019appel est l\u2019instance supr\u00eame et la derni\u00e8re voie de recours pour toute d\u00e9cision pr\u00e9liminaire ou question de conformit\u00e9 ou d\u2019\u00e9valuation. Bien que la Commission d\u2019appel soit ind\u00e9pendante de la Commission des accidents du travail, elle est li\u00e9e par les r\u00e8gles \u00e9nonc\u00e9es dans la\u202f<em>Loi sur les accidents du travail<\/em>.&nbsp;<\/p>\n<p>Seules les questions pr\u00e9c\u00e9demment re\u00e7ues en appel par le Bureau de r\u00e9vision seront prises en consid\u00e9ration. Pour entamer le processus d\u2019appel aupr\u00e8s de la Commission d\u2019appel, demandez \u00e0 recevoir un formulaire d\u2019\u00e9valuation de l\u2019appel en t\u00e9l\u00e9phonant au coordinateur d\u2019ordonnancement au 204-925-6114 ou par t\u00e9l\u00e9copieur au 204-943-4393. \u00c0 l\u2019ext\u00e9rieur de Winnipeg, composez le num\u00e9ro sans frais.&nbsp;<\/p>\n<p>Visitez le\u202f<a href=\"https:\/\/www.appeal.mb.ca\/\" target=\"_blank\" rel=\"noopener\"><strong>site Web de la Commission d\u2019appel<\/strong><\/a>\u202fpour plus d\u2019informations.<\/p>\t\t\t\t\t\t\t\t<\/div>\n\t\t\t\t<\/div>\n\t\t\t\t<\/div>\n\t\t<div class=\"elementor-element elementor-element-4f6582a1 e-con-full e-flex e-con e-child\" data-id=\"4f6582a1\" data-element_type=\"container\" data-e-type=\"container\" data-settings=\"{&quot;background_background&quot;:&quot;classic&quot;}\">\n\t\t\t\t<div class=\"elementor-element elementor-element-1185fc95 elementor-widget elementor-widget-st-link-list\" data-id=\"1185fc95\" data-element_type=\"widget\" data-e-type=\"widget\" data-widget_type=\"st-link-list.default\">\n\t\t\t\t<div class=\"elementor-widget-container\">\n\t\t\t\t\t<div class=\"c-linkList c-linkList--default c-linkList--default\"><h2 class=\"c-linkList__title\"><span >Liens connexes<\/span><\/h2><div class=\"c-linkList__list\"><\/div><\/div>\t\t\t\t<\/div>\n\t\t\t\t<\/div>\n\t\t\t\t<div class=\"elementor-element elementor-element-7970fb9 elementor-widget elementor-widget-st-cats\" data-id=\"7970fb9\" data-element_type=\"widget\" data-e-type=\"widget\" data-widget_type=\"st-cats.default\">\n\t\t\t\t<div class=\"elementor-widget-container\">\n\t\t\t\t\t<div class=\"c-ctaList\"><\/div>\t\t\t\t<\/div>\n\t\t\t\t<\/div>\n\t\t\t\t<\/div>\n\t\t\t\t\t<\/div>\n\t\t\t\t<\/div>\n\t\t\t\t<\/div>\n\t\t","protected":false},"excerpt":{"rendered":"<p>Appels et r\u00e9visions Si vous \u00eates en d\u00e9saccord avec une d\u00e9cision prise par le Service des cotisations et les Services de conformit\u00e9, vous pouvez demander une r\u00e9vision de la d\u00e9cision.\u202f Voici les \u00e9tapes du processus de r\u00e9vision.\u202f 1. Communication avec le d\u00e9cideur La premi\u00e8re \u00e9tape du processus de r\u00e9vision consiste \u00e0 communiquer avec le d\u00e9cideur [&hellip;]<\/p>\n","protected":false},"author":1,"featured_media":0,"parent":19799,"menu_order":0,"comment_status":"closed","ping_status":"closed","template":"","meta":{"_acf_changed":false,"footnotes":""},"tags":[],"class_list":["post-19810","page","type-page","status-publish","hentry"],"acf":[],"_links":{"self":[{"href":"https:\/\/www.wcb.mb.ca\/fr\/wp-json\/wp\/v2\/pages\/19810","targetHints":{"allow":["GET"]}}],"collection":[{"href":"https:\/\/www.wcb.mb.ca\/fr\/wp-json\/wp\/v2\/pages"}],"about":[{"href":"https:\/\/www.wcb.mb.ca\/fr\/wp-json\/wp\/v2\/types\/page"}],"author":[{"embeddable":true,"href":"https:\/\/www.wcb.mb.ca\/fr\/wp-json\/wp\/v2\/users\/1"}],"replies":[{"embeddable":true,"href":"https:\/\/www.wcb.mb.ca\/fr\/wp-json\/wp\/v2\/comments?post=19810"}],"version-history":[{"count":4,"href":"https:\/\/www.wcb.mb.ca\/fr\/wp-json\/wp\/v2\/pages\/19810\/revisions"}],"predecessor-version":[{"id":25091,"href":"https:\/\/www.wcb.mb.ca\/fr\/wp-json\/wp\/v2\/pages\/19810\/revisions\/25091"}],"up":[{"embeddable":true,"href":"https:\/\/www.wcb.mb.ca\/fr\/wp-json\/wp\/v2\/pages\/19799"}],"wp:attachment":[{"href":"https:\/\/www.wcb.mb.ca\/fr\/wp-json\/wp\/v2\/media?parent=19810"}],"wp:term":[{"taxonomy":"post_tag","embeddable":true,"href":"https:\/\/www.wcb.mb.ca\/fr\/wp-json\/wp\/v2\/tags?post=19810"}],"curies":[{"name":"wp","href":"https:\/\/api.w.org\/{rel}","templated":true}]}}