{"id":19806,"date":"2024-12-11T13:21:31","date_gmt":"2024-12-11T18:21:31","guid":{"rendered":"https:\/\/www.wcb.mb.ca\/?page_id=19806"},"modified":"2026-01-14T15:48:27","modified_gmt":"2026-01-14T20:48:27","slug":"releves-des-transactions-de-la-reclamation","status":"publish","type":"page","link":"https:\/\/www.wcb.mb.ca\/fr\/employeurs\/reclamations-et-decisions-relatives-aux-reclamations\/releves-des-transactions-de-la-reclamation\/","title":{"rendered":"Relev\u00e9s des transactions de la r\u00e9clamation"},"content":{"rendered":"\t\t<div data-elementor-type=\"wp-page\" data-elementor-id=\"19806\" class=\"elementor elementor-19806 elementor-4397\" data-elementor-post-type=\"page\">\n\t\t\t\t<div class=\"elementor-element elementor-element-d755c0b e-flex e-con-boxed e-con e-parent\" data-id=\"d755c0b\" data-element_type=\"container\" data-e-type=\"container\">\n\t\t\t\t\t<div class=\"e-con-inner\">\n\t\t\t\t<div class=\"elementor-element elementor-element-598f6a0 elementor-widget elementor-widget-st-header-image\" data-id=\"598f6a0\" data-element_type=\"widget\" data-e-type=\"widget\" data-widget_type=\"st-header-image.default\">\n\t\t\t\t<div class=\"elementor-widget-container\">\n\t\t\t\t\t<div class=\"c-headerImage g-layout__padding c-headerImage--noImage\"><div class=\"c-headerImage__container g-layout__maxWidth\"><div class=\"c-headerImage__content\"><div ><h1>Relev\u00e9s des transactions de la r\u00e9clamation<\/h1><\/div><\/div><\/div><\/div>\t\t\t\t<\/div>\n\t\t\t\t<\/div>\n\t\t\t\t\t<\/div>\n\t\t\t\t<\/div>\n\t\t<div class=\"elementor-element elementor-element-115d1bc7 e-flex e-con-boxed e-con e-parent\" data-id=\"115d1bc7\" data-element_type=\"container\" data-e-type=\"container\">\n\t\t\t\t\t<div class=\"e-con-inner\">\n\t\t<div class=\"elementor-element elementor-element-25c793fd e-con-full e-flex e-con e-child\" data-id=\"25c793fd\" data-element_type=\"container\" data-e-type=\"container\">\n\t\t\t\t<div class=\"elementor-element elementor-element-3b7ac690 elementor-widget__width-initial elementor-widget elementor-widget-text-editor\" data-id=\"3b7ac690\" data-element_type=\"widget\" data-e-type=\"widget\" data-widget_type=\"text-editor.default\">\n\t\t\t\t<div class=\"elementor-widget-container\">\n\t\t\t\t\t\t\t\t\t<p>Si une demande de r\u00e9clamation d\u00e9pos\u00e9e par votre travailleur aupr\u00e8s de la WCB est en cours, vous recevrez un relev\u00e9 des transactions de la r\u00e9clamation pour chacun des mois au cours desquels la r\u00e9clamation est active. Le relev\u00e9 des transactions de la r\u00e9clamation vous donne un aper\u00e7u de tous vos co\u00fbts de r\u00e9clamation actuels.<\/p>\n<p>Si votre travailleur n\u2019a pas de dossier de r\u00e9clamation ouvert, vous ne recevrez pas de relev\u00e9s des transactions de la r\u00e9clamation.\u202f<\/p>\n<p>Le relev\u00e9 des transactions vous donne toutes les informations li\u00e9es \u00e0 vos r\u00e9clamations actives.\u202f<\/p>\n<p>\u202fSi un travailleur bless\u00e9 a besoin d\u2019aide m\u00e9dicale, les co\u00fbts figurent sur le relev\u00e9 des transactions de la r\u00e9clamation. Le relev\u00e9 des transactions vous indique aussi si vos co\u00fbts de r\u00e9clamation actuels seront utilis\u00e9s pour fixer vos futurs taux.\u202f<\/p>\n<p>&nbsp;<\/p>\n<h2>Co\u00fbts li\u00e9s aux r\u00e9clamations r\u00e9gl\u00e9es<\/h2>\n<p>Les co\u00fbts li\u00e9s aux r\u00e9clamations peuvent figurer sur votre relev\u00e9 des transactions jusqu\u2019\u00e0 un an apr\u00e8s leur r\u00e8glement en raison des calendriers de facturation. Ainsi, des co\u00fbts pour les traitements peuvent y figurer apr\u00e8s que le traitement ait \u00e9t\u00e9 re\u00e7u et que la r\u00e9clamation ait \u00e9t\u00e9 r\u00e9gl\u00e9e.\u202f<\/p>\n<p>Dans certains cas, des co\u00fbts peuvent aussi figurer sur le relev\u00e9 apr\u00e8s le r\u00e8glement d\u2019une r\u00e9clamation si le travailleur est devenu admissible \u00e0 une <a href=\"https:\/\/www.wcb.mb.ca\/fr\/travailleurs\/prestations-dindemnisation-des-travailleurs\/allocations-dincapacite-permanente\/\">allocation d\u2019invalidit\u00e9 permanente partielle<\/a> (IPP). Ces co\u00fbts ne figureront sur votre relev\u00e9 qu\u2019apr\u00e8s que le travailleur ait eu la chance de se r\u00e9tablir le plus possible. Le temps d\u2019attente minimal apr\u00e8s une blessure ou une chirurgie pour qu\u2019un travailleur soit admissible \u00e0 l\u2019IPP est d\u2019un an.\u202f<\/p>\n<p>&nbsp;<\/p>\n<h2>Co\u00fbts li\u00e9s aux r\u00e9clamations refus\u00e9es<\/h2>\n<p>Si le relev\u00e9 pr\u00e9sente des co\u00fbts pour une r\u00e9clamation refus\u00e9e ou rejet\u00e9e, il s\u2019agit probablement des co\u00fbts li\u00e9s \u00e0 la collecte des informations n\u00e9cessaires \u00e0 l\u2019examen de la demande et aux frais de d\u00e9claration des fournisseurs de soins de sant\u00e9.\u202f<\/p>\n<p>En g\u00e9n\u00e9ral, les co\u00fbts de r\u00e9clamations refus\u00e9es ne font pas partie du processus d\u2019\u00e9tablissement des taux et ne devraient donc pas avoir d\u2019incidence sur vos futures primes. Veuillez consulter votre relev\u00e9 des transactions pour savoir si les co\u00fbts seront utilis\u00e9s pour d\u00e9terminer vos taux.\u202f<\/p>\n<p>&nbsp;<\/p>\n<h2>J\u2019ai re\u00e7u un avis de r\u00e9clamation concernant un travailleur qui n\u2019est pas mon employ\u00e9.\u202f<\/h2>\n<p>L\u2019une des raisons suivantes peut expliquer pourquoi vous avez re\u00e7u un avis de r\u00e9clamation concernant une personne qui ne travaille pas pour vous.\u202f\u202f&nbsp;<\/p>\n<ul>\n<li><a href=\"https:\/\/www.wcb.mb.ca\/policies\/cost-transfer-individually-assessed-employers\/\">Transfert des co\u00fbts\u00a0:<\/a> Les co\u00fbts de r\u00e9clamation sont pass\u00e9s de l\u2019employeur chez lequel s\u2019est produit l\u2019incident \u00e0 un autre employeur pour lui \u00eatre factur\u00e9s.\u202f&nbsp;<\/li>\n<li>Si vous avez r\u00e9cemment achet\u00e9 une entreprise, vous h\u00e9ritez de toutes les r\u00e9clamations associ\u00e9es \u00e0 cette entreprise, y compris les co\u00fbts de r\u00e9clamation. Le travailleur peut avoir \u00e9t\u00e9 employ\u00e9 par l\u2019entreprise que vous avez achet\u00e9e.\u202f&nbsp;<\/li>\n<li>D\u2019anciennes r\u00e9clamations d\u2019un travailleur qui ne fait plus partie de votre masse salariale ont \u00e9t\u00e9 r\u00e9ouvertes. Nous vous encourageons \u00e0 <a href=\"https:\/\/www.wcb.mb.ca\/fr\/?page_id=1894\">appeler la WCB<\/a> pour savoir pourquoi. &nbsp;<\/li>\n<li data-leveltext=\"\uf0b7\" data-font=\"Symbol\" data-listid=\"14\" data-list-defn-props=\"{&quot;335552541&quot;:1,&quot;335559685&quot;:720,&quot;335559991&quot;:360,&quot;469769226&quot;:&quot;Symbol&quot;,&quot;469769242&quot;:[8226],&quot;469777803&quot;:&quot;left&quot;,&quot;469777804&quot;:&quot;\uf0b7&quot;,&quot;469777815&quot;:&quot;multilevel&quot;}\" aria-setsize=\"-1\" data-aria-posinset=\"1\" data-aria-level=\"1\">Une erreur de num\u00e9ro d\u2019entreprise pourrait s\u2019\u00eatre gliss\u00e9e et vous pourriez avoir re\u00e7u les co\u00fbts de r\u00e9clamation d\u2019une autre entreprise. <a href=\"https:\/\/www.wcb.mb.ca\/fr\/?page_id=1894\">Communiquez avec la WCB<\/a> pour corriger toute erreur.\u202f<\/li>\n<\/ul>\n<h2>Coordonn\u00e9es\u00a0:<\/h2>\n<p>Pour effectuer une r\u00e9clamation, faire le suivi d\u2019une r\u00e9clamation existante ou pour toute question de nature g\u00e9n\u00e9rale au sujet des r\u00e9clamations, communiquez avec le <a href=\"https:\/\/www.wcb.mb.ca\/fr\/?page_id=1894\">si\u00e8ge social de la WCB<\/a>.<\/p>\n\t\t\t\t\t\t\t\t<\/div>\n\t\t\t\t<\/div>\n\t\t\t\t<\/div>\n\t\t<div class=\"elementor-element elementor-element-255fe82d e-con-full e-flex e-con e-child\" data-id=\"255fe82d\" data-element_type=\"container\" data-e-type=\"container\" data-settings=\"{&quot;background_background&quot;:&quot;classic&quot;}\">\n\t\t\t\t<div class=\"elementor-element elementor-element-43771140 elementor-widget elementor-widget-st-link-list\" data-id=\"43771140\" data-element_type=\"widget\" data-e-type=\"widget\" data-widget_type=\"st-link-list.default\">\n\t\t\t\t<div class=\"elementor-widget-container\">\n\t\t\t\t\t<div class=\"c-linkList c-linkList--default c-linkList--default\"><h2 class=\"c-linkList__title\"><span >Liens connexes<\/span><\/h2><div class=\"c-linkList__list\"><\/div><\/div>\t\t\t\t<\/div>\n\t\t\t\t<\/div>\n\t\t\t\t<div class=\"elementor-element elementor-element-46f6073e elementor-widget elementor-widget-st-cats\" data-id=\"46f6073e\" data-element_type=\"widget\" data-e-type=\"widget\" data-widget_type=\"st-cats.default\">\n\t\t\t\t<div class=\"elementor-widget-container\">\n\t\t\t\t\t<div class=\"c-ctaList\"><\/div>\t\t\t\t<\/div>\n\t\t\t\t<\/div>\n\t\t\t\t<\/div>\n\t\t\t\t\t<\/div>\n\t\t\t\t<\/div>\n\t\t\t\t<\/div>\n\t\t","protected":false},"excerpt":{"rendered":"<p>Si une demande de r\u00e9clamation d\u00e9pos\u00e9e par votre travailleur aupr\u00e8s de la WCB est en cours, vous recevrez un relev\u00e9 des transactions de la r\u00e9clamation pour chacun des mois au cours desquels la r\u00e9clamation est active. Le relev\u00e9 des transactions de la r\u00e9clamation vous donne un aper\u00e7u de tous vos co\u00fbts de r\u00e9clamation actuels. Si [&hellip;]<\/p>\n","protected":false},"author":1,"featured_media":0,"parent":19799,"menu_order":0,"comment_status":"closed","ping_status":"closed","template":"","meta":{"_acf_changed":false,"footnotes":""},"tags":[],"class_list":["post-19806","page","type-page","status-publish","hentry"],"acf":[],"_links":{"self":[{"href":"https:\/\/www.wcb.mb.ca\/fr\/wp-json\/wp\/v2\/pages\/19806","targetHints":{"allow":["GET"]}}],"collection":[{"href":"https:\/\/www.wcb.mb.ca\/fr\/wp-json\/wp\/v2\/pages"}],"about":[{"href":"https:\/\/www.wcb.mb.ca\/fr\/wp-json\/wp\/v2\/types\/page"}],"author":[{"embeddable":true,"href":"https:\/\/www.wcb.mb.ca\/fr\/wp-json\/wp\/v2\/users\/1"}],"replies":[{"embeddable":true,"href":"https:\/\/www.wcb.mb.ca\/fr\/wp-json\/wp\/v2\/comments?post=19806"}],"version-history":[{"count":2,"href":"https:\/\/www.wcb.mb.ca\/fr\/wp-json\/wp\/v2\/pages\/19806\/revisions"}],"predecessor-version":[{"id":21776,"href":"https:\/\/www.wcb.mb.ca\/fr\/wp-json\/wp\/v2\/pages\/19806\/revisions\/21776"}],"up":[{"embeddable":true,"href":"https:\/\/www.wcb.mb.ca\/fr\/wp-json\/wp\/v2\/pages\/19799"}],"wp:attachment":[{"href":"https:\/\/www.wcb.mb.ca\/fr\/wp-json\/wp\/v2\/media?parent=19806"}],"wp:term":[{"taxonomy":"post_tag","embeddable":true,"href":"https:\/\/www.wcb.mb.ca\/fr\/wp-json\/wp\/v2\/tags?post=19806"}],"curies":[{"name":"wp","href":"https:\/\/api.w.org\/{rel}","templated":true}]}}