{"id":19804,"date":"2024-12-11T13:16:58","date_gmt":"2024-12-11T18:16:58","guid":{"rendered":"https:\/\/www.wcb.mb.ca\/?page_id=19804"},"modified":"2026-01-10T11:23:50","modified_gmt":"2026-01-10T16:23:50","slug":"gestion-des-indemnites-de-la-wcb-et-des-reclamations","status":"publish","type":"page","link":"https:\/\/www.wcb.mb.ca\/fr\/employeurs\/reclamations-et-decisions-relatives-aux-reclamations\/gestion-des-indemnites-de-la-wcb-et-des-reclamations\/","title":{"rendered":"Gestion des indemnit\u00e9s de la WCB et des r\u00e9clamations"},"content":{"rendered":"\t\t<div data-elementor-type=\"wp-page\" data-elementor-id=\"19804\" class=\"elementor elementor-19804 elementor-4392\" data-elementor-post-type=\"page\">\n\t\t\t\t<div class=\"elementor-element elementor-element-f192ddb e-flex e-con-boxed e-con e-parent\" data-id=\"f192ddb\" data-element_type=\"container\" data-e-type=\"container\">\n\t\t\t\t\t<div class=\"e-con-inner\">\n\t\t\t\t<div class=\"elementor-element elementor-element-5ca430c elementor-widget elementor-widget-st-header-image\" data-id=\"5ca430c\" data-element_type=\"widget\" data-e-type=\"widget\" data-widget_type=\"st-header-image.default\">\n\t\t\t\t<div class=\"elementor-widget-container\">\n\t\t\t\t\t<div class=\"c-headerImage g-layout__padding c-headerImage--noImage\"><div class=\"c-headerImage__container g-layout__maxWidth\"><div class=\"c-headerImage__content\"><div ><h1>Gestion des indemnit\u00e9s de la WCB et des r\u00e9clamations<\/h1><\/div><\/div><\/div><\/div>\t\t\t\t<\/div>\n\t\t\t\t<\/div>\n\t\t\t\t\t<\/div>\n\t\t\t\t<\/div>\n\t\t<div class=\"elementor-element elementor-element-1fda8901 e-flex e-con-boxed e-con e-parent\" data-id=\"1fda8901\" data-element_type=\"container\" data-e-type=\"container\">\n\t\t\t\t\t<div class=\"e-con-inner\">\n\t\t<div class=\"elementor-element elementor-element-7a8f69b e-con-full e-flex e-con e-child\" data-id=\"7a8f69b\" data-element_type=\"container\" data-e-type=\"container\">\n\t\t\t\t<div class=\"elementor-element elementor-element-a01a648 elementor-widget elementor-widget-text-editor\" data-id=\"a01a648\" data-element_type=\"widget\" data-e-type=\"widget\" data-widget_type=\"text-editor.default\">\n\t\t\t\t<div class=\"elementor-widget-container\">\n\t\t\t\t\t\t\t\t\t<h2>Gestion des indemnit\u00e9s de la WCB et des r\u00e9clamations<\/h2>\n<p>La WCB vous aide \u00e0 soutenir les travailleurs bless\u00e9s dans leur gu\u00e9rison et leur retour au travail, notamment en assumant les d\u00e9penses li\u00e9es \u00e0 la blessure du travailleur, y compris les soins m\u00e9dicaux et les pertes salariales.&nbsp;<\/p>\n<p>Les informations pr\u00e9sent\u00e9es ici vous aident \u00e0 mieux comprendre le processus de la WCB. Ces m\u00eames informations sont transmises au travailleur. Vous n\u2019avez donc pas \u00e0 leur expliquer le fonctionnement de la WCB.<\/p>\n\t\t\t\t\t\t\t\t<\/div>\n\t\t\t\t<\/div>\n\t\t\t\t<div class=\"elementor-element elementor-element-27c1155 elementor-widget elementor-widget-text-editor\" data-id=\"27c1155\" data-element_type=\"widget\" data-e-type=\"widget\" data-widget_type=\"text-editor.default\">\n\t\t\t\t<div class=\"elementor-widget-container\">\n\t\t\t\t\t\t\t\t\t<h2>Paiement<\/h2>\n<p>Si l\u2019agent d\u2019indemnisation accepte la r\u00e9clamation, votre travailleur peut s\u2019attendre \u00e0 recevoir des prestations, d\u00e9termin\u00e9es en fonction de son type de blessure et de son arr\u00eat de travail. En g\u00e9n\u00e9ral, nous tentons de prendre une d\u00e9cision et d\u2019indemniser le travailleur dans les 14\u00a0jours suivant l\u2019incident. Cependant, pour des cas plus complexes, ce d\u00e9lai peut \u00eatre plus long.<\/p>\n\t\t\t\t\t\t\t\t<\/div>\n\t\t\t\t<\/div>\n\t\t\t\t<div class=\"elementor-element elementor-element-7e8c8fd elementor-widget elementor-widget-text-editor\" data-id=\"7e8c8fd\" data-element_type=\"widget\" data-e-type=\"widget\" data-widget_type=\"text-editor.default\">\n\t\t\t\t<div class=\"elementor-widget-container\">\n\t\t\t\t\t\t\t\t\t<h2>Quelles d\u00e9penses la WCB assume-t-elle?<\/h2>\n<p>La protection de la WCB couvre les pertes salariales rattach\u00e9es au travail effectu\u00e9 l\u00e0 o\u00f9 l\u2019incident s\u2019est produit et \u00e0 d\u2019autres emplois que le travailleur pourrait occuper, mais qu\u2019il ne peut plus exercer en raison de sa blessure. Si votre travailleur touche des prestations d\u2019assurance-salaire rattach\u00e9es \u00e0 un autre emploi qu\u2019il occupe, un all\u00e9gement des co\u00fbts est appliqu\u00e9 pour \u00e9viter que ces co\u00fbts influent sur votre taux de la WCB et vos primes.<\/p>\n\t\t\t\t\t\t\t\t<\/div>\n\t\t\t\t<\/div>\n\t\t\t\t<div class=\"elementor-element elementor-element-b2d7c6d elementor-widget elementor-widget-text-editor\" data-id=\"b2d7c6d\" data-element_type=\"widget\" data-e-type=\"widget\" data-widget_type=\"text-editor.default\">\n\t\t\t\t<div class=\"elementor-widget-container\">\n\t\t\t\t\t\t\t\t\t<h2>Allocation d\u2019invalidit\u00e9 permanente partielle&nbsp;&nbsp;<\/h2>\n<p>Un travailleur qui subit une blessure li\u00e9e au travail ou une maladie professionnelle entra\u00eenant une dysfonction d\u2019une partie de son corps peut \u00eatre admissible \u00e0 une <a href=\"https:\/\/www.wcb.mb.ca\/fr\/travailleurs\/prestations-dindemnisation-des-travailleurs\/allocations-dincapacite-permanente\/\">allocation d\u2019invalidit\u00e9 permanente partielle<\/a> (IPP), en plus des autres indemnit\u00e9s de la WCB.<\/p>\n\t\t\t\t\t\t\t\t<\/div>\n\t\t\t\t<\/div>\n\t\t\t\t<div class=\"elementor-element elementor-element-b96bc18 elementor-widget elementor-widget-text-editor\" data-id=\"b96bc18\" data-element_type=\"widget\" data-e-type=\"widget\" data-widget_type=\"text-editor.default\">\n\t\t\t\t<div class=\"elementor-widget-container\">\n\t\t\t\t\t\t\t\t\t<h2>Pour quelles raisons une r\u00e9clamation est-elle transf\u00e9r\u00e9e d\u2019un agent d\u2019indemnisation \u00e0 un gestionnaire de cas?<\/h2>\n<p>Plusieurs raisons peuvent expliquer le transfert d\u2019une r\u00e9clamation \u00e0 un gestionnaire de cas\u00a0:&nbsp;<\/p>\n<ul>\n<li>La perte de salaire du travailleur s\u2019\u00e9tendra sur plus de huit semaines.&nbsp;<\/li>\n<li>La p\u00e9riode de gu\u00e9rison du travailleur est estim\u00e9e \u00e0 plus de 14\u00a0semaines.&nbsp;&nbsp;<\/li>\n<li>Aucun diagnostic clair n\u2019a \u00e9t\u00e9 \u00e9tabli apr\u00e8s quatre semaines de traitements re\u00e7us par le travailleur.&nbsp;<\/li>\n<li>La blessure du travailleur est grave ou conduit \u00e0 un d\u00e9c\u00e8s.&nbsp;<\/li>\n<li>Le travailleur pr\u00e9sente des signes de d\u00e9tresse psychologique ou de trouble \u00e9motionnel.&nbsp;<\/li>\n<li>La WCB et le fournisseur de soins de sant\u00e9 du travailleur ne s\u2019entendent pas sur une d\u00e9cision.&nbsp;<\/li>\n<\/ul>\n\t\t\t\t\t\t\t\t<\/div>\n\t\t\t\t<\/div>\n\t\t\t\t<div class=\"elementor-element elementor-element-1f809e7 elementor-widget elementor-widget-text-editor\" data-id=\"1f809e7\" data-element_type=\"widget\" data-e-type=\"widget\" data-widget_type=\"text-editor.default\">\n\t\t\t\t<div class=\"elementor-widget-container\">\n\t\t\t\t\t\t\t\t\t<h2>Comment puis-je savoir si la r\u00e9clamation de mon travailleur a \u00e9t\u00e9 transf\u00e9r\u00e9e d\u2019un agent d\u2019indemnisation \u00e0 un gestionnaire de cas?<\/h2>\n<p>Vous recevrez une lettre si la r\u00e9clamation de votre travailleur passe du statut de r\u00e9clamation \u00e0 court terme \u00e0 celui de gestion de cas. Le nom du gestionnaire de cas et ses coordonn\u00e9es seront indiqu\u00e9s dans la lettre.<\/p>\n\t\t\t\t\t\t\t\t<\/div>\n\t\t\t\t<\/div>\n\t\t\t\t<\/div>\n\t\t<div class=\"elementor-element elementor-element-1cb69df3 e-con-full e-flex e-con e-child\" data-id=\"1cb69df3\" data-element_type=\"container\" data-e-type=\"container\" data-settings=\"{&quot;background_background&quot;:&quot;classic&quot;}\">\n\t\t\t\t<div class=\"elementor-element elementor-element-58bfc52a elementor-widget elementor-widget-st-link-list\" data-id=\"58bfc52a\" data-element_type=\"widget\" data-e-type=\"widget\" data-widget_type=\"st-link-list.default\">\n\t\t\t\t<div class=\"elementor-widget-container\">\n\t\t\t\t\t<div class=\"c-linkList c-linkList--default c-linkList--default\"><h2 class=\"c-linkList__title\"><span >Liens connexes<\/span><\/h2><div class=\"c-linkList__list\"><\/div><\/div>\t\t\t\t<\/div>\n\t\t\t\t<\/div>\n\t\t\t\t<div class=\"elementor-element elementor-element-5733681d elementor-widget elementor-widget-st-cats\" data-id=\"5733681d\" data-element_type=\"widget\" data-e-type=\"widget\" data-widget_type=\"st-cats.default\">\n\t\t\t\t<div class=\"elementor-widget-container\">\n\t\t\t\t\t<div class=\"c-ctaList\"><\/div>\t\t\t\t<\/div>\n\t\t\t\t<\/div>\n\t\t\t\t<\/div>\n\t\t\t\t\t<\/div>\n\t\t\t\t<\/div>\n\t\t\t\t<\/div>\n\t\t","protected":false},"excerpt":{"rendered":"<p>Gestion des indemnit\u00e9s de la WCB et des r\u00e9clamations La WCB vous aide \u00e0 soutenir les travailleurs bless\u00e9s dans leur gu\u00e9rison et leur retour au travail, notamment en assumant les d\u00e9penses li\u00e9es \u00e0 la blessure du travailleur, y compris les soins m\u00e9dicaux et les pertes salariales.&nbsp; Les informations pr\u00e9sent\u00e9es ici vous aident \u00e0 mieux comprendre [&hellip;]<\/p>\n","protected":false},"author":1,"featured_media":0,"parent":19799,"menu_order":0,"comment_status":"closed","ping_status":"closed","template":"","meta":{"_acf_changed":false,"footnotes":""},"tags":[],"class_list":["post-19804","page","type-page","status-publish","hentry"],"acf":[],"_links":{"self":[{"href":"https:\/\/www.wcb.mb.ca\/fr\/wp-json\/wp\/v2\/pages\/19804","targetHints":{"allow":["GET"]}}],"collection":[{"href":"https:\/\/www.wcb.mb.ca\/fr\/wp-json\/wp\/v2\/pages"}],"about":[{"href":"https:\/\/www.wcb.mb.ca\/fr\/wp-json\/wp\/v2\/types\/page"}],"author":[{"embeddable":true,"href":"https:\/\/www.wcb.mb.ca\/fr\/wp-json\/wp\/v2\/users\/1"}],"replies":[{"embeddable":true,"href":"https:\/\/www.wcb.mb.ca\/fr\/wp-json\/wp\/v2\/comments?post=19804"}],"version-history":[{"count":2,"href":"https:\/\/www.wcb.mb.ca\/fr\/wp-json\/wp\/v2\/pages\/19804\/revisions"}],"predecessor-version":[{"id":21766,"href":"https:\/\/www.wcb.mb.ca\/fr\/wp-json\/wp\/v2\/pages\/19804\/revisions\/21766"}],"up":[{"embeddable":true,"href":"https:\/\/www.wcb.mb.ca\/fr\/wp-json\/wp\/v2\/pages\/19799"}],"wp:attachment":[{"href":"https:\/\/www.wcb.mb.ca\/fr\/wp-json\/wp\/v2\/media?parent=19804"}],"wp:term":[{"taxonomy":"post_tag","embeddable":true,"href":"https:\/\/www.wcb.mb.ca\/fr\/wp-json\/wp\/v2\/tags?post=19804"}],"curies":[{"name":"wp","href":"https:\/\/api.w.org\/{rel}","templated":true}]}}