{"id":19799,"date":"2024-12-11T13:08:07","date_gmt":"2024-12-11T18:08:07","guid":{"rendered":"https:\/\/www.wcb.mb.ca\/?page_id=19799"},"modified":"2026-01-14T14:25:52","modified_gmt":"2026-01-14T19:25:52","slug":"reclamations-et-decisions-relatives-aux-reclamations","status":"publish","type":"page","link":"https:\/\/www.wcb.mb.ca\/fr\/employeurs\/reclamations-et-decisions-relatives-aux-reclamations\/","title":{"rendered":"R\u00e9clamations et d\u00e9cisions relatives aux r\u00e9clamations"},"content":{"rendered":"\t\t<div data-elementor-type=\"wp-page\" data-elementor-id=\"19799\" class=\"elementor elementor-19799 elementor-4382\" data-elementor-post-type=\"page\">\n\t\t\t\t<div class=\"elementor-element elementor-element-6ce816c e-flex e-con-boxed e-con e-parent\" data-id=\"6ce816c\" data-element_type=\"container\" data-e-type=\"container\">\n\t\t\t\t\t<div class=\"e-con-inner\">\n\t\t\t\t<div class=\"elementor-element elementor-element-37d719c elementor-widget elementor-widget-st-header-image\" data-id=\"37d719c\" data-element_type=\"widget\" data-e-type=\"widget\" data-widget_type=\"st-header-image.default\">\n\t\t\t\t<div class=\"elementor-widget-container\">\n\t\t\t\t\t<div class=\"c-headerImage g-layout__padding c-headerImage--noImage\"><div class=\"c-headerImage__container g-layout__maxWidth\"><div class=\"c-headerImage__content\"><div ><h1>R\u00e9clamations et d\u00e9cisions relatives aux r\u00e9clamations<\/h1><\/div><\/div><\/div><\/div>\t\t\t\t<\/div>\n\t\t\t\t<\/div>\n\t\t\t\t\t<\/div>\n\t\t\t\t<\/div>\n\t\t<div class=\"elementor-element elementor-element-69ed71a4 e-flex e-con-boxed e-con e-parent\" data-id=\"69ed71a4\" data-element_type=\"container\" data-e-type=\"container\">\n\t\t\t\t\t<div class=\"e-con-inner\">\n\t\t<div class=\"elementor-element elementor-element-b867c39 e-con-full e-flex e-con e-child\" data-id=\"b867c39\" data-element_type=\"container\" data-e-type=\"container\">\n\t\t\t\t<div class=\"elementor-element elementor-element-185f762 elementor-widget__width-initial elementor-widget elementor-widget-text-editor\" data-id=\"185f762\" data-element_type=\"widget\" data-e-type=\"widget\" data-widget_type=\"text-editor.default\">\n\t\t\t\t<div class=\"elementor-widget-container\">\n\t\t\t\t\t\t\t\t\t<p><span lang=\"fr-ca\" data-contrast=\"auto\">La WCB vous aide \u00e0 soutenir le travailleur bless\u00e9 dans leur gu\u00e9rison et leur retour au travail,&nbsp;notamment en assumant les d\u00e9penses li\u00e9es \u00e0 la blessure du travailleur, y compris les soins m\u00e9dicaux et les pertes salariales.\u202f<\/span>&nbsp;<\/p>\n\t\t\t\t\t\t\t\t<\/div>\n\t\t\t\t<\/div>\n\t\t<div class=\"elementor-element elementor-element-1a04511b e-con-full e-grid e-con e-child\" data-id=\"1a04511b\" data-element_type=\"container\" data-e-type=\"container\">\n\t\t<div class=\"elementor-element elementor-element-4d9d36ea e-con-full e-flex e-con e-child\" data-id=\"4d9d36ea\" data-element_type=\"container\" data-e-type=\"container\" data-settings=\"{&quot;background_background&quot;:&quot;classic&quot;}\">\n\t\t\t\t<div class=\"elementor-element elementor-element-5549fbfd elementor-widget elementor-widget-text-editor\" data-id=\"5549fbfd\" data-element_type=\"widget\" data-e-type=\"widget\" data-widget_type=\"text-editor.default\">\n\t\t\t\t<div class=\"elementor-widget-container\">\n\t\t\t\t\t\t\t\t\t<p><span class=\"g-font--big\">Se connecter aux r\u00e9clamations en ligne<\/span><\/p>\n<p>Acc\u00e9dez aux renseignements sur votre r\u00e9clamation par l\u2019entremise du module de r\u00e9clamation en ligne de la WCB. Connectez-vous maintenant.<\/p>\n\t\t\t\t\t\t\t\t<\/div>\n\t\t\t\t<\/div>\n\t\t\t\t<div class=\"elementor-element elementor-element-3ae839dd elementor-button--arrow elementor-widget elementor-widget-button\" data-id=\"3ae839dd\" data-element_type=\"widget\" data-e-type=\"widget\" data-widget_type=\"button.default\">\n\t\t\t\t<div class=\"elementor-widget-container\">\n\t\t\t\t\t\t\t\t\t<div class=\"elementor-button-wrapper\">\n\t\t\t\t\t<a class=\"elementor-button elementor-button-link elementor-size-sm\" href=\"https:\/\/www.securewcb.mb.ca\/coresecurity\/login?returnUrl=https%3A%2F%2Fwww.securewcb.mb.ca%2Fclaimsonline%2Fdefault.htm\" target=\"_blank\" aria-label=\"Login to claims online\">\n\t\t\t\t\t\t<span class=\"elementor-button-content-wrapper\">\n\t\t\t\t\t\t\t\t\t<span class=\"elementor-button-text\">Ouverture de session<\/span>\n\t\t\t\t\t<\/span>\n\t\t\t\t\t<\/a>\n\t\t\t\t<\/div>\n\t\t\t\t\t\t\t\t<\/div>\n\t\t\t\t<\/div>\n\t\t\t\t<\/div>\n\t\t<div class=\"elementor-element elementor-element-5f8a0c0e e-con-full e-flex e-con e-child\" data-id=\"5f8a0c0e\" data-element_type=\"container\" data-e-type=\"container\" data-settings=\"{&quot;background_background&quot;:&quot;classic&quot;}\">\n\t\t\t\t<div class=\"elementor-element elementor-element-45b77603 elementor-widget elementor-widget-text-editor\" data-id=\"45b77603\" data-element_type=\"widget\" data-e-type=\"widget\" data-widget_type=\"text-editor.default\">\n\t\t\t\t<div class=\"elementor-widget-container\">\n\t\t\t\t\t\t\t\t\t<p><span class=\"g-font--big\">Relev\u00e9s des transactions de la r\u00e9clamation<\/span><\/p>\n<p>Si votre travailleur a un dossier de r\u00e9clamation actif aupr\u00e8s de la WCB, vous recevrez un relev\u00e9 des transactions de la r\u00e9clamation pour chacun des mois au cours desquels la r\u00e9clamation est active.<\/p>\n\t\t\t\t\t\t\t\t<\/div>\n\t\t\t\t<\/div>\n\t\t\t\t<div class=\"elementor-element elementor-element-70d1477c elementor-button--arrow elementor-widget elementor-widget-button\" data-id=\"70d1477c\" data-element_type=\"widget\" data-e-type=\"widget\" data-widget_type=\"button.default\">\n\t\t\t\t<div class=\"elementor-widget-container\">\n\t\t\t\t\t\t\t\t\t<div class=\"elementor-button-wrapper\">\n\t\t\t\t\t<a class=\"elementor-button elementor-button-link elementor-size-sm\" href=\"https:\/\/www.wcb.mb.ca\/fr\/employeurs\/reclamations-et-decisions-relatives-aux-reclamations\/releves-des-transactions-de-la-reclamation\/\" aria-label=\"Learn more about Claim transaction statements\">\n\t\t\t\t\t\t<span class=\"elementor-button-content-wrapper\">\n\t\t\t\t\t\t\t\t\t<span class=\"elementor-button-text\">Apprenez-en plus<\/span>\n\t\t\t\t\t<\/span>\n\t\t\t\t\t<\/a>\n\t\t\t\t<\/div>\n\t\t\t\t\t\t\t\t<\/div>\n\t\t\t\t<\/div>\n\t\t\t\t<div class=\"elementor-element elementor-element-70c13cc elementor-widget elementor-widget-spacer\" data-id=\"70c13cc\" data-element_type=\"widget\" data-e-type=\"widget\" data-widget_type=\"spacer.default\">\n\t\t\t\t<div class=\"elementor-widget-container\">\n\t\t\t\t\t\t\t<div class=\"elementor-spacer\">\n\t\t\t<div class=\"elementor-spacer-inner\"><\/div>\n\t\t<\/div>\n\t\t\t\t\t\t<\/div>\n\t\t\t\t<\/div>\n\t\t\t\t<div class=\"elementor-element elementor-element-cad732b elementor-widget elementor-widget-image\" data-id=\"cad732b\" data-element_type=\"widget\" data-e-type=\"widget\" data-widget_type=\"image.default\">\n\t\t\t\t<div class=\"elementor-widget-container\">\n\t\t\t\t\t\t\t\t\t\t\t\t\t\t\t<img fetchpriority=\"high\" decoding=\"async\" width=\"522\" height=\"348\" src=\"\/wp-content\/uploads\/2025\/03\/Trades_WomanMechanic_Alt_2024.jpg\" class=\"attachment-large size-large wp-image-19800\" alt=\"\" srcset=\"\/wp-content\/uploads\/2025\/03\/Trades_WomanMechanic_Alt_2024.jpg 522w, \/wp-content\/uploads\/2025\/03\/Trades_WomanMechanic_Alt_2024-300x200.jpg 300w\" sizes=\"(max-width: 522px) 100vw, 522px\" \/>\t\t\t\t\t\t\t\t\t\t\t\t\t\t\t<\/div>\n\t\t\t\t<\/div>\n\t\t\t\t<\/div>\n\t\t<div class=\"elementor-element elementor-element-eb0c1c5 e-con-full e-flex e-con e-child\" data-id=\"eb0c1c5\" data-element_type=\"container\" data-e-type=\"container\" data-settings=\"{&quot;background_background&quot;:&quot;classic&quot;}\">\n\t\t\t\t<div class=\"elementor-element elementor-element-7711cb4 elementor-widget elementor-widget-text-editor\" data-id=\"7711cb4\" data-element_type=\"widget\" data-e-type=\"widget\" data-widget_type=\"text-editor.default\">\n\t\t\t\t<div class=\"elementor-widget-container\">\n\t\t\t\t\t\t\t\t\t<p><span class=\"g-font--big\">D\u00e9cisions relatives \u00e0 une r\u00e9clamation<\/span><\/p>\n<p>Apprenez-en plus au sujet du processus de r\u00e9clamation et de la fa\u00e7on dont la WCB prend ses d\u00e9cisions.<\/p>\n\t\t\t\t\t\t\t\t<\/div>\n\t\t\t\t<\/div>\n\t\t\t\t<div class=\"elementor-element elementor-element-5fd3198 elementor-button--arrow elementor-widget elementor-widget-button\" data-id=\"5fd3198\" data-element_type=\"widget\" data-e-type=\"widget\" data-widget_type=\"button.default\">\n\t\t\t\t<div class=\"elementor-widget-container\">\n\t\t\t\t\t\t\t\t\t<div class=\"elementor-button-wrapper\">\n\t\t\t\t\t<a class=\"elementor-button elementor-button-link elementor-size-sm\" href=\"https:\/\/www.wcb.mb.ca\/fr\/employeurs\/reclamations-et-decisions-relatives-aux-reclamations\/releves-des-transactions-de-la-reclamation-2\/\" target=\"_blank\" aria-label=\"Learn more about Log into Claims Online now\">\n\t\t\t\t\t\t<span class=\"elementor-button-content-wrapper\">\n\t\t\t\t\t\t\t\t\t<span class=\"elementor-button-text\">Apprenez-en plus<\/span>\n\t\t\t\t\t<\/span>\n\t\t\t\t\t<\/a>\n\t\t\t\t<\/div>\n\t\t\t\t\t\t\t\t<\/div>\n\t\t\t\t<\/div>\n\t\t\t\t<\/div>\n\t\t<div class=\"elementor-element elementor-element-5096f164 e-con-full e-flex e-con e-child\" data-id=\"5096f164\" data-element_type=\"container\" data-e-type=\"container\" data-settings=\"{&quot;background_background&quot;:&quot;classic&quot;}\">\n\t\t\t\t<div class=\"elementor-element elementor-element-725ecba1 elementor-widget elementor-widget-text-editor\" data-id=\"725ecba1\" data-element_type=\"widget\" data-e-type=\"widget\" data-widget_type=\"text-editor.default\">\n\t\t\t\t<div class=\"elementor-widget-container\">\n\t\t\t\t\t\t\t\t\t<p><span class=\"g-font--big\">Appels et r\u00e9visions<\/span><\/p>\n<p>Si vous \u00eates en d\u00e9saccord avec une d\u00e9cision prise par le Service des cotisations et les Services de conformit\u00e9, vous pouvez demander une r\u00e9vision de la d\u00e9cision.\u202f<\/p>\n\t\t\t\t\t\t\t\t<\/div>\n\t\t\t\t<\/div>\n\t\t\t\t<div class=\"elementor-element elementor-element-6801720e elementor-button--arrow elementor-widget elementor-widget-button\" data-id=\"6801720e\" data-element_type=\"widget\" data-e-type=\"widget\" data-widget_type=\"button.default\">\n\t\t\t\t<div class=\"elementor-widget-container\">\n\t\t\t\t\t\t\t\t\t<div class=\"elementor-button-wrapper\">\n\t\t\t\t\t<a class=\"elementor-button elementor-button-link elementor-size-sm\" href=\"https:\/\/www.wcb.mb.ca\/fr\/employeurs\/reclamations-et-decisions-relatives-aux-reclamations\/appels-et-revisions\/\" aria-label=\"Learn more about Appeals and reconsiderations\">\n\t\t\t\t\t\t<span class=\"elementor-button-content-wrapper\">\n\t\t\t\t\t\t\t\t\t<span class=\"elementor-button-text\">Apprenez-en plus<\/span>\n\t\t\t\t\t<\/span>\n\t\t\t\t\t<\/a>\n\t\t\t\t<\/div>\n\t\t\t\t\t\t\t\t<\/div>\n\t\t\t\t<\/div>\n\t\t\t\t<\/div>\n\t\t<div class=\"elementor-element elementor-element-406a07e e-con-full e-flex e-con e-child\" data-id=\"406a07e\" data-element_type=\"container\" data-e-type=\"container\" data-settings=\"{&quot;background_background&quot;:&quot;classic&quot;}\">\n\t\t\t\t<div class=\"elementor-element elementor-element-6778112 elementor-widget elementor-widget-text-editor\" data-id=\"6778112\" data-element_type=\"widget\" data-e-type=\"widget\" data-widget_type=\"text-editor.default\">\n\t\t\t\t<div class=\"elementor-widget-container\">\n\t\t\t\t\t\t\t\t\t<p><span class=\"g-font--big\">Gestion des indemnit\u00e9s de la WCB et des r\u00e9clamations<\/span><\/p>\n<p>Consultez cette page pour mieux comprendre le processus de la WCB et comment aider votre travailleur bless\u00e9.<\/p>\n\t\t\t\t\t\t\t\t<\/div>\n\t\t\t\t<\/div>\n\t\t\t\t<div class=\"elementor-element elementor-element-0aaa069 elementor-button--arrow elementor-widget elementor-widget-button\" data-id=\"0aaa069\" data-element_type=\"widget\" data-e-type=\"widget\" data-widget_type=\"button.default\">\n\t\t\t\t<div class=\"elementor-widget-container\">\n\t\t\t\t\t\t\t\t\t<div class=\"elementor-button-wrapper\">\n\t\t\t\t\t<a class=\"elementor-button elementor-button-link elementor-size-sm\" href=\"https:\/\/www.wcb.mb.ca\/fr\/employeurs\/reclamations-et-decisions-relatives-aux-reclamations\/gestion-des-indemnites-de-la-wcb-et-des-reclamations\/\" aria-label=\"Learn more about WCB benefits and claims management\">\n\t\t\t\t\t\t<span class=\"elementor-button-content-wrapper\">\n\t\t\t\t\t\t\t\t\t<span class=\"elementor-button-text\">Apprenez-en plus<\/span>\n\t\t\t\t\t<\/span>\n\t\t\t\t\t<\/a>\n\t\t\t\t<\/div>\n\t\t\t\t\t\t\t\t<\/div>\n\t\t\t\t<\/div>\n\t\t\t\t<\/div>\n\t\t<div class=\"elementor-element elementor-element-6d355f69 e-con-full e-flex e-con e-child\" data-id=\"6d355f69\" data-element_type=\"container\" data-e-type=\"container\" data-settings=\"{&quot;background_background&quot;:&quot;classic&quot;}\">\n\t\t\t\t<div class=\"elementor-element elementor-element-138b3da4 elementor-widget elementor-widget-text-editor\" data-id=\"138b3da4\" data-element_type=\"widget\" data-e-type=\"widget\" data-widget_type=\"text-editor.default\">\n\t\t\t\t<div class=\"elementor-widget-container\">\n\t\t\t\t\t\t\t\t\t<p><span class=\"g-font--big\">Renseignements sur les r\u00e9clamations en ligne<\/span><\/p>\n<p>Acc\u00e9dez aux renseignements sur votre r\u00e9clamation par l\u2019entremise du module de r\u00e9clamation en ligne de la WCB<\/p>\n<p>Les employeurs peuvent consulter les renseignements sur les r\u00e9clamations en quelques clics gr\u00e2ce au&nbsp;module de r\u00e9clamation en ligne. Apprenez comment acc\u00e9der aux dates de transaction, aux types de d\u00e9penses, aux types de co\u00fbts, aux montants des co\u00fbts de r\u00e9clamation, au nombre de jours pay\u00e9s et bien plus encore.<\/p>\n\t\t\t\t\t\t\t\t<\/div>\n\t\t\t\t<\/div>\n\t\t\t\t<div class=\"elementor-element elementor-element-3cab2d09 elementor-button--arrow elementor-widget elementor-widget-button\" data-id=\"3cab2d09\" data-element_type=\"widget\" data-e-type=\"widget\" data-widget_type=\"button.default\">\n\t\t\t\t<div class=\"elementor-widget-container\">\n\t\t\t\t\t\t\t\t\t<div class=\"elementor-button-wrapper\">\n\t\t\t\t\t<a class=\"elementor-button elementor-button-link elementor-size-sm\" href=\"https:\/\/www.wcb.mb.ca\/fr\/employeurs\/reclamations-et-decisions-relatives-aux-reclamations\/reclamations-en-ligne\/\" aria-label=\"Learn more about Online claims information\">\n\t\t\t\t\t\t<span class=\"elementor-button-content-wrapper\">\n\t\t\t\t\t\t\t\t\t<span class=\"elementor-button-text\">Apprenez-en plus<\/span>\n\t\t\t\t\t<\/span>\n\t\t\t\t\t<\/a>\n\t\t\t\t<\/div>\n\t\t\t\t\t\t\t\t<\/div>\n\t\t\t\t<\/div>\n\t\t\t\t<\/div>\n\t\t<div class=\"elementor-element elementor-element-21ab9e6 e-con-full e-flex e-con e-child\" data-id=\"21ab9e6\" data-element_type=\"container\" data-e-type=\"container\" data-settings=\"{&quot;background_background&quot;:&quot;classic&quot;}\">\n\t\t\t\t<div class=\"elementor-element elementor-element-f2bd3aa elementor-widget elementor-widget-text-editor\" data-id=\"f2bd3aa\" data-element_type=\"widget\" data-e-type=\"widget\" data-widget_type=\"text-editor.default\">\n\t\t\t\t<div class=\"elementor-widget-container\">\n\t\t\t\t\t\t\t\t\t<p><span class=\"g-font--big\">Bureau des pratiques \u00e9quitables<\/span><\/p>\n<p>Le Bureau des pratiques \u00e9quitables est un ombudsman impartial rattach\u00e9 \u00e0 l\u2019organisation dont le mandat est de veiller \u00e0 ce que les pratiques de la WCB soient \u00e9quitables.&nbsp;<\/p>\n\t\t\t\t\t\t\t\t<\/div>\n\t\t\t\t<\/div>\n\t\t\t\t<div class=\"elementor-element elementor-element-fed1b85 elementor-button--arrow elementor-widget elementor-widget-button\" data-id=\"fed1b85\" data-element_type=\"widget\" data-e-type=\"widget\" data-widget_type=\"button.default\">\n\t\t\t\t<div class=\"elementor-widget-container\">\n\t\t\t\t\t\t\t\t\t<div class=\"elementor-button-wrapper\">\n\t\t\t\t\t<a class=\"elementor-button elementor-button-link elementor-size-sm\" href=\"https:\/\/www.wcb.mb.ca\/fr\/contact\/bureau-des-pratiques-equitables\/\" aria-label=\"Learn more about Fair Practices Office\">\n\t\t\t\t\t\t<span class=\"elementor-button-content-wrapper\">\n\t\t\t\t\t\t\t\t\t<span class=\"elementor-button-text\">Apprenez-en plus<\/span>\n\t\t\t\t\t<\/span>\n\t\t\t\t\t<\/a>\n\t\t\t\t<\/div>\n\t\t\t\t\t\t\t\t<\/div>\n\t\t\t\t<\/div>\n\t\t\t\t<\/div>\n\t\t\t\t<\/div>\n\t\t\t\t<div class=\"elementor-element elementor-element-09ea1d5 elementor-widget elementor-widget-text-editor\" data-id=\"09ea1d5\" data-element_type=\"widget\" data-e-type=\"widget\" data-widget_type=\"text-editor.default\">\n\t\t\t\t<div class=\"elementor-widget-container\">\n\t\t\t\t\t\t\t\t\t<h2>Coordonn\u00e9es\u00a0:<\/h2><p>Pour effectuer une r\u00e9clamation, faire le suivi d\u2019une r\u00e9clamation existante ou pour toute question de nature g\u00e9n\u00e9rale au sujet des r\u00e9clamations, communiquez avec le <a href=\"\/fr\/contact\/\">si\u00e8ge social de la WCB<\/a>.<\/p>\t\t\t\t\t\t\t\t<\/div>\n\t\t\t\t<\/div>\n\t\t\t\t<\/div>\n\t\t<div class=\"elementor-element elementor-element-4f96827d e-con-full e-flex e-con e-child\" data-id=\"4f96827d\" data-element_type=\"container\" data-e-type=\"container\" data-settings=\"{&quot;background_background&quot;:&quot;classic&quot;}\">\n\t\t\t\t<div class=\"elementor-element elementor-element-3ba43f60 elementor-widget elementor-widget-st-link-list\" data-id=\"3ba43f60\" data-element_type=\"widget\" data-e-type=\"widget\" data-widget_type=\"st-link-list.default\">\n\t\t\t\t<div class=\"elementor-widget-container\">\n\t\t\t\t\t<div class=\"c-linkList c-linkList--default c-linkList--default\"><h2 class=\"c-linkList__title\"><span >Liens connexes<\/span><\/h2><div class=\"c-linkList__list\"><\/div><\/div>\t\t\t\t<\/div>\n\t\t\t\t<\/div>\n\t\t\t\t<div class=\"elementor-element elementor-element-51fdc37e elementor-widget elementor-widget-st-cats\" data-id=\"51fdc37e\" data-element_type=\"widget\" data-e-type=\"widget\" data-widget_type=\"st-cats.default\">\n\t\t\t\t<div class=\"elementor-widget-container\">\n\t\t\t\t\t<div class=\"c-ctaList\"><\/div>\t\t\t\t<\/div>\n\t\t\t\t<\/div>\n\t\t\t\t<\/div>\n\t\t\t\t\t<\/div>\n\t\t\t\t<\/div>\n\t\t\t\t<\/div>\n\t\t","protected":false},"excerpt":{"rendered":"<p>R\u00e9clamations et d\u00e9cisions relatives aux r\u00e9clamations La WCB vous aide \u00e0 soutenir le travailleur bless\u00e9 dans leur gu\u00e9rison et leur retour au travail,&nbsp;notamment en assumant les d\u00e9penses li\u00e9es \u00e0 la blessure du travailleur, y compris les soins m\u00e9dicaux et les pertes salariales.\u202f&nbsp; Se connecter aux r\u00e9clamations en ligne Acc\u00e9dez aux renseignements sur votre r\u00e9clamation par [&hellip;]<\/p>\n","protected":false},"author":1,"featured_media":0,"parent":835,"menu_order":0,"comment_status":"closed","ping_status":"closed","template":"","meta":{"_acf_changed":false,"footnotes":""},"tags":[36],"class_list":["post-19799","page","type-page","status-publish","hentry","tag-robot-conversationnel-masque"],"acf":[],"_links":{"self":[{"href":"https:\/\/www.wcb.mb.ca\/fr\/wp-json\/wp\/v2\/pages\/19799","targetHints":{"allow":["GET"]}}],"collection":[{"href":"https:\/\/www.wcb.mb.ca\/fr\/wp-json\/wp\/v2\/pages"}],"about":[{"href":"https:\/\/www.wcb.mb.ca\/fr\/wp-json\/wp\/v2\/types\/page"}],"author":[{"embeddable":true,"href":"https:\/\/www.wcb.mb.ca\/fr\/wp-json\/wp\/v2\/users\/1"}],"replies":[{"embeddable":true,"href":"https:\/\/www.wcb.mb.ca\/fr\/wp-json\/wp\/v2\/comments?post=19799"}],"version-history":[{"count":5,"href":"https:\/\/www.wcb.mb.ca\/fr\/wp-json\/wp\/v2\/pages\/19799\/revisions"}],"predecessor-version":[{"id":22529,"href":"https:\/\/www.wcb.mb.ca\/fr\/wp-json\/wp\/v2\/pages\/19799\/revisions\/22529"}],"up":[{"embeddable":true,"href":"https:\/\/www.wcb.mb.ca\/fr\/wp-json\/wp\/v2\/pages\/835"}],"wp:attachment":[{"href":"https:\/\/www.wcb.mb.ca\/fr\/wp-json\/wp\/v2\/media?parent=19799"}],"wp:term":[{"taxonomy":"post_tag","embeddable":true,"href":"https:\/\/www.wcb.mb.ca\/fr\/wp-json\/wp\/v2\/tags?post=19799"}],"curies":[{"name":"wp","href":"https:\/\/api.w.org\/{rel}","templated":true}]}}