{"id":19797,"date":"2024-11-22T11:00:19","date_gmt":"2024-11-22T16:00:19","guid":{"rendered":"https:\/\/www.wcb.mb.ca\/?page_id=19797"},"modified":"2026-02-09T16:51:16","modified_gmt":"2026-02-09T21:51:16","slug":"achat-fusion-ou-changement-a-la-structure-juridique-dune-entreprise","status":"publish","type":"page","link":"https:\/\/www.wcb.mb.ca\/fr\/employeurs\/changements-a-une-entreprise\/achat-fusion-ou-changement-a-la-structure-juridique-dune-entreprise\/","title":{"rendered":"Achat, fusion ou changement \u00e0 la structure juridique d\u2019une entreprise"},"content":{"rendered":"\t\t<div data-elementor-type=\"wp-page\" data-elementor-id=\"19797\" class=\"elementor elementor-19797 elementor-2381\" data-elementor-post-type=\"page\">\n\t\t\t\t<div class=\"elementor-element elementor-element-b319e9d e-flex e-con-boxed e-con e-parent\" data-id=\"b319e9d\" data-element_type=\"container\" data-e-type=\"container\">\n\t\t\t\t\t<div class=\"e-con-inner\">\n\t\t\t\t<div class=\"elementor-element elementor-element-8eacaa6 elementor-widget elementor-widget-st-header-image\" data-id=\"8eacaa6\" data-element_type=\"widget\" data-e-type=\"widget\" data-widget_type=\"st-header-image.default\">\n\t\t\t\t<div class=\"elementor-widget-container\">\n\t\t\t\t\t<div class=\"c-headerImage g-layout__padding c-headerImage--noImage\"><div class=\"c-headerImage__container g-layout__maxWidth\"><div class=\"c-headerImage__content\"><div ><h1>Achat, fusion ou changement \u00e0 la structure juridique d\u2019une entreprise<\/h1><\/div><\/div><\/div><\/div>\t\t\t\t<\/div>\n\t\t\t\t<\/div>\n\t\t\t\t\t<\/div>\n\t\t\t\t<\/div>\n\t\t<div class=\"elementor-element elementor-element-1c7271c e-flex e-con-boxed e-con e-parent\" data-id=\"1c7271c\" data-element_type=\"container\" data-e-type=\"container\">\n\t\t\t\t\t<div class=\"e-con-inner\">\n\t\t<div class=\"elementor-element elementor-element-29307a8 e-con-full e-flex e-con e-child\" data-id=\"29307a8\" data-element_type=\"container\" data-e-type=\"container\">\n\t\t\t\t<div class=\"elementor-element elementor-element-29c93e3 elementor-widget__width-initial elementor-widget elementor-widget-text-editor\" data-id=\"29c93e3\" data-element_type=\"widget\" data-e-type=\"widget\" data-widget_type=\"text-editor.default\">\n\t\t\t\t<div class=\"elementor-widget-container\">\n\t\t\t\t\t\t\t\t\t<p>Lorsque votre entreprise change, il est important d\u2019en informer la WCB. Les changements \u00e0 l\u2019entreprise peuvent avoir une incidence sur votre protection, votre exp\u00e9rience des co\u00fbts de r\u00e9clamation, votre cat\u00e9gorie d\u2019industrie, votre taux et vos primes de la WCB.<\/p>\n\t\t\t\t\t\t\t\t<\/div>\n\t\t\t\t<\/div>\n\t\t\t\t<div class=\"elementor-element elementor-element-5bd8b3d elementor-widget elementor-widget-text-editor\" data-id=\"5bd8b3d\" data-element_type=\"widget\" data-e-type=\"widget\" data-widget_type=\"text-editor.default\">\n\t\t\t\t<div class=\"elementor-widget-container\">\n\t\t\t\t\t\t\t\t\t<h2>Acheter une entreprise<\/h2>\n<p>La plupart du temps, lorsque vous achetez une entreprise au Manitoba, l\u2019historique du compte de cette entreprise avec la WCB vous est aussi transf\u00e9r\u00e9. Cela inclut l\u2019exp\u00e9rience des co\u00fbts de r\u00e9clamation et le taux de la WCB de cette entreprise.<\/p>\n<p>&nbsp;<\/p>\n<h3>Vous assurer que l\u2019entreprise du vendeur est en r\u00e8gle aupr\u00e8s de la WCB<\/h3>\n<p>Le vendeur devrait vous remettre un certificat attestant l\u2019ali\u00e9nation de l\u2019entreprise commerciale fourni par la WCB. Ce certificat confirme que l\u2019entreprise n\u2019a aucune dette impay\u00e9e chez nous.<\/p>\n<p>Si vous n\u2019obtenez pas ce certificat, vous pourriez \u00eatre tenu responsable des sommes dues par le vendeur.<\/p>\n<p>&nbsp;<\/p>\n<h3>Faire une demande d\u2019ouverture de compte \u00e0 la WCB<\/h3>\n<p>Une fois les documents remplis et l\u2019achat de l\u2019entreprise conclu, vous devez <a href=\"https:\/\/www.securewcb.mb.ca\/registrationrequest\/default.htm\" target=\"_blank\" rel=\"noopener\">pr\u00e9senter une demande pour faire ouvrir votre propre compte \u00e0 la WCB<\/a> pour fournir une assurance contre les accidents du travail \u00e0 vos travailleurs.<\/p>\n<p>&nbsp;<\/p>\n<h3>Types d\u2019acquisition d\u2019entreprise\u00a0: actions versus actifs<\/h3>\n<p>Lorsque vous mentionnez \u00e0 la WCB que vous achetez une entreprise, vous devez pouvoir indiquer si vous achetez les actions de l\u2019entreprise ou ses actifs.<\/p>\n<p>Une acquisition des actifs concerne l\u2019achat de certains des actifs de l\u2019entreprise ou de tous ses actifs. Le terrain, les b\u00e2timents, la machinerie, les stocks, les contrats, les dossiers et la propri\u00e9t\u00e9 intellectuelle sont des exemples d\u2019actifs courants.<\/p>\n<p>Lorsque la majorit\u00e9 des actifs sont vendus, l\u2019exp\u00e9rience des co\u00fbts de r\u00e9clamation et le taux de la WCB sont aussi transf\u00e9r\u00e9s au nouveau propri\u00e9taire.<\/p>\n<p>Dans le cas d\u2019une acquisition des actions, l\u2019acheteur fait l\u2019achat des actions de la soci\u00e9t\u00e9 et en devient un propri\u00e9taire. Tous les actifs de l\u2019entreprise demeurent dans l\u2019entreprise; c\u2019est le propri\u00e9taire de l\u2019entreprise qui change. \u00c0 titre de nouveau propri\u00e9taire de l\u2019entreprise, vous devez vous assurer d\u2019avoir la bonne couverture d\u2019indemnisation des travailleurs. Vous devez aussi veiller \u00e0 ce que l\u2019estimation de la masse salariale soit exacte pour l\u2019ann\u00e9e civile.<\/p>\n<p>&nbsp;<\/p>\n<h3>Changements aux op\u00e9rations commerciales apr\u00e8s l\u2019acquisition<\/h3>\n<p>Si vous ne g\u00e9rez pas les activit\u00e9s de l\u2019entreprise de la m\u00eame mani\u00e8re que son propri\u00e9taire pr\u00e9c\u00e9dent, les diff\u00e9rences pourraient justifier certains changements \u00e0 votre compte de la WCB.<\/p>\n<p>Communiquez avec le <a href=\"https:\/\/www.wcb.mb.ca\/fr\/coordonnees\/\">Service des cotisations<\/a> pour savoir si des changements doivent \u00eatre apport\u00e9s \u00e0 votre nouvelle entreprise.<\/p>\n\t\t\t\t\t\t\t\t<\/div>\n\t\t\t\t<\/div>\n\t\t\t\t<div class=\"elementor-element elementor-element-843c49d elementor-widget elementor-widget-text-editor\" data-id=\"843c49d\" data-element_type=\"widget\" data-e-type=\"widget\" data-widget_type=\"text-editor.default\">\n\t\t\t\t<div class=\"elementor-widget-container\">\n\t\t\t\t\t\t\t\t\t<h2>Fusions&nbsp;<\/h2>\n<p>Si votre entreprise fait l\u2019objet d\u2019une fusion, la WCB r\u00e9visera les cat\u00e9gories, les co\u00fbts et l\u2019exp\u00e9rience des co\u00fbts de r\u00e9clamation et les taux de la WCB pour tous les comptes concern\u00e9s. Nous aurons aussi besoin des documents juridiques entourant la fusion. Le nouveau taux de la WCB pour l\u2019entreprise fusionn\u00e9e sera calcul\u00e9 en fonction des facteurs suivants.&nbsp;<\/p>\n\t\t\t\t\t\t\t\t<\/div>\n\t\t\t\t<\/div>\n\t\t\t\t<div class=\"elementor-element elementor-element-9e5e8e9 elementor-widget elementor-widget-text-editor\" data-id=\"9e5e8e9\" data-element_type=\"widget\" data-e-type=\"widget\" data-widget_type=\"text-editor.default\">\n\t\t\t\t<div class=\"elementor-widget-container\">\n\t\t\t\t\t\t\t\t\t<h2>Changement \u00e0 la structure juridique&nbsp;<\/h2>\n<p>Si vous passez de l\u2019une des structures juridiques suivantes \u00e0 une autre, vous devez aviser la WCB\u00a0:&nbsp;<\/p>\n<ul>\n<li>propri\u00e9taires uniques&nbsp;<\/li>\n<li>partenariats&nbsp;<\/li>\n<li>partenariats juridiques&nbsp;<\/li>\n<li>soci\u00e9t\u00e9s&nbsp;<\/li>\n<\/ul>\n<h3>L\u2019incidence de la propri\u00e9t\u00e9 d\u2019entreprise sur la protection de la WCB&nbsp;<\/h3>\n<p>Si des employ\u00e9s ou des membres de votre famille deviennent propri\u00e9taires d\u2019une partie de votre entreprise, ces personnes n\u2019auront plus droit \u00e0 la protection standard de la WCB pour les travailleurs. Une fois que ces personnes sont consid\u00e9r\u00e9es comme des propri\u00e9taires d\u2019entreprise, elles ne b\u00e9n\u00e9ficient plus de la protection \u00e0 titre de travailleur et n\u2019ont plus acc\u00e8s aux indemnit\u00e9s de la WCB si elles se blessent au travail.<\/p>\n<p><span style=\"text-align: var(--text-align);\">Les propri\u00e9taires peuvent faire l\u2019achat d\u2019une protection personnelle pour se prot\u00e9ger en cas d\u2019accident au travail.<\/span><\/p>\n<p><span style=\"text-align: var(--text-align);\">Apprenez-en plus au sujet de la <a href=\"https:\/\/www.wcb.mb.ca\/fr\/employeurs\/protection-facultative\/\">protection personnelle pour les propri\u00e9taires d\u2019entreprise<\/a>.<\/span><\/p>\n\t\t\t\t\t\t\t\t<\/div>\n\t\t\t\t<\/div>\n\t\t\t\t<div class=\"elementor-element elementor-element-0882f0e elementor-widget elementor-widget-text-editor\" data-id=\"0882f0e\" data-element_type=\"widget\" data-e-type=\"widget\" data-widget_type=\"text-editor.default\">\n\t\t\t\t<div class=\"elementor-widget-container\">\n\t\t\t\t\t\t\t\t\t<h2>Coordonn\u00e9es<\/h2>\n<p>Pour mettre \u00e0 jour les coordonn\u00e9es li\u00e9es \u00e0 votre compte \u00e0 tout moment durant l\u2019ann\u00e9e, <a href=\"https:\/\/www.wcb.mb.ca\/fr\/coordonnees\/\">communiquez avec notre Service des cotisations<\/a>.<\/p>\n\t\t\t\t\t\t\t\t<\/div>\n\t\t\t\t<\/div>\n\t\t\t\t<\/div>\n\t\t<div class=\"elementor-element elementor-element-cc04b98 e-con-full e-flex e-con e-child\" data-id=\"cc04b98\" data-element_type=\"container\" data-e-type=\"container\" data-settings=\"{&quot;background_background&quot;:&quot;classic&quot;}\">\n\t\t\t\t<div class=\"elementor-element elementor-element-dececf2 elementor-widget elementor-widget-st-link-list\" data-id=\"dececf2\" data-element_type=\"widget\" data-e-type=\"widget\" data-widget_type=\"st-link-list.default\">\n\t\t\t\t<div class=\"elementor-widget-container\">\n\t\t\t\t\t<div class=\"c-linkList c-linkList--default c-linkList--default\"><h2 class=\"c-linkList__title\"><span >Liens connexes<\/span><\/h2><div class=\"c-linkList__list\"><\/div><\/div>\t\t\t\t<\/div>\n\t\t\t\t<\/div>\n\t\t\t\t<div class=\"elementor-element elementor-element-5428cc8 elementor-widget elementor-widget-st-cats\" data-id=\"5428cc8\" data-element_type=\"widget\" data-e-type=\"widget\" data-widget_type=\"st-cats.default\">\n\t\t\t\t<div class=\"elementor-widget-container\">\n\t\t\t\t\t<div class=\"c-ctaList\"><\/div>\t\t\t\t<\/div>\n\t\t\t\t<\/div>\n\t\t\t\t<\/div>\n\t\t\t\t\t<\/div>\n\t\t\t\t<\/div>\n\t\t\t\t<\/div>\n\t\t","protected":false},"excerpt":{"rendered":"<p>Lorsque votre entreprise change, il est important d\u2019en informer la WCB. Les changements \u00e0 l\u2019entreprise peuvent avoir une incidence sur votre protection, votre exp\u00e9rience des co\u00fbts de r\u00e9clamation, votre cat\u00e9gorie d\u2019industrie, votre taux et vos primes de la WCB. Acheter une entreprise La plupart du temps, lorsque vous achetez une entreprise au Manitoba, l\u2019historique du [&hellip;]<\/p>\n","protected":false},"author":1,"featured_media":0,"parent":20073,"menu_order":0,"comment_status":"closed","ping_status":"closed","template":"","meta":{"_acf_changed":false,"footnotes":""},"tags":[],"class_list":["post-19797","page","type-page","status-publish","hentry"],"acf":[],"_links":{"self":[{"href":"https:\/\/www.wcb.mb.ca\/fr\/wp-json\/wp\/v2\/pages\/19797","targetHints":{"allow":["GET"]}}],"collection":[{"href":"https:\/\/www.wcb.mb.ca\/fr\/wp-json\/wp\/v2\/pages"}],"about":[{"href":"https:\/\/www.wcb.mb.ca\/fr\/wp-json\/wp\/v2\/types\/page"}],"author":[{"embeddable":true,"href":"https:\/\/www.wcb.mb.ca\/fr\/wp-json\/wp\/v2\/users\/1"}],"replies":[{"embeddable":true,"href":"https:\/\/www.wcb.mb.ca\/fr\/wp-json\/wp\/v2\/comments?post=19797"}],"version-history":[{"count":5,"href":"https:\/\/www.wcb.mb.ca\/fr\/wp-json\/wp\/v2\/pages\/19797\/revisions"}],"predecessor-version":[{"id":23233,"href":"https:\/\/www.wcb.mb.ca\/fr\/wp-json\/wp\/v2\/pages\/19797\/revisions\/23233"}],"up":[{"embeddable":true,"href":"https:\/\/www.wcb.mb.ca\/fr\/wp-json\/wp\/v2\/pages\/20073"}],"wp:attachment":[{"href":"https:\/\/www.wcb.mb.ca\/fr\/wp-json\/wp\/v2\/media?parent=19797"}],"wp:term":[{"taxonomy":"post_tag","embeddable":true,"href":"https:\/\/www.wcb.mb.ca\/fr\/wp-json\/wp\/v2\/tags?post=19797"}],"curies":[{"name":"wp","href":"https:\/\/api.w.org\/{rel}","templated":true}]}}