{"id":19795,"date":"2024-11-22T10:52:55","date_gmt":"2024-11-22T15:52:55","guid":{"rendered":"https:\/\/www.wcb.mb.ca\/?page_id=19795"},"modified":"2026-01-14T15:48:26","modified_gmt":"2026-01-14T20:48:26","slug":"mettre-a-jour-mes-activites-commerciales","status":"publish","type":"page","link":"https:\/\/www.wcb.mb.ca\/fr\/employeurs\/changements-a-une-entreprise\/mettre-a-jour-mes-activites-commerciales\/","title":{"rendered":"Mettre \u00e0 jour mes activit\u00e9s commerciales"},"content":{"rendered":"\t\t<div data-elementor-type=\"wp-page\" data-elementor-id=\"19795\" class=\"elementor elementor-19795 elementor-2375\" data-elementor-post-type=\"page\">\n\t\t\t\t<div class=\"elementor-element elementor-element-6d87bb8 e-flex e-con-boxed e-con e-parent\" data-id=\"6d87bb8\" data-element_type=\"container\" data-e-type=\"container\">\n\t\t\t\t\t<div class=\"e-con-inner\">\n\t\t\t\t<div class=\"elementor-element elementor-element-9df47b5 elementor-widget elementor-widget-st-header-image\" data-id=\"9df47b5\" data-element_type=\"widget\" data-e-type=\"widget\" data-widget_type=\"st-header-image.default\">\n\t\t\t\t<div class=\"elementor-widget-container\">\n\t\t\t\t\t<div class=\"c-headerImage g-layout__padding c-headerImage--noImage\"><div class=\"c-headerImage__container g-layout__maxWidth\"><div class=\"c-headerImage__content\"><div ><h1>Mettre \u00e0 jour mes activit\u00e9s commerciales<\/h1><\/div><\/div><\/div><\/div>\t\t\t\t<\/div>\n\t\t\t\t<\/div>\n\t\t\t\t\t<\/div>\n\t\t\t\t<\/div>\n\t\t<div class=\"elementor-element elementor-element-9c13a11 e-flex e-con-boxed e-con e-parent\" data-id=\"9c13a11\" data-element_type=\"container\" data-e-type=\"container\">\n\t\t\t\t\t<div class=\"e-con-inner\">\n\t\t<div class=\"elementor-element elementor-element-8959753 e-con-full e-flex e-con e-child\" data-id=\"8959753\" data-element_type=\"container\" data-e-type=\"container\">\n\t\t\t\t<div class=\"elementor-element elementor-element-9046150 elementor-widget__width-initial elementor-widget elementor-widget-text-editor\" data-id=\"9046150\" data-element_type=\"widget\" data-e-type=\"widget\" data-widget_type=\"text-editor.default\">\n\t\t\t\t<div class=\"elementor-widget-container\">\n\t\t\t\t\t\t\t\t\t<h2>Mettre \u00e0 jour les activit\u00e9s commerciales<\/h2>\n<p>Lorsque vos activit\u00e9s commerciales changent, il est important de communiquer avec la WCB. Vos activit\u00e9s commerciales correspondent au type de travail que votre entreprise effectue au quotidien. Si ce travail change, en passant par exemple de l\u2019am\u00e9nagement paysager \u00e0 l\u2019agriculture, vous devez en informer la WCB puisque ce changement a des r\u00e9percussions sur votre <a href=\"https:\/\/www.wcb.mb.ca\/fr\/employeurs\/primes-et-masse-salariale\/categories-dindustrie\/\">cat\u00e9gorie d\u2019industrie<\/a>.<\/p>\n\t\t\t\t\t\t\t\t<\/div>\n\t\t\t\t<\/div>\n\t\t\t\t<div class=\"elementor-element elementor-element-c1fe9c2 elementor-widget elementor-widget-text-editor\" data-id=\"c1fe9c2\" data-element_type=\"widget\" data-e-type=\"widget\" data-widget_type=\"text-editor.default\">\n\t\t\t\t<div class=\"elementor-widget-container\">\n\t\t\t\t\t\t\t\t\t<h3>Les activit\u00e9s commerciales et la cat\u00e9gorie d\u2019industrie sont interreli\u00e9es<\/h3>\n<p>Nous regroupons les entreprises qui effectuent un travail semblable en <a href=\"https:\/\/www.wcb.mb.ca\/fr\/employeurs\/primes-et-masse-salariale\/categories-dindustrie\/\">cat\u00e9gories d\u2019industrie<\/a>&nbsp; afin d\u2019\u00e9tablir des taux.<\/p>\n<p>Les cat\u00e9gories d\u2019industrie sont bas\u00e9es sur le type de travail que vous effectuez et non sur la personne qui r\u00e9alise ce travail. Si vous d\u00e9cidez d\u2019embaucher des entrepreneurs ou des sous-traitants plut\u00f4t que des travailleurs salari\u00e9s (ou vice versa), cette d\u00e9cision n\u2019a aucune r\u00e9percussion sur vos activit\u00e9s commerciales.<\/p>\n<p>Si vous ne savez pas \u00e0 quelle cat\u00e9gorie d\u2019industrie vos activit\u00e9s commerciales appartiennent ou si vous devez d\u00e9clarer un changement, nous vous recommandons de consulter notre <a href=\"https:\/\/www.wcb.mb.ca\/fr\/employeurs\/primes-et-masse-salariale\/categories-dindustrie\/\">manuel de classification<\/a> pour prendre connaissance de votre cat\u00e9gorie d\u2019industrie. Votre cat\u00e9gorie d\u2019industrie se trouve sur votre relev\u00e9 de taux annuel.<\/p>\n<p>Pour d\u00e9clarer un changement \u00e0 vos activit\u00e9s commerciales, vous pouvez communiquer avec notre Service des cotisations. Nous d\u00e9terminerons si le changement justifie une nouvelle cat\u00e9gorie d\u2019industrie pour votre entreprise.<\/p>\n\t\t\t\t\t\t\t\t<\/div>\n\t\t\t\t<\/div>\n\t\t\t\t<div class=\"elementor-element elementor-element-bc0a8f3 elementor-widget elementor-widget-text-editor\" data-id=\"bc0a8f3\" data-element_type=\"widget\" data-e-type=\"widget\" data-widget_type=\"text-editor.default\">\n\t\t\t\t<div class=\"elementor-widget-container\">\n\t\t\t\t\t\t\t\t\t<h2>Coordonn\u00e9es<\/h2>\n<p><span class=\"TextRun Highlight SCXW206365963 BCX0\" lang=\"fr-ca\" data-contrast=\"none\"><span class=\"NormalTextRun SCXW206365963 BCX0\">Pour mettre \u00e0 jour les coordonn\u00e9es li\u00e9es \u00e0 votre compte \u00e0 tout moment durant l\u2019ann\u00e9e, <\/span><\/span><span class=\"TextRun Highlight Underlined SCXW206365963 BCX0\" lang=\"fr-ca\" data-contrast=\"none\"><span class=\"NormalTextRun SCXW206365963 BCX0\"><a href=\"https:\/\/www.wcb.mb.ca\/fr\/?page_id=1894\">communiquez avec notre Service des cotisations<\/a>.<\/span><\/span><\/p>\n\t\t\t\t\t\t\t\t<\/div>\n\t\t\t\t<\/div>\n\t\t\t\t<\/div>\n\t\t<div class=\"elementor-element elementor-element-02cc482 e-con-full e-flex e-con e-child\" data-id=\"02cc482\" data-element_type=\"container\" data-e-type=\"container\" data-settings=\"{&quot;background_background&quot;:&quot;classic&quot;}\">\n\t\t\t\t<div class=\"elementor-element elementor-element-ff1a9e4 elementor-widget elementor-widget-st-link-list\" data-id=\"ff1a9e4\" data-element_type=\"widget\" data-e-type=\"widget\" data-widget_type=\"st-link-list.default\">\n\t\t\t\t<div class=\"elementor-widget-container\">\n\t\t\t\t\t<div class=\"c-linkList c-linkList--default c-linkList--default\"><h2 class=\"c-linkList__title\"><span >Liens connexes<\/span><\/h2><div class=\"c-linkList__list\"><\/div><\/div>\t\t\t\t<\/div>\n\t\t\t\t<\/div>\n\t\t\t\t<div class=\"elementor-element elementor-element-f358cc1 elementor-widget elementor-widget-st-cats\" data-id=\"f358cc1\" data-element_type=\"widget\" data-e-type=\"widget\" data-widget_type=\"st-cats.default\">\n\t\t\t\t<div class=\"elementor-widget-container\">\n\t\t\t\t\t<div class=\"c-ctaList\"><\/div>\t\t\t\t<\/div>\n\t\t\t\t<\/div>\n\t\t\t\t<\/div>\n\t\t\t\t\t<\/div>\n\t\t\t\t<\/div>\n\t\t\t\t<\/div>\n\t\t","protected":false},"excerpt":{"rendered":"<p>Mettre \u00e0 jour les activit\u00e9s commerciales Lorsque vos activit\u00e9s commerciales changent, il est important de communiquer avec la WCB. Vos activit\u00e9s commerciales correspondent au type de travail que votre entreprise effectue au quotidien. Si ce travail change, en passant par exemple de l\u2019am\u00e9nagement paysager \u00e0 l\u2019agriculture, vous devez en informer la WCB puisque ce changement [&hellip;]<\/p>\n","protected":false},"author":1,"featured_media":0,"parent":20073,"menu_order":0,"comment_status":"closed","ping_status":"closed","template":"","meta":{"_acf_changed":false,"footnotes":""},"tags":[],"class_list":["post-19795","page","type-page","status-publish","hentry"],"acf":[],"_links":{"self":[{"href":"https:\/\/www.wcb.mb.ca\/fr\/wp-json\/wp\/v2\/pages\/19795","targetHints":{"allow":["GET"]}}],"collection":[{"href":"https:\/\/www.wcb.mb.ca\/fr\/wp-json\/wp\/v2\/pages"}],"about":[{"href":"https:\/\/www.wcb.mb.ca\/fr\/wp-json\/wp\/v2\/types\/page"}],"author":[{"embeddable":true,"href":"https:\/\/www.wcb.mb.ca\/fr\/wp-json\/wp\/v2\/users\/1"}],"replies":[{"embeddable":true,"href":"https:\/\/www.wcb.mb.ca\/fr\/wp-json\/wp\/v2\/comments?post=19795"}],"version-history":[{"count":2,"href":"https:\/\/www.wcb.mb.ca\/fr\/wp-json\/wp\/v2\/pages\/19795\/revisions"}],"predecessor-version":[{"id":22170,"href":"https:\/\/www.wcb.mb.ca\/fr\/wp-json\/wp\/v2\/pages\/19795\/revisions\/22170"}],"up":[{"embeddable":true,"href":"https:\/\/www.wcb.mb.ca\/fr\/wp-json\/wp\/v2\/pages\/20073"}],"wp:attachment":[{"href":"https:\/\/www.wcb.mb.ca\/fr\/wp-json\/wp\/v2\/media?parent=19795"}],"wp:term":[{"taxonomy":"post_tag","embeddable":true,"href":"https:\/\/www.wcb.mb.ca\/fr\/wp-json\/wp\/v2\/tags?post=19795"}],"curies":[{"name":"wp","href":"https:\/\/api.w.org\/{rel}","templated":true}]}}