{"id":1897,"date":"2024-09-26T16:43:31","date_gmt":"2024-09-26T20:43:31","guid":{"rendered":"https:\/\/wcbmanitoba.dev.showandtelldev.com\/fournisseurs-de-soins-de-sante\/"},"modified":"2026-01-13T13:29:50","modified_gmt":"2026-01-13T18:29:50","slug":"fournisseurs-de-soins-de-sante","status":"publish","type":"page","link":"https:\/\/www.wcb.mb.ca\/fr\/fournisseurs-de-soins-de-sante\/","title":{"rendered":"Fournisseurs de soins de sant\u00e9"},"content":{"rendered":"\t\t<div data-elementor-type=\"wp-page\" data-elementor-id=\"1897\" class=\"elementor elementor-1897 elementor-386\" data-elementor-post-type=\"page\">\n\t\t\t\t<div class=\"elementor-element elementor-element-62979fc e-flex e-con-boxed e-con e-parent\" data-id=\"62979fc\" data-element_type=\"container\" data-e-type=\"container\">\n\t\t\t\t\t<div class=\"e-con-inner\">\n\t\t\t\t<div class=\"elementor-element elementor-element-db3cc2e elementor-widget elementor-widget-st-header-image\" data-id=\"db3cc2e\" data-element_type=\"widget\" data-e-type=\"widget\" data-widget_type=\"st-header-image.default\">\n\t\t\t\t<div class=\"elementor-widget-container\">\n\t\t\t\t\t<div class=\"c-headerImage g-layout__padding c-headerImage--large\"><div class=\"c-headerImage__container g-layout__maxWidth\"><div class=\"c-headerImage__content\"><div ><h1>Information pour les fournisseurs de soins de sant\u00e9<\/h1><p>Les fournisseurs de soins de sant\u00e9 offrent des traitements et accompagnent les travailleurs bless\u00e9s dans leur gu\u00e9rison, tout en collaborant avec la WCB pour assurer des soins ad\u00e9quats et un retour au travail r\u00e9ussi.<\/p><\/div><\/div><\/div><\/div>\t\t\t\t<\/div>\n\t\t\t\t<\/div>\n\t\t\t\t\t<\/div>\n\t\t\t\t<\/div>\n\t\t<div class=\"elementor-element elementor-element-5279c692 e-grid e-con-boxed e-con e-parent\" data-id=\"5279c692\" data-element_type=\"container\" data-e-type=\"container\">\n\t\t\t\t\t<div class=\"e-con-inner\">\n\t\t<div class=\"elementor-element elementor-element-48fe647e e-con-full e-flex e-con e-child\" data-id=\"48fe647e\" data-element_type=\"container\" data-e-type=\"container\">\n\t\t\t\t<div class=\"elementor-element elementor-element-5ebae8b1 elementor-widget__width-initial elementor-widget elementor-widget-text-editor\" data-id=\"5ebae8b1\" data-element_type=\"widget\" data-e-type=\"widget\" data-widget_type=\"text-editor.default\">\n\t\t\t\t<div class=\"elementor-widget-container\">\n\t\t\t\t\t\t\t\t\t<h2>Le soutien aux travailleurs bless\u00e9s commence ici.<\/h2>\n<p>En tant que m\u00e9decin, sp\u00e9cialiste, physioth\u00e9rapeute ou th\u00e9rapeute du sport, vous jouez un r\u00f4le important dans le parcours des travailleurs bless\u00e9s vers la gu\u00e9rison. Une collaboration avec la WCB permet la prestation de traitements en temps opportun, une communication claire et un processus de gu\u00e9rison en douceur \u2013 des \u00e9l\u00e9ments essentiels au retour au travail r\u00e9ussi pour le travailleur.<\/p>\n\t\t\t\t\t\t\t\t<\/div>\n\t\t\t\t<\/div>\n\t\t\t\t<\/div>\n\t\t<div class=\"elementor-element elementor-element-4c7fb0f5 e-con-full e-flex e-con e-child\" data-id=\"4c7fb0f5\" data-element_type=\"container\" data-e-type=\"container\" data-settings=\"{&quot;background_background&quot;:&quot;classic&quot;}\">\n\t\t\t\t<div class=\"elementor-element elementor-element-18eac0ca elementor-widget elementor-widget-st-cats\" data-id=\"18eac0ca\" data-element_type=\"widget\" data-e-type=\"widget\" data-widget_type=\"st-cats.default\">\n\t\t\t\t<div class=\"elementor-widget-container\">\n\t\t\t\t\t<div class=\"c-ctaList\"><\/div>\t\t\t\t<\/div>\n\t\t\t\t<\/div>\n\t\t\t\t<\/div>\n\t\t\t\t<div class=\"elementor-element elementor-element-9296838 elementor-widget elementor-widget-st-image-box-list\" data-id=\"9296838\" data-element_type=\"widget\" data-e-type=\"widget\" data-widget_type=\"st-image-box-list.default\">\n\t\t\t\t<div class=\"elementor-widget-container\">\n\t\t\t\t\t<div class=\"c-imageBoxList c-imageBoxList--3 c-imageBoxList--center c-imageBoxList--default c-imageBoxList--imageCover\"><div class=\"c-imageBoxList__item\"><img fetchpriority=\"high\" decoding=\"async\" width=\"522\" height=\"348\" src=\"https:\/\/www.wcb.mb.ca\/uploads\/2025\/03\/Healthcare_FemaleNurseComfortingMalePatient_2024.jpg\" class=\"c-imageBoxList__itemImage\" alt=\"Retour au travail\" srcset=\"https:\/\/www.wcb.mb.ca\/uploads\/2025\/03\/Healthcare_FemaleNurseComfortingMalePatient_2024.jpg 522w, https:\/\/www.wcb.mb.ca\/uploads\/2025\/03\/Healthcare_FemaleNurseComfortingMalePatient_2024-300x200.jpg 300w\" sizes=\"(max-width: 522px) 100vw, 522px\" \/><div class=\"c-imageBoxList__itemContent\"><div class=\"c-imageBoxList__itemTitle\"><span >Retour au travail<\/span><\/div><div class=\"c-imageBoxList__itemDescription\"><span >Support a worker's recovery with a safe and suitable return to work.<\/span><\/div><\/div><a class=\"c-imageBoxList__itemBtn g-btn\" href=\"\/fr\/fournisseurs-de-soins-de-sante\/retour-au-travail\/\" aria-label=\"Apprenez-en plus Retour au travail\"href=\"\/fr\/fournisseurs-de-soins-de-sante\/retour-au-travail\/\" aria-label=\"Learn more about return to work\"><span >Apprenez-en plus<\/span><\/a><\/div><div class=\"c-imageBoxList__item\"><img decoding=\"async\" width=\"522\" height=\"348\" src=\"https:\/\/www.wcb.mb.ca\/uploads\/2025\/04\/Healthcare_WomanComputerLookingOverShoulderSmile.jpg\" class=\"c-imageBoxList__itemImage\" alt=\"Facturation et paiements\" srcset=\"https:\/\/www.wcb.mb.ca\/uploads\/2025\/04\/Healthcare_WomanComputerLookingOverShoulderSmile.jpg 522w, https:\/\/www.wcb.mb.ca\/uploads\/2025\/04\/Healthcare_WomanComputerLookingOverShoulderSmile-300x200.jpg 300w\" sizes=\"(max-width: 522px) 100vw, 522px\" \/><div class=\"c-imageBoxList__itemContent\"><div class=\"c-imageBoxList__itemTitle\"><span >Facturation et paiements<\/span><\/div><div class=\"c-imageBoxList__itemDescription\"><span >Manage account, billing and claims.<\/span><\/div><\/div><a class=\"c-imageBoxList__itemBtn g-btn\" href=\"\/fr\/fournisseurs-de-soins-de-sante\/facturation-et-paiements\/\" aria-label=\"Apprenez-en plus Facturation et paiements\"href=\"\/fr\/fournisseurs-de-soins-de-sante\/facturation-et-paiements\/\" aria-label=\"Learn more about billing and reporting\"><span >Apprenez-en plus<\/span><\/a><\/div><div class=\"c-imageBoxList__item\"><img decoding=\"async\" width=\"522\" height=\"348\" src=\"https:\/\/www.wcb.mb.ca\/uploads\/2025\/04\/Healthcare_PhysiotherapistConsutingPatientCounting_2025.jpg\" class=\"c-imageBoxList__itemImage\" alt=\"Entente individuelle de services\" srcset=\"https:\/\/www.wcb.mb.ca\/uploads\/2025\/04\/Healthcare_PhysiotherapistConsutingPatientCounting_2025.jpg 522w, https:\/\/www.wcb.mb.ca\/uploads\/2025\/04\/Healthcare_PhysiotherapistConsutingPatientCounting_2025-300x200.jpg 300w\" sizes=\"(max-width: 522px) 100vw, 522px\" \/><div class=\"c-imageBoxList__itemContent\"><div class=\"c-imageBoxList__itemTitle\"><span >Entente individuelle de services<\/span><\/div><div class=\"c-imageBoxList__itemDescription\"><span >Complete the agreement for physiotherapists.<\/span><\/div><\/div><a class=\"c-imageBoxList__itemBtn g-btn\" href=\"\/fr\/fournisseurs-de-soins-de-sante\/portail-ehealth\/entente-individuelle-de-services-en-physiotherapie\/\" aria-label=\"Apprenez-en plus Entente individuelle de services\"href=\"\/fr\/fournisseurs-de-soins-de-sante\/portail-ehealth\/entente-individuelle-de-services-en-physiotherapie\/\" aria-label=\"Learn more about Individual Services Agreement\"><span >Apprenez-en plus<\/span><\/a><\/div><div class=\"c-imageBoxList__item\"><img loading=\"lazy\" decoding=\"async\" width=\"522\" height=\"348\" src=\"https:\/\/www.wcb.mb.ca\/uploads\/2025\/04\/Healthcare_Physiotherapist_Male_atLaptop_2025.jpg\" class=\"c-imageBoxList__itemImage\" alt=\"Portail eHealth\" srcset=\"https:\/\/www.wcb.mb.ca\/uploads\/2025\/04\/Healthcare_Physiotherapist_Male_atLaptop_2025.jpg 522w, https:\/\/www.wcb.mb.ca\/uploads\/2025\/04\/Healthcare_Physiotherapist_Male_atLaptop_2025-300x200.jpg 300w\" sizes=\"(max-width: 522px) 100vw, 522px\" \/><div class=\"c-imageBoxList__itemContent\"><div class=\"c-imageBoxList__itemTitle\"><span >Portail eHealth<\/span><\/div><div class=\"c-imageBoxList__itemDescription\"><span >Learn more about the portal for physiotherapists and athletic therapists.<\/span><\/div><\/div><a class=\"c-imageBoxList__itemBtn g-btn\" href=\"\/fr\/fournisseurs-de-soins-de-sante\/portail-ehealth\/\" aria-label=\"Apprenez-en plus Portail eHealth\"href=\"\/fr\/fournisseurs-de-soins-de-sante\/portail-ehealth\/\" aria-label=\"Learn more about physiotherapist eHealth portal\"><span >Apprenez-en plus<\/span><\/a><\/div><div class=\"c-imageBoxList__item\"><img loading=\"lazy\" decoding=\"async\" width=\"522\" height=\"348\" src=\"https:\/\/www.wcb.mb.ca\/uploads\/2025\/04\/Healthcare_NurseSpeakingtoPatientQuietly_2025.jpg\" class=\"c-imageBoxList__itemImage\" alt=\"Responsabilit\u00e9s du fournisseur de soins de sant\u00e9\" srcset=\"https:\/\/www.wcb.mb.ca\/uploads\/2025\/04\/Healthcare_NurseSpeakingtoPatientQuietly_2025.jpg 522w, https:\/\/www.wcb.mb.ca\/uploads\/2025\/04\/Healthcare_NurseSpeakingtoPatientQuietly_2025-300x200.jpg 300w\" sizes=\"(max-width: 522px) 100vw, 522px\" \/><div class=\"c-imageBoxList__itemContent\"><div class=\"c-imageBoxList__itemTitle\"><span >Responsabilit\u00e9s du fournisseur de soins de sant\u00e9<\/span><\/div><div class=\"c-imageBoxList__itemDescription\"><span >Gain a better understanding of your role.<\/span><\/div><\/div><a class=\"c-imageBoxList__itemBtn g-btn\" href=\"\/fr\/fournisseurs-de-soins-de-sante\/responsabilites-du-fournisseur-de-soins-de-sante\/\" aria-label=\"Apprenez-en plus Responsabilit\u00e9s du fournisseur de soins de sant\u00e9\"href=\"\/fr\/fournisseurs-de-soins-de-sante\/responsabilites-du-fournisseur-de-soins-de-sante\/\" aria-label=\"Learn more about healthcare provider responsibilities\"><span >Apprenez-en plus<\/span><\/a><\/div><div class=\"c-imageBoxList__item\"><img loading=\"lazy\" decoding=\"async\" width=\"522\" height=\"348\" src=\"https:\/\/www.wcb.mb.ca\/uploads\/2025\/04\/Healthcare_ManWomanScrubsLookingOverReport_2025.jpg\" class=\"c-imageBoxList__itemImage\" alt=\"Ressources et formulaires\" srcset=\"https:\/\/www.wcb.mb.ca\/uploads\/2025\/04\/Healthcare_ManWomanScrubsLookingOverReport_2025.jpg 522w, https:\/\/www.wcb.mb.ca\/uploads\/2025\/04\/Healthcare_ManWomanScrubsLookingOverReport_2025-300x200.jpg 300w\" sizes=\"(max-width: 522px) 100vw, 522px\" \/><div class=\"c-imageBoxList__itemContent\"><div class=\"c-imageBoxList__itemTitle\"><span >Ressources et formulaires<\/span><\/div><div class=\"c-imageBoxList__itemDescription\"><span >Access forms, guides and other resources.<\/span><\/div><\/div><a class=\"c-imageBoxList__itemBtn g-btn\" href=\"\/fr\/fournisseurs-de-soins-de-sante\/ressources-et-formulaires\" aria-label=\"Apprenez-en plus Ressources et formulaires\"href=\"\/fr\/fournisseurs-de-soins-de-sante\/ressources-et-formulaires\" aria-label=\"Learn more about resources and forms\"><span >Apprenez-en plus<\/span><\/a><\/div><\/div>\t\t\t\t<\/div>\n\t\t\t\t<\/div>\n\t\t\t\t\t<\/div>\n\t\t\t\t<\/div>\n\t\t\t\t<\/div>\n\t\t","protected":false},"excerpt":{"rendered":"<p>Information pour les fournisseurs de soins de sant\u00e9 Les fournisseurs de soins de sant\u00e9 offrent des traitements et accompagnent les travailleurs bless\u00e9s dans leur gu\u00e9rison, tout en collaborant avec la WCB pour assurer des soins ad\u00e9quats et un retour au travail r\u00e9ussi. Le soutien aux travailleurs bless\u00e9s commence ici. En tant que m\u00e9decin, sp\u00e9cialiste, physioth\u00e9rapeute [&hellip;]<\/p>\n","protected":false},"author":1,"featured_media":0,"parent":0,"menu_order":0,"comment_status":"closed","ping_status":"closed","template":"","meta":{"_acf_changed":false,"footnotes":""},"tags":[],"class_list":["post-1897","page","type-page","status-publish","hentry"],"acf":[],"_links":{"self":[{"href":"https:\/\/www.wcb.mb.ca\/fr\/wp-json\/wp\/v2\/pages\/1897","targetHints":{"allow":["GET"]}}],"collection":[{"href":"https:\/\/www.wcb.mb.ca\/fr\/wp-json\/wp\/v2\/pages"}],"about":[{"href":"https:\/\/www.wcb.mb.ca\/fr\/wp-json\/wp\/v2\/types\/page"}],"author":[{"embeddable":true,"href":"https:\/\/www.wcb.mb.ca\/fr\/wp-json\/wp\/v2\/users\/1"}],"replies":[{"embeddable":true,"href":"https:\/\/www.wcb.mb.ca\/fr\/wp-json\/wp\/v2\/comments?post=1897"}],"version-history":[{"count":8,"href":"https:\/\/www.wcb.mb.ca\/fr\/wp-json\/wp\/v2\/pages\/1897\/revisions"}],"predecessor-version":[{"id":22009,"href":"https:\/\/www.wcb.mb.ca\/fr\/wp-json\/wp\/v2\/pages\/1897\/revisions\/22009"}],"wp:attachment":[{"href":"https:\/\/www.wcb.mb.ca\/fr\/wp-json\/wp\/v2\/media?parent=1897"}],"wp:term":[{"taxonomy":"post_tag","embeddable":true,"href":"https:\/\/www.wcb.mb.ca\/fr\/wp-json\/wp\/v2\/tags?post=1897"}],"curies":[{"name":"wp","href":"https:\/\/api.w.org\/{rel}","templated":true}]}}