{"id":18465,"date":"2025-03-04T11:37:44","date_gmt":"2025-03-04T16:37:44","guid":{"rendered":"https:\/\/www.wcb.mb.ca\/?page_id=18465"},"modified":"2026-01-15T12:14:25","modified_gmt":"2026-01-15T17:14:25","slug":"utilisation-securitaire-des-outils-de-lequipement-et-de-la-machinerie","status":"publish","type":"page","link":"https:\/\/www.wcb.mb.ca\/fr\/sain-et-sauf-au-travail-manitoba\/utilisation-securitaire-des-outils-de-lequipement-et-de-la-machinerie\/","title":{"rendered":"Utilisation s\u00e9curitaire des outils, de l\u2019\u00e9quipement et de la machinerie"},"content":{"rendered":"\t\t<div data-elementor-type=\"wp-page\" data-elementor-id=\"18465\" class=\"elementor elementor-18465 elementor-8677\" data-elementor-post-type=\"page\">\n\t\t\t\t<div class=\"elementor-element elementor-element-5818455 e-flex e-con-boxed e-con e-parent\" data-id=\"5818455\" data-element_type=\"container\" data-e-type=\"container\">\n\t\t\t\t\t<div class=\"e-con-inner\">\n\t\t\t\t<div class=\"elementor-element elementor-element-0141556 elementor-widget elementor-widget-st-header-image\" data-id=\"0141556\" data-element_type=\"widget\" data-e-type=\"widget\" data-widget_type=\"st-header-image.default\">\n\t\t\t\t<div class=\"elementor-widget-container\">\n\t\t\t\t\t<div class=\"c-headerImage g-layout__padding c-headerImage--fade\"><div class=\"c-headerImage__container g-layout__maxWidth\"><div class=\"c-headerImage__content\"><div ><h1>Utilisation s\u00e9curitaire des outils, de l\u2019\u00e9quipement et de la machinerie<\/h1><\/div><\/div><\/div><\/div>\t\t\t\t<\/div>\n\t\t\t\t<\/div>\n\t\t\t\t\t<\/div>\n\t\t\t\t<\/div>\n\t\t<div class=\"elementor-element elementor-element-fe20be6 e-flex e-con-boxed e-con e-parent\" data-id=\"fe20be6\" data-element_type=\"container\" data-e-type=\"container\">\n\t\t\t\t\t<div class=\"e-con-inner\">\n\t\t<div class=\"elementor-element elementor-element-f029738 e-con-full e-flex e-con e-child\" data-id=\"f029738\" data-element_type=\"container\" data-e-type=\"container\">\n\t\t\t\t<div class=\"elementor-element elementor-element-b04f8b7 elementor-widget__width-initial elementor-widget elementor-widget-text-editor\" data-id=\"b04f8b7\" data-element_type=\"widget\" data-e-type=\"widget\" data-widget_type=\"text-editor.default\">\n\t\t\t\t<div class=\"elementor-widget-container\">\n\t\t\t\t\t\t\t\t\t<p>Chaque jour, des employ\u00e9s comptent sur des outils, de l\u2019\u00e9quipement et de la machinerie pour effectuer leur travail. Quoique ces ressources essentielles permettent aux milieux de travail de fonctionner, leur utilisation inad\u00e9quate ou leur entretien d\u00e9ficient peut entra\u00eener des blessures graves ou m\u00eame des d\u00e9c\u00e8s.<\/p>\n<p>Nous prenons l\u2019engagement de partager notre expertise et de servir de ressource fiable pour prot\u00e9ger votre sant\u00e9 et votre s\u00e9curit\u00e9.<\/p>\n\t\t\t\t\t\t\t\t<\/div>\n\t\t\t\t<\/div>\n\t\t\t\t<\/div>\n\t\t<div class=\"elementor-element elementor-element-58cc843 e-con-full e-flex e-con e-child\" data-id=\"58cc843\" data-element_type=\"container\" data-e-type=\"container\" data-settings=\"{&quot;background_background&quot;:&quot;classic&quot;}\">\n\t\t\t\t<div class=\"elementor-element elementor-element-d132307 elementor-widget elementor-widget-st-cats\" data-id=\"d132307\" data-element_type=\"widget\" data-e-type=\"widget\" data-widget_type=\"st-cats.default\">\n\t\t\t\t<div class=\"elementor-widget-container\">\n\t\t\t\t\t<div class=\"c-ctaList\"><\/div>\t\t\t\t<\/div>\n\t\t\t\t<\/div>\n\t\t\t\t<\/div>\n\t\t\t\t\t<\/div>\n\t\t\t\t<\/div>\n\t\t<div class=\"elementor-element elementor-element-5235276 e-flex e-con-boxed e-con e-parent\" data-id=\"5235276\" data-element_type=\"container\" data-e-type=\"container\" data-settings=\"{&quot;background_background&quot;:&quot;classic&quot;}\">\n\t\t\t\t\t<div class=\"e-con-inner\">\n\t\t\t\t<div class=\"elementor-element elementor-element-d791316 elementor-widget__width-initial elementor-widget elementor-widget-text-editor\" data-id=\"d791316\" data-element_type=\"widget\" data-e-type=\"widget\" data-widget_type=\"text-editor.default\">\n\t\t\t\t<div class=\"elementor-widget-container\">\n\t\t\t\t\t\t\t\t\t<h2>S\u00e9lectionnez une option ci-dessous pour explorer davantage un sujet sp\u00e9cifique.<\/h2>\n\t\t\t\t\t\t\t\t<\/div>\n\t\t\t\t<\/div>\n\t\t\t\t<div class=\"elementor-element elementor-element-f64e88e elementor-widget elementor-widget-st-topics\" data-id=\"f64e88e\" data-element_type=\"widget\" data-e-type=\"widget\" data-widget_type=\"st-topics.default\">\n\t\t\t\t<div class=\"elementor-widget-container\">\n\t\t\t\t\t<div class=\"c-topics\"><div class=\"c-topics__list\"><div class=\"c-topics__col\"><div class=\"c-topics__item\"><a href=\"https:\/\/www.wcb.mb.ca\/fr\/topics\/appareils-de-levage\/\" class=\"g-btn__arrow--fullWidth\">Appareils de levage<\/a><\/div><div class=\"c-topics__item\"><a href=\"https:\/\/www.wcb.mb.ca\/fr\/topics\/battage-de-pieux\/\" class=\"g-btn__arrow--fullWidth\">Battage de pieux<\/a><\/div><div class=\"c-topics__item\"><a href=\"https:\/\/www.wcb.mb.ca\/fr\/topics\/casque-de-protection\/\" class=\"g-btn__arrow--fullWidth\">Casque de protection<\/a><\/div><div class=\"c-topics__item\"><a href=\"https:\/\/www.wcb.mb.ca\/fr\/topics\/chaussures\/\" class=\"g-btn__arrow--fullWidth\">Chaussures<\/a><\/div><div class=\"c-topics__item\"><a href=\"https:\/\/www.wcb.mb.ca\/fr\/topics\/echafauds\/\" class=\"g-btn__arrow--fullWidth\">\u00c9chafauds<\/a><\/div><div class=\"c-topics__item\"><a href=\"https:\/\/www.wcb.mb.ca\/fr\/topics\/echelles\/\" class=\"g-btn__arrow--fullWidth\">\u00c9chelles<\/a><\/div><div class=\"c-topics__item\"><a href=\"https:\/\/www.wcb.mb.ca\/fr\/topics\/equipement-de-protection-individuelle\/\" class=\"g-btn__arrow--fullWidth\">\u00c9quipement de protection individuelle<\/a><\/div><div class=\"c-topics__item\"><a href=\"https:\/\/www.wcb.mb.ca\/fr\/topics\/equipement-mobile-a-moteur\/\" class=\"g-btn__arrow--fullWidth\">\u00c9quipement mobile \u00e0 moteur<\/a><\/div><\/div><div class=\"c-topics__col\"><div class=\"c-topics__item\"><a href=\"https:\/\/www.wcb.mb.ca\/fr\/topics\/gants\/\" class=\"g-btn__arrow--fullWidth\">Gants<\/a><\/div><div class=\"c-topics__item\"><a href=\"https:\/\/www.wcb.mb.ca\/fr\/topics\/grues\/\" class=\"g-btn__arrow--fullWidth\">Grues<\/a><\/div><div class=\"c-topics__item\"><a href=\"https:\/\/www.wcb.mb.ca\/fr\/topics\/machinerie\/\" class=\"g-btn__arrow--fullWidth\">Machinerie<\/a><\/div><div class=\"c-topics__item\"><a href=\"https:\/\/www.wcb.mb.ca\/fr\/topics\/plateformes\/\" class=\"g-btn__arrow--fullWidth\">Plateformes<\/a><\/div><div class=\"c-topics__item\"><a href=\"https:\/\/www.wcb.mb.ca\/fr\/topics\/protection-des-voies-respiratoires\/\" class=\"g-btn__arrow--fullWidth\">Protection des voies respiratoires<\/a><\/div><div class=\"c-topics__item\"><a href=\"https:\/\/www.wcb.mb.ca\/fr\/topics\/protection-oculaire-et-faciale\/\" class=\"g-btn__arrow--fullWidth\">Protection oculaire et faciale<\/a><\/div><div class=\"c-topics__item\"><a href=\"https:\/\/www.wcb.mb.ca\/fr\/topics\/tracteurs\/\" class=\"g-btn__arrow--fullWidth\">Tracteurs<\/a><\/div><div class=\"c-topics__item\"><a href=\"https:\/\/www.wcb.mb.ca\/fr\/topics\/vis-a-grain\/\" class=\"g-btn__arrow--fullWidth\">Vis \u00e0 grain<\/a><\/div><\/div><\/div><\/div>\t\t\t\t<\/div>\n\t\t\t\t<\/div>\n\t\t\t\t\t<\/div>\n\t\t\t\t<\/div>\n\t\t<div class=\"elementor-element elementor-element-54ae5f3 e-flex e-con-boxed e-con e-parent\" data-id=\"54ae5f3\" data-element_type=\"container\" data-e-type=\"container\">\n\t\t\t\t\t<div class=\"e-con-inner\">\n\t\t\t\t<div class=\"elementor-element elementor-element-ed2e2c5 elementor-widget__width-initial elementor-widget elementor-widget-text-editor\" data-id=\"ed2e2c5\" data-element_type=\"widget\" data-e-type=\"widget\" data-widget_type=\"text-editor.default\">\n\t\t\t\t<div class=\"elementor-widget-container\">\n\t\t\t\t\t\t\t\t\t<p><em>Pour obtenir des ressources de SAIN et SAUF au travail Manitoba en format PDF, pri\u00e8re de communiquer avec nous par notre <\/em><a href=\"https:\/\/www.wcb.mb.ca\/fr\/coordonnees\/\"><em>formulaire de contact<\/em><\/a><em>, par clavardage en direct ou par t\u00e9l\u00e9phone au 204-957-SAFE (7223).<\/em><\/p>\t\t\t\t\t\t\t\t<\/div>\n\t\t\t\t<\/div>\n\t\t\t\t\t<\/div>\n\t\t\t\t<\/div>\n\t\t\t\t<\/div>\n\t\t","protected":false},"excerpt":{"rendered":"<p>Utilisation s\u00e9curitaire des outils, de l\u2019\u00e9quipement et de la machinerie Chaque jour, des employ\u00e9s comptent sur des outils, de l\u2019\u00e9quipement et de la machinerie pour effectuer leur travail. Quoique ces ressources essentielles permettent aux milieux de travail de fonctionner, leur utilisation inad\u00e9quate ou leur entretien d\u00e9ficient peut entra\u00eener des blessures graves ou m\u00eame des d\u00e9c\u00e8s. [&hellip;]<\/p>\n","protected":false},"author":1,"featured_media":0,"parent":21786,"menu_order":0,"comment_status":"closed","ping_status":"closed","template":"","meta":{"_acf_changed":false,"footnotes":""},"tags":[],"class_list":["post-18465","page","type-page","status-publish","hentry"],"acf":[],"_links":{"self":[{"href":"https:\/\/www.wcb.mb.ca\/fr\/wp-json\/wp\/v2\/pages\/18465","targetHints":{"allow":["GET"]}}],"collection":[{"href":"https:\/\/www.wcb.mb.ca\/fr\/wp-json\/wp\/v2\/pages"}],"about":[{"href":"https:\/\/www.wcb.mb.ca\/fr\/wp-json\/wp\/v2\/types\/page"}],"author":[{"embeddable":true,"href":"https:\/\/www.wcb.mb.ca\/fr\/wp-json\/wp\/v2\/users\/1"}],"replies":[{"embeddable":true,"href":"https:\/\/www.wcb.mb.ca\/fr\/wp-json\/wp\/v2\/comments?post=18465"}],"version-history":[{"count":24,"href":"https:\/\/www.wcb.mb.ca\/fr\/wp-json\/wp\/v2\/pages\/18465\/revisions"}],"predecessor-version":[{"id":22667,"href":"https:\/\/www.wcb.mb.ca\/fr\/wp-json\/wp\/v2\/pages\/18465\/revisions\/22667"}],"up":[{"embeddable":true,"href":"https:\/\/www.wcb.mb.ca\/fr\/wp-json\/wp\/v2\/pages\/21786"}],"wp:attachment":[{"href":"https:\/\/www.wcb.mb.ca\/fr\/wp-json\/wp\/v2\/media?parent=18465"}],"wp:term":[{"taxonomy":"post_tag","embeddable":true,"href":"https:\/\/www.wcb.mb.ca\/fr\/wp-json\/wp\/v2\/tags?post=18465"}],"curies":[{"name":"wp","href":"https:\/\/api.w.org\/{rel}","templated":true}]}}