{"id":18456,"date":"2025-04-15T15:27:50","date_gmt":"2025-04-15T19:27:50","guid":{"rendered":"https:\/\/www.wcb.mb.ca\/?page_id=18456"},"modified":"2026-01-15T13:40:19","modified_gmt":"2026-01-15T18:40:19","slug":"indice-de-sante-et-de-securite-du-manitoba","status":"publish","type":"page","link":"https:\/\/www.wcb.mb.ca\/fr\/sain-et-sauf-au-travail-manitoba\/indice-de-sante-et-de-securite-du-manitoba\/","title":{"rendered":"Indice de sant\u00e9 et de s\u00e9curit\u00e9 du Manitoba"},"content":{"rendered":"\t\t<div data-elementor-type=\"wp-page\" data-elementor-id=\"18456\" class=\"elementor elementor-18456 elementor-13428\" data-elementor-post-type=\"page\">\n\t\t\t\t<div class=\"elementor-element elementor-element-b871443 e-flex e-con-boxed e-con e-parent\" data-id=\"b871443\" data-element_type=\"container\" data-e-type=\"container\">\n\t\t\t\t\t<div class=\"e-con-inner\">\n\t\t\t\t<div class=\"elementor-element elementor-element-e095fda elementor-widget elementor-widget-st-header-image\" data-id=\"e095fda\" data-element_type=\"widget\" data-e-type=\"widget\" data-widget_type=\"st-header-image.default\">\n\t\t\t\t<div class=\"elementor-widget-container\">\n\t\t\t\t\t<div class=\"c-headerImage g-layout__padding c-headerImage--noImage\"><div class=\"c-headerImage__container g-layout__maxWidth\"><div class=\"c-headerImage__content\"><div ><h1>Indice de sant\u00e9 et de s\u00e9curit\u00e9 du Manitoba<\/h1><\/div><\/div><\/div><\/div>\t\t\t\t<\/div>\n\t\t\t\t<\/div>\n\t\t\t\t\t<\/div>\n\t\t\t\t<\/div>\n\t\t<div class=\"elementor-element elementor-element-82c1c8a e-grid e-con-boxed e-con e-parent\" data-id=\"82c1c8a\" data-element_type=\"container\" data-e-type=\"container\">\n\t\t\t\t\t<div class=\"e-con-inner\">\n\t\t<div class=\"elementor-element elementor-element-e88143f e-con-full e-flex e-con e-child\" data-id=\"e88143f\" data-element_type=\"container\" data-e-type=\"container\">\n\t\t\t\t<div class=\"elementor-element elementor-element-7aaf3053 elementor-widget elementor-widget-text-editor\" data-id=\"7aaf3053\" data-element_type=\"widget\" data-e-type=\"widget\" data-widget_type=\"text-editor.default\">\n\t\t\t\t<div class=\"elementor-widget-container\">\n\t\t\t\t\t\t\t\t\t<p>L\u2019Indice de sant\u00e9 et de s\u00e9curit\u00e9 du Manitoba est un outil d\u2019\u00e9valuation exhaustif du rendement du syst\u00e8me de pr\u00e9vention des blessures et maladies professionnelles dans la province. L\u2019Indice combine de multiples mesures de la sant\u00e9 et la s\u00e9curit\u00e9 et permet d\u2019\u00e9tablir un pointage final, bas\u00e9 sur des preuves.<\/p>\n<p>Un changement positif au pointage indique que le syst\u00e8me de pr\u00e9vention des blessures et maladies professionnelles du Manitoba s\u2019est am\u00e9lior\u00e9 comparativement aux ann\u00e9es ant\u00e9rieures.<\/p>\n\t\t\t\t\t\t\t\t<\/div>\n\t\t\t\t<\/div>\n\t\t<div class=\"elementor-element elementor-element-f14d4fc e-grid e-con-full e-con e-child\" data-id=\"f14d4fc\" data-element_type=\"container\" data-e-type=\"container\">\n\t\t\t\t<div class=\"elementor-element elementor-element-57dae16 elementor-widget elementor-widget-text-editor\" data-id=\"57dae16\" data-element_type=\"widget\" data-e-type=\"widget\" data-widget_type=\"text-editor.default\">\n\t\t\t\t<div class=\"elementor-widget-container\">\n\t\t\t\t\t\t\t\t\t<h2>Composants du pointage indiciel<\/h2>\n<p>Plut\u00f4t que d\u2019\u00e9valuer la sant\u00e9 et la s\u00e9curit\u00e9 dans des milieux de travail individuels, l\u2019Indice examine le Manitoba dans son ensemble.<\/p>\n\t\t\t\t\t\t\t\t<\/div>\n\t\t\t\t<\/div>\n\t\t\t\t<div class=\"elementor-element elementor-element-fff59d4 elementor-widget elementor-widget-image\" data-id=\"fff59d4\" data-element_type=\"widget\" data-e-type=\"widget\" data-widget_type=\"image.default\">\n\t\t\t\t<div class=\"elementor-widget-container\">\n\t\t\t\t\t\t\t\t\t\t\t\t\t\t\t<img fetchpriority=\"high\" decoding=\"async\" width=\"484\" height=\"204\" src=\"\/wp-content\/uploads\/2025\/04\/MSHI_diagram_2025-1.jpg\" class=\"attachment-large size-large wp-image-18462\" alt=\"Pie chart - 25% Prevention, 25% Compliance, 25% Injuries, 25% Workplace culture\" srcset=\"\/wp-content\/uploads\/2025\/04\/MSHI_diagram_2025-1.jpg 484w, \/wp-content\/uploads\/2025\/04\/MSHI_diagram_2025-1-300x126.jpg 300w\" sizes=\"(max-width: 484px) 100vw, 484px\" \/>\t\t\t\t\t\t\t\t\t\t\t\t\t\t\t<\/div>\n\t\t\t\t<\/div>\n\t\t\t\t<\/div>\n\t\t\t\t<div class=\"elementor-element elementor-element-0cc443c elementor-widget elementor-widget-text-editor\" data-id=\"0cc443c\" data-element_type=\"widget\" data-e-type=\"widget\" data-widget_type=\"text-editor.default\">\n\t\t\t\t<div class=\"elementor-widget-container\">\n\t\t\t\t\t\t\t\t\t<p>Cette mesure est ax\u00e9e sur quatre composants\u00a0:<\/p>\n\t\t\t\t\t\t\t\t<\/div>\n\t\t\t\t<\/div>\n\t\t<div class=\"elementor-element elementor-element-2c808cb e-con-full e-flex e-con e-child\" data-id=\"2c808cb\" data-element_type=\"container\" data-e-type=\"container\">\n\t\t\t\t<div class=\"elementor-element elementor-element-0fae4e8 elementor-widget elementor-widget-image\" data-id=\"0fae4e8\" data-element_type=\"widget\" data-e-type=\"widget\" data-widget_type=\"image.default\">\n\t\t\t\t<div class=\"elementor-widget-container\">\n\t\t\t\t\t\t\t\t\t\t\t\t\t\t\t<img decoding=\"async\" width=\"150\" height=\"150\" src=\"\/wp-content\/uploads\/2025\/04\/RedSlice-150x150.png\" class=\"attachment-thumbnail size-thumbnail wp-image-18460\" alt=\"25%\" srcset=\"\/wp-content\/uploads\/2025\/04\/RedSlice-150x150.png 150w, \/wp-content\/uploads\/2025\/04\/RedSlice-300x300.png 300w, \/wp-content\/uploads\/2025\/04\/RedSlice-768x770.png 768w, \/wp-content\/uploads\/2025\/04\/RedSlice.png 938w\" sizes=\"(max-width: 150px) 100vw, 150px\" \/>\t\t\t\t\t\t\t\t\t\t\t\t\t\t\t<\/div>\n\t\t\t\t<\/div>\n\t\t\t\t<div class=\"elementor-element elementor-element-15056c5 elementor-widget elementor-widget-text-editor\" data-id=\"15056c5\" data-element_type=\"widget\" data-e-type=\"widget\" data-widget_type=\"text-editor.default\">\n\t\t\t\t<div class=\"elementor-widget-container\">\n\t\t\t\t\t\t\t\t\t<p><a href=\"https:\/\/www.wcb.mb.ca\/fr\/indice-de-sante-et-de-securite-du-manitoba\/indice-de-sante-et-de-securite-du-manitoba-prevention\/\"><strong>Pr\u00e9vention<\/strong><\/a><\/p>\n<p>Quelles sont les actions prises dans les milieux de travail afin de pr\u00e9venir les blessures et les maladies professionnelles?<\/p>\n\t\t\t\t\t\t\t\t<\/div>\n\t\t\t\t<\/div>\n\t\t\t\t<\/div>\n\t\t<div class=\"elementor-element elementor-element-c2331f0 e-con-full e-flex e-con e-child\" data-id=\"c2331f0\" data-element_type=\"container\" data-e-type=\"container\">\n\t\t\t\t<div class=\"elementor-element elementor-element-e0abf99 elementor-widget elementor-widget-image\" data-id=\"e0abf99\" data-element_type=\"widget\" data-e-type=\"widget\" data-widget_type=\"image.default\">\n\t\t\t\t<div class=\"elementor-widget-container\">\n\t\t\t\t\t\t\t\t\t\t\t\t\t\t\t<img decoding=\"async\" width=\"150\" height=\"150\" src=\"\/wp-content\/uploads\/2025\/04\/BlackSlice-150x150.png\" class=\"attachment-thumbnail size-thumbnail wp-image-18457\" alt=\"25%\" \/>\t\t\t\t\t\t\t\t\t\t\t\t\t\t\t<\/div>\n\t\t\t\t<\/div>\n\t\t\t\t<div class=\"elementor-element elementor-element-9277fb6 elementor-widget elementor-widget-text-editor\" data-id=\"9277fb6\" data-element_type=\"widget\" data-e-type=\"widget\" data-widget_type=\"text-editor.default\">\n\t\t\t\t<div class=\"elementor-widget-container\">\n\t\t\t\t\t\t\t\t\t<p><a href=\"https:\/\/www.wcb.mb.ca\/fr\/indice-de-sante-et-de-securite-du-manitoba\/indice-de-sante-et-de-securite-du-manitoba-conformite\/\"><strong>Conformit\u00e9<\/strong><\/a><\/p>\n<p>Comment la <em>Loi sur la s\u00e9curit\u00e9 et l\u2019hygi\u00e8ne du travail<\/em> et ses r\u00e8glements connexes sont mis en \u0153uvre?<\/p>\n\t\t\t\t\t\t\t\t<\/div>\n\t\t\t\t<\/div>\n\t\t\t\t<\/div>\n\t\t<div class=\"elementor-element elementor-element-7b083d5 e-con-full e-flex e-con e-child\" data-id=\"7b083d5\" data-element_type=\"container\" data-e-type=\"container\">\n\t\t\t\t<div class=\"elementor-element elementor-element-1ec1f4d elementor-widget elementor-widget-image\" data-id=\"1ec1f4d\" data-element_type=\"widget\" data-e-type=\"widget\" data-widget_type=\"image.default\">\n\t\t\t\t<div class=\"elementor-widget-container\">\n\t\t\t\t\t\t\t\t\t\t\t\t\t\t\t<img loading=\"lazy\" decoding=\"async\" width=\"150\" height=\"150\" src=\"\/wp-content\/uploads\/2025\/04\/DarkGreySlice-150x150.png\" class=\"attachment-thumbnail size-thumbnail wp-image-18458\" alt=\"25%\" \/>\t\t\t\t\t\t\t\t\t\t\t\t\t\t\t<\/div>\n\t\t\t\t<\/div>\n\t\t\t\t<div class=\"elementor-element elementor-element-4fee4a5 elementor-widget elementor-widget-text-editor\" data-id=\"4fee4a5\" data-element_type=\"widget\" data-e-type=\"widget\" data-widget_type=\"text-editor.default\">\n\t\t\t\t<div class=\"elementor-widget-container\">\n\t\t\t\t\t\t\t\t\t<p><a href=\"https:\/\/www.wcb.mb.ca\/fr\/indice-de-sante-et-de-securite-du-manitoba\/indice-de-sante-et-de-securite-du-manitoba-culture-du-milieu-de-travail\/\"><strong>Culture du milieu de travail<\/strong><\/a><\/p>\n<p>Comment les Manitobains per\u00e7oivent-ils la culture de sant\u00e9 et de s\u00e9curit\u00e9 du lieu o\u00f9 ils travaillent?<\/p>\n\t\t\t\t\t\t\t\t<\/div>\n\t\t\t\t<\/div>\n\t\t\t\t<\/div>\n\t\t<div class=\"elementor-element elementor-element-43423f1 e-con-full e-flex e-con e-child\" data-id=\"43423f1\" data-element_type=\"container\" data-e-type=\"container\">\n\t\t\t\t<div class=\"elementor-element elementor-element-267b65c elementor-widget elementor-widget-image\" data-id=\"267b65c\" data-element_type=\"widget\" data-e-type=\"widget\" data-widget_type=\"image.default\">\n\t\t\t\t<div class=\"elementor-widget-container\">\n\t\t\t\t\t\t\t\t\t\t\t\t\t\t\t<img loading=\"lazy\" decoding=\"async\" width=\"150\" height=\"150\" src=\"\/wp-content\/uploads\/2025\/04\/LightGreySlice-150x150.png\" class=\"attachment-thumbnail size-thumbnail wp-image-18459\" alt=\"25%\" srcset=\"\/wp-content\/uploads\/2025\/04\/LightGreySlice-150x150.png 150w, \/wp-content\/uploads\/2025\/04\/LightGreySlice-300x300.png 300w, \/wp-content\/uploads\/2025\/04\/LightGreySlice-768x765.png 768w, \/wp-content\/uploads\/2025\/04\/LightGreySlice.png 946w\" sizes=\"(max-width: 150px) 100vw, 150px\" \/>\t\t\t\t\t\t\t\t\t\t\t\t\t\t\t<\/div>\n\t\t\t\t<\/div>\n\t\t\t\t<div class=\"elementor-element elementor-element-27093c8 elementor-widget elementor-widget-text-editor\" data-id=\"27093c8\" data-element_type=\"widget\" data-e-type=\"widget\" data-widget_type=\"text-editor.default\">\n\t\t\t\t<div class=\"elementor-widget-container\">\n\t\t\t\t\t\t\t\t\t<p><a href=\"https:\/\/www.wcb.mb.ca\/fr\/indice-de-sante-et-de-securite-du-manitoba\/indice-de-sante-et-de-securite-du-manitoba-blessures\/\"><strong>Blessures<\/strong><\/a><\/p>\n<p>Les types et la fr\u00e9quence des blessures en milieu de travail au Manitoba.<\/p>\n\t\t\t\t\t\t\t\t<\/div>\n\t\t\t\t<\/div>\n\t\t\t\t<\/div>\n\t\t\t\t<div class=\"elementor-element elementor-element-dd6e0ee elementor-widget elementor-widget-text-editor\" data-id=\"dd6e0ee\" data-element_type=\"widget\" data-e-type=\"widget\" data-widget_type=\"text-editor.default\">\n\t\t\t\t<div class=\"elementor-widget-container\">\n\t\t\t\t\t\t\t\t\t<p>Apprenez-en plus sur la m\u00e9thodologie de l\u2019Indice <a href=\"https:\/\/www.wcb.mb.ca\/fr\/indice-de-sante-et-de-securite-du-manitoba\/methodologie-de-lindice-de-sante-et-de-securite-du-manitoba\/\">ici<\/a>.<\/p>\n\t\t\t\t\t\t\t\t<\/div>\n\t\t\t\t<\/div>\n\t\t\t\t<div class=\"elementor-element elementor-element-be5698d elementor-widget elementor-widget-text-editor\" data-id=\"be5698d\" data-element_type=\"widget\" data-e-type=\"widget\" data-widget_type=\"text-editor.default\">\n\t\t\t\t<div class=\"elementor-widget-container\">\n\t\t\t\t\t\t\t\t\t<h2>R\u00e9sultats<\/h2>\n\t\t\t\t\t\t\t\t<\/div>\n\t\t\t\t<\/div>\n\t\t\t\t<div class=\"elementor-element elementor-element-55ef9a7 elementor-widget elementor-widget-image\" data-id=\"55ef9a7\" data-element_type=\"widget\" data-e-type=\"widget\" data-widget_type=\"image.default\">\n\t\t\t\t<div class=\"elementor-widget-container\">\n\t\t\t\t\t\t\t\t\t\t\t\t\t\t\t<img loading=\"lazy\" decoding=\"async\" width=\"300\" height=\"84\" src=\"\/wp-content\/uploads\/2025\/08\/MSHI_2024_score-image-2-300x84.png\" class=\"attachment-medium size-medium wp-image-18463\" alt=\"\" srcset=\"\/wp-content\/uploads\/2025\/08\/MSHI_2024_score-image-2-300x84.png 300w, \/wp-content\/uploads\/2025\/08\/MSHI_2024_score-image-2-1024x288.png 1024w, \/wp-content\/uploads\/2025\/08\/MSHI_2024_score-image-2-768x216.png 768w, \/wp-content\/uploads\/2025\/08\/MSHI_2024_score-image-2-1536x431.png 1536w, \/wp-content\/uploads\/2025\/08\/MSHI_2024_score-image-2.png 2048w\" sizes=\"(max-width: 300px) 100vw, 300px\" \/>\t\t\t\t\t\t\t\t\t\t\t\t\t\t\t<\/div>\n\t\t\t\t<\/div>\n\t\t\t\t<div class=\"elementor-element elementor-element-cdde4b7 elementor-widget elementor-widget-text-editor\" data-id=\"cdde4b7\" data-element_type=\"widget\" data-e-type=\"widget\" data-widget_type=\"text-editor.default\">\n\t\t\t\t<div class=\"elementor-widget-container\">\n\t\t\t\t\t\t\t\t\t<table>\n<tbody>\n<tr>\n<td>\n<p><span style=\"color: #387a08;\"><strong>+2,4\u00a0%<\/strong><\/span><\/p>\n<\/td>\n<td>\n<p><strong>Pr\u00e9vention<\/strong>\u00a0:<\/p>\n<p>Une hausse de la certification SAIN et SAUF au travail (une norme qui contribue \u00e0 cr\u00e9er des milieux de travail plus s\u00e9curitaires) a entra\u00een\u00e9 un pointage positif.<\/p>\n<p>&nbsp;<\/p>\n<\/td>\n<\/tr>\n<tr>\n<td>\n<p><span style=\"color: #c00018;\"><strong>-10,2\u00a0%<\/strong><\/span>&nbsp;<\/p>\n<\/td>\n<td>\n<p><strong>Conformit\u00e9<\/strong>\u00a0:<\/p>\n<p>Des efforts accrus de mise en application des r\u00e8glements par la Direction de la s\u00e9curit\u00e9 et de l\u2019hygi\u00e8ne du travail du Manitoba dans des industries cibl\u00e9es ont entra\u00een\u00e9 l\u2019\u00e9mission d\u2019un plus grand nombre d\u2019ordonnances et une hausse globale des risques. Quoique cette tendance ait eu un effet n\u00e9gatif sur le pointage, elle indique toutefois une mise en application des r\u00e8glements qui cible de fa\u00e7on efficace des secteurs de pr\u00e9occupation.<\/p>\n<p>&nbsp;<\/p>\n<\/td>\n<\/tr>\n<tr>\n<td>\n<p><span style=\"color: #387a08;\"><strong>+0,3\u00a0%<\/strong><\/span><\/p>\n<\/td>\n<td>\n<p><strong>Culture du milieu de travail<\/strong>\u00a0:<\/p>\n<p>Une meilleure perception de la culture de s\u00e9curit\u00e9 en milieu de travail chez les travailleurs est le facteur cl\u00e9 ayant contribu\u00e9 au pointage positif de cette ann\u00e9e.<\/p>\n<p>&nbsp;<\/p>\n<\/td>\n<\/tr>\n<tr>\n<td>\n<p><span style=\"color: #387a08;\"><strong>+2,9\u00a0%<\/strong><\/span><\/p>\n<\/td>\n<td>\n<p><strong>Blessures<\/strong>\u00a0:<\/p>\n<p>Une tendance \u00e0 la baisse dans les taux de blessures a donn\u00e9 lieu \u00e0 un pointage positif.<\/p>\n<p>&nbsp;<\/p>\n<\/td>\n<\/tr>\n<\/tbody>\n<\/table>\n<p>&nbsp;<\/p>\n\t\t\t\t\t\t\t\t<\/div>\n\t\t\t\t<\/div>\n\t\t\t\t<div class=\"elementor-element elementor-element-519e83c elementor-widget elementor-widget-text-editor\" data-id=\"519e83c\" data-element_type=\"widget\" data-e-type=\"widget\" data-widget_type=\"text-editor.default\">\n\t\t\t\t<div class=\"elementor-widget-container\">\n\t\t\t\t\t\t\t\t\t<h2>Pointage des cinq grandes industries<\/h2>\n<p>Le pointage indiciel est aussi calcul\u00e9 pour les cinq principaux secteurs industriels\u00a0:<br \/>&nbsp;<\/p>\n<table width=\"0\">\n<tbody>\n<tr>\n<td>\n<p><span style=\"color: #c00018;\"><strong>-3,6\u00a0%<\/strong><\/span><\/p>\n<\/td>\n<td>\n<p><strong>Construction<\/strong>&nbsp;<\/p>\n<p><em>Faits saillants positifs\u00a0:&nbsp;<\/em><\/p>\n<ul>\n<li>r\u00e9duction tendancielle du taux de blessures<\/li>\n<li>am\u00e9lioration de la mesure du retour au travail&nbsp;&nbsp;<\/li>\n<\/ul>\n<p><em>Secteur d\u2019intervention \u00e0 privil\u00e9gier\u00a0:&nbsp;<\/em><\/p>\n<p>Am\u00e9liorer la conformit\u00e9 \u00e0 la l\u00e9gislation de la S\u00e9curit\u00e9 et hygi\u00e8ne du travail, accentuer les efforts de pr\u00e9vention (y compris le soutien \u00e0 la s\u00e9curit\u00e9 en milieu de travail et les activit\u00e9s de pr\u00e9vention) et renforcer la culture en milieu de travail.<\/p>\n<p>&nbsp;<\/p>\n<\/td>\n<\/tr>\n<tr>\n<td>\n<p><span style=\"color: #c00018;\"><strong>-1,7\u00a0%<\/strong><\/span><\/p>\n<\/td>\n<td>\n<p><strong>Industrie manufacturi\u00e8re<\/strong>&nbsp;<br \/><em>Faits saillants positifs\u00a0:&nbsp;<\/em><\/p>\n<ul>\n<li>hausse dans la certification SAIN et SAUF au travail&nbsp;<\/li>\n<li>r\u00e9duction tendancielle du taux de blessures<\/li>\n<\/ul>\n<p><em>Secteur d\u2019intervention \u00e0 privil\u00e9gier\u00a0:&nbsp;<\/em><\/p>\n<p>Am\u00e9liorer la conformit\u00e9 \u00e0 la l\u00e9gislation de la S\u00e9curit\u00e9 et hygi\u00e8ne du travail et la culture en milieu de travail.<\/p>\n<p>&nbsp;<\/p>\n<\/td>\n<\/tr>\n<tr>\n<td>\n<p><span style=\"color: #c00018;\"><strong>-11,1\u00a0%<\/strong><\/span><\/p>\n<\/td>\n<td>\n<p><strong>Soins de sant\u00e9<\/strong>&nbsp;<br \/><em>Faits saillants positifs\u00a0:&nbsp;<\/em><\/p>\n<ul>\n<li>r\u00e9duction tendancielle du taux de blessures<\/li>\n<li>hausse dans la certification SAIN et SAUF au travail<\/li>\n<\/ul>\n<p><em>Secteur d\u2019intervention \u00e0 privil\u00e9gier\u00a0:&nbsp;<\/em><\/p>\n<p>Am\u00e9liorer la conformit\u00e9 \u00e0 la l\u00e9gislation de la S\u00e9curit\u00e9 et hygi\u00e8ne du travail et la culture en milieu de travail.<\/p>\n<p>&nbsp;<\/p>\n<p>&nbsp;<\/p>\n<\/td>\n<\/tr>\n<tr>\n<td>\n<p><span style=\"color: #387a08;\"><strong>+1,3\u00a0%<\/strong><\/span><\/p>\n<\/td>\n<td>\n<p><strong>Administration publique<\/strong>&nbsp;<br \/><em>Faits saillants positifs\u00a0:<\/em>&nbsp;<\/p>\n<ul>\n<li>r\u00e9duction tendancielle du taux de blessures<\/li>\n<li>changement positif dans la culture en milieu de travail et la perception du soutien \u00e0 la s\u00e9curit\u00e9 en milieu de travail<\/li>\n<li>am\u00e9lioration de la conformit\u00e9 \u00e0 la l\u00e9gislation de la S\u00e9curit\u00e9 et hygi\u00e8ne du travail<\/li>\n<\/ul>\n<p><em>Secteur d\u2019intervention \u00e0 privil\u00e9gier\u00a0:&nbsp;<\/em><\/p>\n<p>Am\u00e9liorer la mesure du retour au travail et la participation de la direction aux activit\u00e9s li\u00e9es \u00e0 la sant\u00e9 et \u00e0 la s\u00e9curit\u00e9.<\/p>\n<p>&nbsp;<\/p>\n<\/td>\n<\/tr>\n<tr>\n<td>\n<p><span style=\"color: #c00018;\"><strong>-2,3\u00a0%<\/strong><\/span><\/p>\n<\/td>\n<td>\n<p><strong>Vente au d\u00e9tail<\/strong>&nbsp;<br \/><em>Faits saillants positifs\u00a0:&nbsp;<\/em><\/p>\n<ul>\n<li>hausse dans la certification SAIN et SAUF au travail<\/li>\n<li>r\u00e9duction du risque d\u2019\u00e9mission d\u2019ordonnances<\/li>\n<\/ul>\n<p><em>Secteur d\u2019intervention \u00e0 privil\u00e9gier\u00a0:&nbsp;<\/em><\/p>\n<p>R\u00e9duire les blessures; am\u00e9liorer la mesure du retour au travail et la participation des travailleurs aux activit\u00e9s li\u00e9es \u00e0 la sant\u00e9 et \u00e0 la s\u00e9curit\u00e9; et assurer la conformit\u00e9 \u00e0 la l\u00e9gislation de la S\u00e9curit\u00e9 et hygi\u00e8ne du travail (observation d\u2019une hausse dans les inspections aboutissant sur des ordonnances).<\/p>\n<\/td>\n<\/tr>\n<\/tbody>\n<\/table>\n<p>&nbsp;<\/p>\n\t\t\t\t\t\t\t\t<\/div>\n\t\t\t\t<\/div>\n\t\t\t\t<div class=\"elementor-element elementor-element-6d2c6bc elementor-widget elementor-widget-text-editor\" data-id=\"6d2c6bc\" data-element_type=\"widget\" data-e-type=\"widget\" data-widget_type=\"text-editor.default\">\n\t\t\t\t<div class=\"elementor-widget-container\">\n\t\t\t\t\t\t\t\t\t<p>Mis \u00e0 jour annuellement, l\u2019Indice fait le suivi du changement dans le niveau global de sant\u00e9 et de s\u00e9curit\u00e9 des milieux de travail du Manitoba d\u2019une ann\u00e9e \u00e0 l\u2019autre. <a href=\"https:\/\/www.wcb.mb.ca\/safeworkmanitoba\/mshi-archive\/\">Cliquez ici pour consulter les pointages ant\u00e9rieurs.<\/a><\/p><p>Vous trouverez des donn\u00e9es additionnelles dans notre Rapport statistique et interactif sur les blessures et maladies professionnelles. Ce rapport interactif vous permet de consulter les donn\u00e9es en fonction du type de blessure, du secteur et de la p\u00e9riode. <a href=\"\/fr\/statistiques-sur-les-blessures-et-les-maladies\/\"><strong>Cliquez ici pour consulter le rapport.<\/strong><\/a><\/p>\t\t\t\t\t\t\t\t<\/div>\n\t\t\t\t<\/div>\n\t\t\t\t<\/div>\n\t\t<div class=\"elementor-element elementor-element-4420c226 e-con-full e-flex e-con e-child\" data-id=\"4420c226\" data-element_type=\"container\" data-e-type=\"container\" data-settings=\"{&quot;background_background&quot;:&quot;classic&quot;}\">\n\t\t\t\t<\/div>\n\t\t\t\t\t<\/div>\n\t\t\t\t<\/div>\n\t\t\t\t<\/div>\n\t\t","protected":false},"excerpt":{"rendered":"<p>Indice de sant\u00e9 et de s\u00e9curit\u00e9 du Manitoba L\u2019Indice de sant\u00e9 et de s\u00e9curit\u00e9 du Manitoba est un outil d\u2019\u00e9valuation exhaustif du rendement du syst\u00e8me de pr\u00e9vention des blessures et maladies professionnelles dans la province. L\u2019Indice combine de multiples mesures de la sant\u00e9 et la s\u00e9curit\u00e9 et permet d\u2019\u00e9tablir un pointage final, bas\u00e9 sur des [&hellip;]<\/p>\n","protected":false},"author":1,"featured_media":0,"parent":21786,"menu_order":0,"comment_status":"closed","ping_status":"closed","template":"","meta":{"_acf_changed":false,"footnotes":""},"tags":[],"class_list":["post-18456","page","type-page","status-publish","hentry"],"acf":[],"_links":{"self":[{"href":"https:\/\/www.wcb.mb.ca\/fr\/wp-json\/wp\/v2\/pages\/18456","targetHints":{"allow":["GET"]}}],"collection":[{"href":"https:\/\/www.wcb.mb.ca\/fr\/wp-json\/wp\/v2\/pages"}],"about":[{"href":"https:\/\/www.wcb.mb.ca\/fr\/wp-json\/wp\/v2\/types\/page"}],"author":[{"embeddable":true,"href":"https:\/\/www.wcb.mb.ca\/fr\/wp-json\/wp\/v2\/users\/1"}],"replies":[{"embeddable":true,"href":"https:\/\/www.wcb.mb.ca\/fr\/wp-json\/wp\/v2\/comments?post=18456"}],"version-history":[{"count":6,"href":"https:\/\/www.wcb.mb.ca\/fr\/wp-json\/wp\/v2\/pages\/18456\/revisions"}],"predecessor-version":[{"id":22700,"href":"https:\/\/www.wcb.mb.ca\/fr\/wp-json\/wp\/v2\/pages\/18456\/revisions\/22700"}],"up":[{"embeddable":true,"href":"https:\/\/www.wcb.mb.ca\/fr\/wp-json\/wp\/v2\/pages\/21786"}],"wp:attachment":[{"href":"https:\/\/www.wcb.mb.ca\/fr\/wp-json\/wp\/v2\/media?parent=18456"}],"wp:term":[{"taxonomy":"post_tag","embeddable":true,"href":"https:\/\/www.wcb.mb.ca\/fr\/wp-json\/wp\/v2\/tags?post=18456"}],"curies":[{"name":"wp","href":"https:\/\/api.w.org\/{rel}","templated":true}]}}