{"id":18287,"date":"2025-04-15T15:39:20","date_gmt":"2025-04-15T19:39:20","guid":{"rendered":"https:\/\/www.wcb.mb.ca\/?page_id=18287"},"modified":"2025-10-25T11:49:40","modified_gmt":"2025-10-25T15:49:40","slug":"indice-de-sante-et-de-securite-du-manitoba-prevention","status":"publish","type":"page","link":"https:\/\/www.wcb.mb.ca\/fr\/sain-et-sauf-au-travail-manitoba\/indice-de-sante-et-de-securite-du-manitoba\/indice-de-sante-et-de-securite-du-manitoba-prevention\/","title":{"rendered":"Indice de sant\u00e9 et de s\u00e9curit\u00e9 du Manitoba \u2013 Pr\u00e9vention"},"content":{"rendered":"\t\t<div data-elementor-type=\"wp-page\" data-elementor-id=\"18287\" class=\"elementor elementor-18287 elementor-13448\" data-elementor-post-type=\"page\">\n\t\t\t\t<div class=\"elementor-element elementor-element-0b5666e e-flex e-con-boxed e-con e-parent\" data-id=\"0b5666e\" data-element_type=\"container\" data-e-type=\"container\">\n\t\t\t\t\t<div class=\"e-con-inner\">\n\t\t\t\t<div class=\"elementor-element elementor-element-b848f8c elementor-widget elementor-widget-st-header-image\" data-id=\"b848f8c\" data-element_type=\"widget\" data-e-type=\"widget\" data-widget_type=\"st-header-image.default\">\n\t\t\t\t<div class=\"elementor-widget-container\">\n\t\t\t\t\t<div class=\"c-headerImage g-layout__padding c-headerImage--noImage\"><div class=\"c-headerImage__container g-layout__maxWidth\"><div class=\"c-headerImage__content\"><div ><h1>Indice de sant\u00e9 et de s\u00e9curit\u00e9 du Manitoba \u2013 Pr\u00e9vention<\/h1><\/div><\/div><\/div><\/div>\t\t\t\t<\/div>\n\t\t\t\t<\/div>\n\t\t\t\t\t<\/div>\n\t\t\t\t<\/div>\n\t\t<div class=\"elementor-element elementor-element-2365f773 e-grid e-con-boxed e-con e-parent\" data-id=\"2365f773\" data-element_type=\"container\" data-e-type=\"container\">\n\t\t\t\t\t<div class=\"e-con-inner\">\n\t\t<div class=\"elementor-element elementor-element-44af72f e-con-full e-flex e-con e-child\" data-id=\"44af72f\" data-element_type=\"container\" data-e-type=\"container\">\n\t\t\t\t<div class=\"elementor-element elementor-element-3d99e063 elementor-widget elementor-widget-text-editor\" data-id=\"3d99e063\" data-element_type=\"widget\" data-e-type=\"widget\" data-widget_type=\"text-editor.default\">\n\t\t\t\t<div class=\"elementor-widget-container\">\n\t\t\t\t\t\t\t\t\t<p><strong>La pr\u00e9vention des maladies et blessures repose enti\u00e8rement sur la cr\u00e9ation de milieux de travail<\/strong><strong> <\/strong><strong>sains et s\u00e9curitaires.<\/strong><\/p>\n<p>Il faut donc une approche proactive, syst\u00e9matique et organis\u00e9e pour d\u00e9tecter les dangers au milieu de travail, \u00e9valuer les risques et trouver des moyens plus s\u00e9curitaires pour effectuer des t\u00e2ches tous les jours. Il faut incorporer la pr\u00e9vention dans toutes les facettes des op\u00e9rations et des activit\u00e9s quotidiennes du milieu de travail.<\/p>\n\t\t\t\t\t\t\t\t<\/div>\n\t\t\t\t<\/div>\n\t\t\t\t<div class=\"elementor-element elementor-element-5365b6d elementor-widget elementor-widget-text-editor\" data-id=\"5365b6d\" data-element_type=\"widget\" data-e-type=\"widget\" data-widget_type=\"text-editor.default\">\n\t\t\t\t<div class=\"elementor-widget-container\">\n\t\t\t\t\t\t\t\t\t<h2>Voici les mesures associ\u00e9es au composant de la pr\u00e9vention\u00a0:<\/h2>\n<p>&nbsp;<\/p>\n<h3>Perception des activit\u00e9s de pr\u00e9vention en milieu de travail<\/h3>\n<p>Cette mesure \u00e9value la perception que les Manitobains ont des activit\u00e9s de pr\u00e9vention en milieu de travail, notamment la formation en sant\u00e9 et s\u00e9curit\u00e9, ainsi que l\u2019identification et le contr\u00f4le des risques dans leur milieu de travail. Quand elles sont bien implant\u00e9es dans un milieu de travail, ces activit\u00e9s contribuent \u00e0 pr\u00e9venir les blessures et maladies professionnelles. En promouvant la sensibilisation et une communication ouverte et en encourageant la participation \u00e0 ces activit\u00e9s, on s\u2019assure que les travailleurs comprennent l\u2019importance de la sant\u00e9 et de la s\u00e9curit\u00e9 au sein de leur milieu de travail et appuient les efforts de pr\u00e9vention des blessures et des maladies.<\/p>\n<p>Provenance des donn\u00e9es\u00a0: Sondage annuel de SAIN et SAUF au travail&nbsp;<\/p>\n<p>Orientation souhait\u00e9e\u00a0: +1, c.-\u00e0-d. un accent accru sur les activit\u00e9s de pr\u00e9vention des blessures et des maladies dans les milieux de travail du Manitoba<\/p>\n<p>&nbsp;<\/p>\n<h3>Perception du soutien \u00e0 la s\u00e9curit\u00e9 en milieu de travail<\/h3>\n<p>Cette mesure \u00e9value la perception des Manitobains \u00e0 propos du soutien et des ressources disponibles, notamment les outils, l\u2019\u00e9quipement et le mat\u00e9riel de communication des dangers, qui contribuent \u00e0 d\u00e9terminer la force du soutien \u00e0 la s\u00e9curit\u00e9 offert en milieu de travail. Les travailleurs doivent se sentir soutenus et savoir o\u00f9 trouver les outils n\u00e9cessaires \u00e0 un environnement de travail s\u00e9curitaire. Toute situation o\u00f9 les travailleurs ont l\u2019impression que leurs pr\u00e9occupations en mati\u00e8re de s\u00e9curit\u00e9 ne sont pas entendues ou, pire, ils ne savent pas \u00e0 qui exprimer leurs pr\u00e9occupations constitue un probl\u00e8me.<\/p>\n<p>Provenance des donn\u00e9es\u00a0: Sondage annuel de SAIN et SAUF au travail&nbsp;<\/p>\n<p>Orientation souhait\u00e9e\u00a0: +1, c.-\u00e0-d. une am\u00e9lioration dans la quantit\u00e9 et la qualit\u00e9 du soutien et des ressources en sant\u00e9 et en s\u00e9curit\u00e9 disponibles dans le milieu de travail<\/p>\n<p>&nbsp;<\/p>\n<h3>Pourcentage de la masse salariale totale qui est Certifi\u00e9e, SAIN et SAUF au travail<\/h3>\n<p>\u200bCette mesure indique le pourcentage de la masse salariale couverte par la WCB qui est Certifi\u00e9e, SAIN et SAUF au travail. Le programme Certifi\u00e9, SAIN et SAUF au travail est ax\u00e9 autour de trois composants essentiels\u00a0: l\u2019engagement de la direction, l\u2019identification et le contr\u00f4le des risques et la participation des travailleurs. Les employeurs Certifi\u00e9s, SAIN et SAUF au travail sont dot\u00e9s d\u2019un programme de s\u00e9curit\u00e9 et de sant\u00e9 au travail complet et robuste. En principe, plus \u00e9lev\u00e9 est le nombre d\u2019employeurs certifi\u00e9s, plus la sant\u00e9 et la s\u00e9curit\u00e9 globales des Manitobains s\u2019am\u00e9liorent.<\/p>\n<p>Provenance des donn\u00e9es\u00a0: Commission des accidents du travail du Manitoba&nbsp;<\/p>\n<p>Orientation souhait\u00e9e\u00a0: +1, c.-\u00e0-d. une hausse dans la proportion de la masse salariale Certifi\u00e9e, SAIN et SAUF au travail au sein de la province<\/p>\n\t\t\t\t\t\t\t\t<\/div>\n\t\t\t\t<\/div>\n\t\t\t\t<\/div>\n\t\t<div class=\"elementor-element elementor-element-61ac9ae0 e-con-full e-flex e-con e-child\" data-id=\"61ac9ae0\" data-element_type=\"container\" data-e-type=\"container\" data-settings=\"{&quot;background_background&quot;:&quot;classic&quot;}\">\n\t\t\t\t<div class=\"elementor-element elementor-element-7f9b2205 elementor-widget elementor-widget-st-link-list\" data-id=\"7f9b2205\" data-element_type=\"widget\" data-e-type=\"widget\" data-widget_type=\"st-link-list.default\">\n\t\t\t\t<div class=\"elementor-widget-container\">\n\t\t\t\t\t<div class=\"c-linkList c-linkList--default c-linkList--default\"><h2 class=\"c-linkList__title\"><span >Liens connexes<\/span><\/h2><div class=\"c-linkList__list\"><\/div><\/div>\t\t\t\t<\/div>\n\t\t\t\t<\/div>\n\t\t\t\t<div class=\"elementor-element elementor-element-34cb8c4b elementor-widget elementor-widget-st-cats\" data-id=\"34cb8c4b\" data-element_type=\"widget\" data-e-type=\"widget\" data-widget_type=\"st-cats.default\">\n\t\t\t\t<div class=\"elementor-widget-container\">\n\t\t\t\t\t<div class=\"c-ctaList\"><\/div>\t\t\t\t<\/div>\n\t\t\t\t<\/div>\n\t\t\t\t<\/div>\n\t\t\t\t\t<\/div>\n\t\t\t\t<\/div>\n\t\t\t\t<\/div>\n\t\t","protected":false},"excerpt":{"rendered":"<p>La pr\u00e9vention des maladies et blessures repose enti\u00e8rement sur la cr\u00e9ation de milieux de travail sains et s\u00e9curitaires. Il faut donc une approche proactive, syst\u00e9matique et organis\u00e9e pour d\u00e9tecter les dangers au milieu de travail, \u00e9valuer les risques et trouver des moyens plus s\u00e9curitaires pour effectuer des t\u00e2ches tous les jours. Il faut incorporer la [&hellip;]<\/p>\n","protected":false},"author":1,"featured_media":0,"parent":18456,"menu_order":0,"comment_status":"closed","ping_status":"closed","template":"","meta":{"_acf_changed":false,"footnotes":""},"tags":[],"class_list":["post-18287","page","type-page","status-publish","hentry"],"acf":[],"_links":{"self":[{"href":"https:\/\/www.wcb.mb.ca\/fr\/wp-json\/wp\/v2\/pages\/18287","targetHints":{"allow":["GET"]}}],"collection":[{"href":"https:\/\/www.wcb.mb.ca\/fr\/wp-json\/wp\/v2\/pages"}],"about":[{"href":"https:\/\/www.wcb.mb.ca\/fr\/wp-json\/wp\/v2\/types\/page"}],"author":[{"embeddable":true,"href":"https:\/\/www.wcb.mb.ca\/fr\/wp-json\/wp\/v2\/users\/1"}],"replies":[{"embeddable":true,"href":"https:\/\/www.wcb.mb.ca\/fr\/wp-json\/wp\/v2\/comments?post=18287"}],"version-history":[{"count":1,"href":"https:\/\/www.wcb.mb.ca\/fr\/wp-json\/wp\/v2\/pages\/18287\/revisions"}],"predecessor-version":[{"id":18288,"href":"https:\/\/www.wcb.mb.ca\/fr\/wp-json\/wp\/v2\/pages\/18287\/revisions\/18288"}],"up":[{"embeddable":true,"href":"https:\/\/www.wcb.mb.ca\/fr\/wp-json\/wp\/v2\/pages\/18456"}],"wp:attachment":[{"href":"https:\/\/www.wcb.mb.ca\/fr\/wp-json\/wp\/v2\/media?parent=18287"}],"wp:term":[{"taxonomy":"post_tag","embeddable":true,"href":"https:\/\/www.wcb.mb.ca\/fr\/wp-json\/wp\/v2\/tags?post=18287"}],"curies":[{"name":"wp","href":"https:\/\/api.w.org\/{rel}","templated":true}]}}