{"id":18285,"date":"2025-04-15T15:39:59","date_gmt":"2025-04-15T19:39:59","guid":{"rendered":"https:\/\/www.wcb.mb.ca\/?page_id=18285"},"modified":"2025-10-25T13:37:07","modified_gmt":"2025-10-25T17:37:07","slug":"indice-de-sante-et-de-securite-du-manitoba-culture-du-milieu-de-travail","status":"publish","type":"page","link":"https:\/\/www.wcb.mb.ca\/fr\/sain-et-sauf-au-travail-manitoba\/indice-de-sante-et-de-securite-du-manitoba\/indice-de-sante-et-de-securite-du-manitoba-culture-du-milieu-de-travail\/","title":{"rendered":"Indice de sant\u00e9 et de s\u00e9curit\u00e9 du Manitoba \u2013 Culture du milieu de travail"},"content":{"rendered":"\t\t<div data-elementor-type=\"wp-page\" data-elementor-id=\"18285\" class=\"elementor elementor-18285 elementor-13453\" data-elementor-post-type=\"page\">\n\t\t\t\t<div class=\"elementor-element elementor-element-5060251 e-flex e-con-boxed e-con e-parent\" data-id=\"5060251\" data-element_type=\"container\" data-e-type=\"container\">\n\t\t\t\t\t<div class=\"e-con-inner\">\n\t\t\t\t<div class=\"elementor-element elementor-element-2e1cebb elementor-widget elementor-widget-st-header-image\" data-id=\"2e1cebb\" data-element_type=\"widget\" data-e-type=\"widget\" data-widget_type=\"st-header-image.default\">\n\t\t\t\t<div class=\"elementor-widget-container\">\n\t\t\t\t\t<div class=\"c-headerImage g-layout__padding c-headerImage--noImage\"><div class=\"c-headerImage__container g-layout__maxWidth\"><div class=\"c-headerImage__content\"><div ><h1>Indice de sant\u00e9 et de s\u00e9curit\u00e9 du Manitoba \u2013 Culture du milieu de travail<\/h1><\/div><\/div><\/div><\/div>\t\t\t\t<\/div>\n\t\t\t\t<\/div>\n\t\t\t\t\t<\/div>\n\t\t\t\t<\/div>\n\t\t<div class=\"elementor-element elementor-element-53c888b9 e-grid e-con-boxed e-con e-parent\" data-id=\"53c888b9\" data-element_type=\"container\" data-e-type=\"container\">\n\t\t\t\t\t<div class=\"e-con-inner\">\n\t\t<div class=\"elementor-element elementor-element-485901d1 e-con-full e-flex e-con e-child\" data-id=\"485901d1\" data-element_type=\"container\" data-e-type=\"container\">\n\t\t\t\t<div class=\"elementor-element elementor-element-5be9900e elementor-widget elementor-widget-text-editor\" data-id=\"5be9900e\" data-element_type=\"widget\" data-e-type=\"widget\" data-widget_type=\"text-editor.default\">\n\t\t\t\t<div class=\"elementor-widget-container\">\n\t\t\t\t\t\t\t\t\t<p><strong>La culture du milieu de travail se d\u00e9finit comme un ensemble de valeurs, croyances, comportements et attitudes communs au sein du milieu de travail et a une incidence majeure sur les efforts de pr\u00e9vention des blessures.<\/strong><\/p>\n<p>En faisant la promotion d\u2019une culture de s\u00e9curit\u00e9 positive et en mettant en \u0153uvre des strat\u00e9gies de pr\u00e9vention des blessures, les lieux de travail peuvent cr\u00e9er un environnement sain et s\u00e9curitaire pour leurs travailleurs et r\u00e9duire le risque de blessures et maladies professionnelles.<\/p>\n<p>Inversement, dans une culture de s\u00e9curit\u00e9 n\u00e9gative o\u00f9 la s\u00e9curit\u00e9 n\u2019est pas une priorit\u00e9, les efforts de pr\u00e9vention des blessures peuvent \u00eatre compromis en raison d\u2019un manque d\u2019engagement.<\/p>\n\t\t\t\t\t\t\t\t<\/div>\n\t\t\t\t<\/div>\n\t\t\t\t<div class=\"elementor-element elementor-element-7717cde elementor-widget elementor-widget-text-editor\" data-id=\"7717cde\" data-element_type=\"widget\" data-e-type=\"widget\" data-widget_type=\"text-editor.default\">\n\t\t\t\t<div class=\"elementor-widget-container\">\n\t\t\t\t\t\t\t\t\t<h2>Voici les mesures associ\u00e9es au composant de la culture du milieu de travail\u00a0:<\/h2>\n<p><\/p>\n<h3>Implication de la direction<\/h3>\n<p>Cette mesure \u00e9value la perception que les Manitobains ont de l\u2019engagement de la direction envers la sant\u00e9 et la s\u00e9curit\u00e9 dans leur milieu de travail. Les dirigeants d\u00e9montrent cet engagement en attribuant des ressources, en appuyant un environnement de travail respectueux et transparent, en communiquant et en prenant des d\u00e9cisions qui illustrent que la sant\u00e9 et la s\u00e9curit\u00e9 sont tout aussi importantes que la productivit\u00e9 et la qualit\u00e9.<\/p>\n<p>Provenance des donn\u00e9es\u00a0: Sondage annuel de SAIN et SAUF au travail<\/p>\n<p>Orientation souhait\u00e9e\u00a0: +1, c.-\u00e0-d. une hausse dans le niveau d\u2019implication de la direction dans les questions li\u00e9es \u00e0 la sant\u00e9 et \u00e0 la s\u00e9curit\u00e9.<\/p>\n<p><\/p>\n<h3>Participation des travailleurs<\/h3>\n<p>Cette mesure \u00e9value le niveau de participation des travailleurs dans les d\u00e9cisions li\u00e9es \u00e0 la sant\u00e9 et \u00e0 la s\u00e9curit\u00e9 en milieu de travail. Encourager les travailleurs \u00e0 participer aux d\u00e9cisions en mati\u00e8re de s\u00e9curit\u00e9 permet aux travailleurs de se sentir appr\u00e9ci\u00e9s et prot\u00e9g\u00e9s. Ils seront habilit\u00e9s \u00e0 s\u2019impliquer dans leur sant\u00e9 et leur s\u00e9curit\u00e9 et \u00e0 accorder la priorit\u00e9 \u00e0 la s\u00e9curit\u00e9 dans tout ce qu\u2019ils font.<\/p>\n<p>Provenance des donn\u00e9es\u00a0: Sondage annuel de SAIN et SAUF au travail<\/p>\n<p>Orientation souhait\u00e9e\u00a0: +1, c.-\u00e0-d. une hausse dans le niveau de participation des travailleurs aux questions li\u00e9es \u00e0 la sant\u00e9 et \u00e0 la s\u00e9curit\u00e9.<\/p>\n<p><\/p>\n<h3>Connaissance de la l\u00e9gislation<\/h3>\n<p>Cette mesure \u00e9value le niveau de compr\u00e9hension des travailleurs \u00e0 propos de la l\u00e9gislation en mati\u00e8re de sant\u00e9 et de s\u00e9curit\u00e9 en milieu de travail, avec un accent particulier sur les droits et responsabilit\u00e9s des travailleurs. La connaissance de la Loi sur la s\u00e9curit\u00e9 et l\u2019hygi\u00e8ne du travail et la compr\u00e9hension de ses droits et responsabilit\u00e9s en vertu de cette loi contribuent \u00e0 cr\u00e9er des milieux de travail sains et s\u00e9curitaires.<\/p>\n<p>Provenance des donn\u00e9es\u00a0: Sondage annuel de SAIN et SAUF au travail<\/p>\n<p>Orientation souhait\u00e9e\u00a0: +1, c.-\u00e0-d. une hausse dans le niveau de sensibilisation des travailleurs \u00e0 la l\u00e9gislation en mati\u00e8re de sant\u00e9 et de s\u00e9curit\u00e9.<\/p>\n<p><\/p>\n<h3>Exp\u00e9rience des travailleurs de la culture de s\u00e9curit\u00e9<\/h3>\n<p>Cette mesure refl\u00e8te la perception des travailleurs sur la fa\u00e7on dont les questions de sant\u00e9 et de s\u00e9curit\u00e9 sont trait\u00e9es en milieu de travail. La s\u00e9curit\u00e9 occupe une place tout aussi importante que la productivit\u00e9 et la qualit\u00e9. La communication doit \u00eatre ouverte et repr\u00e9senter un environnement o\u00f9 la confiance et le respect comptent dans les interactions quotidiennes, surtout pour la r\u00e9solution de conflits et la solution de probl\u00e8mes. L\u2019environnement de travail doit \u00eatre inclusif et de multiples m\u00e9thodes de communication doivent \u00eatre utilis\u00e9es afin de s\u2019adresser aux travailleurs allophones ou \u00e0 divers niveaux de litt\u00e9ratie.<\/p>\n<p>Provenance des donn\u00e9es\u00a0: Sondage annuel de SAIN et SAUF au travail<\/p>\n<p>Orientation souhait\u00e9e\u00a0: +1, c.-\u00e0-d. une am\u00e9lioration de l\u2019exp\u00e9rience et de la perception des travailleurs par rapport \u00e0 la culture de leur milieu de travail.<\/p>\t\t\t\t\t\t\t\t<\/div>\n\t\t\t\t<\/div>\n\t\t\t\t<\/div>\n\t\t<div class=\"elementor-element elementor-element-42184720 e-con-full e-flex e-con e-child\" data-id=\"42184720\" data-element_type=\"container\" data-e-type=\"container\" data-settings=\"{&quot;background_background&quot;:&quot;classic&quot;}\">\n\t\t\t\t<div class=\"elementor-element elementor-element-60116274 elementor-widget elementor-widget-st-link-list\" data-id=\"60116274\" data-element_type=\"widget\" data-e-type=\"widget\" data-widget_type=\"st-link-list.default\">\n\t\t\t\t<div class=\"elementor-widget-container\">\n\t\t\t\t\t<div class=\"c-linkList c-linkList--default c-linkList--default\"><h2 class=\"c-linkList__title\"><span >Liens connexes<\/span><\/h2><div class=\"c-linkList__list\"><\/div><\/div>\t\t\t\t<\/div>\n\t\t\t\t<\/div>\n\t\t\t\t<div class=\"elementor-element elementor-element-3cd4a9c5 elementor-widget elementor-widget-st-cats\" data-id=\"3cd4a9c5\" data-element_type=\"widget\" data-e-type=\"widget\" data-widget_type=\"st-cats.default\">\n\t\t\t\t<div class=\"elementor-widget-container\">\n\t\t\t\t\t<div class=\"c-ctaList\"><\/div>\t\t\t\t<\/div>\n\t\t\t\t<\/div>\n\t\t\t\t<\/div>\n\t\t\t\t\t<\/div>\n\t\t\t\t<\/div>\n\t\t\t\t<\/div>\n\t\t","protected":false},"excerpt":{"rendered":"<p>La culture du milieu de travail se d\u00e9finit comme un ensemble de valeurs, croyances, comportements et attitudes communs au sein du milieu de travail et a une incidence majeure sur les efforts de pr\u00e9vention des blessures. En faisant la promotion d\u2019une culture de s\u00e9curit\u00e9 positive et en mettant en \u0153uvre des strat\u00e9gies de pr\u00e9vention des [&hellip;]<\/p>\n","protected":false},"author":1,"featured_media":0,"parent":18456,"menu_order":0,"comment_status":"closed","ping_status":"closed","template":"","meta":{"_acf_changed":false,"footnotes":""},"tags":[],"class_list":["post-18285","page","type-page","status-publish","hentry"],"acf":[],"_links":{"self":[{"href":"https:\/\/www.wcb.mb.ca\/fr\/wp-json\/wp\/v2\/pages\/18285","targetHints":{"allow":["GET"]}}],"collection":[{"href":"https:\/\/www.wcb.mb.ca\/fr\/wp-json\/wp\/v2\/pages"}],"about":[{"href":"https:\/\/www.wcb.mb.ca\/fr\/wp-json\/wp\/v2\/types\/page"}],"author":[{"embeddable":true,"href":"https:\/\/www.wcb.mb.ca\/fr\/wp-json\/wp\/v2\/users\/1"}],"replies":[{"embeddable":true,"href":"https:\/\/www.wcb.mb.ca\/fr\/wp-json\/wp\/v2\/comments?post=18285"}],"version-history":[{"count":1,"href":"https:\/\/www.wcb.mb.ca\/fr\/wp-json\/wp\/v2\/pages\/18285\/revisions"}],"predecessor-version":[{"id":18286,"href":"https:\/\/www.wcb.mb.ca\/fr\/wp-json\/wp\/v2\/pages\/18285\/revisions\/18286"}],"up":[{"embeddable":true,"href":"https:\/\/www.wcb.mb.ca\/fr\/wp-json\/wp\/v2\/pages\/18456"}],"wp:attachment":[{"href":"https:\/\/www.wcb.mb.ca\/fr\/wp-json\/wp\/v2\/media?parent=18285"}],"wp:term":[{"taxonomy":"post_tag","embeddable":true,"href":"https:\/\/www.wcb.mb.ca\/fr\/wp-json\/wp\/v2\/tags?post=18285"}],"curies":[{"name":"wp","href":"https:\/\/api.w.org\/{rel}","templated":true}]}}