{"id":18281,"date":"2025-02-13T15:29:59","date_gmt":"2025-02-13T20:29:59","guid":{"rendered":"https:\/\/www.wcb.mb.ca\/?page_id=18281"},"modified":"2026-01-13T15:08:46","modified_gmt":"2026-01-13T20:08:46","slug":"responsabilites-du-fournisseur-de-soins-de-sante","status":"publish","type":"page","link":"https:\/\/www.wcb.mb.ca\/fr\/fournisseurs-de-soins-de-sante\/responsabilites-du-fournisseur-de-soins-de-sante\/","title":{"rendered":"Responsabilit\u00e9s du fournisseur de soins de sant\u00e9"},"content":{"rendered":"\t\t<div data-elementor-type=\"wp-page\" data-elementor-id=\"18281\" class=\"elementor elementor-18281 elementor-6812\" data-elementor-post-type=\"page\">\n\t\t\t\t<div class=\"elementor-element elementor-element-537edb1 e-flex e-con-boxed e-con e-parent\" data-id=\"537edb1\" data-element_type=\"container\" data-e-type=\"container\">\n\t\t\t\t\t<div class=\"e-con-inner\">\n\t\t\t\t<div class=\"elementor-element elementor-element-69f05e3 elementor-widget elementor-widget-st-header-image\" data-id=\"69f05e3\" data-element_type=\"widget\" data-e-type=\"widget\" data-widget_type=\"st-header-image.default\">\n\t\t\t\t<div class=\"elementor-widget-container\">\n\t\t\t\t\t<div class=\"c-headerImage g-layout__padding c-headerImage--noImage\"><div class=\"c-headerImage__container g-layout__maxWidth\"><div class=\"c-headerImage__content\"><div ><h1>Responsabilit\u00e9s du fournisseur de soins de sant\u00e9<\/h1><\/div><\/div><\/div><\/div>\t\t\t\t<\/div>\n\t\t\t\t<\/div>\n\t\t\t\t\t<\/div>\n\t\t\t\t<\/div>\n\t\t<div class=\"elementor-element elementor-element-67782d61 e-flex e-con-boxed e-con e-parent\" data-id=\"67782d61\" data-element_type=\"container\" data-e-type=\"container\">\n\t\t\t\t\t<div class=\"e-con-inner\">\n\t\t<div class=\"elementor-element elementor-element-4ae58440 e-con-full e-flex e-con e-child\" data-id=\"4ae58440\" data-element_type=\"container\" data-e-type=\"container\">\n\t\t\t\t<div class=\"elementor-element elementor-element-a70136b elementor-widget elementor-widget-text-editor\" data-id=\"a70136b\" data-element_type=\"widget\" data-e-type=\"widget\" data-widget_type=\"text-editor.default\">\n\t\t\t\t<div class=\"elementor-widget-container\">\n\t\t\t\t\t\t\t\t\t<h2>Voici vos responsabilit\u00e9s \u00e0 titre de fournisseur de soins de sant\u00e9<\/h2>\n<ul>\n<li>Diagnostiquer et traiter la blessure ou la maladie en adoptant une approche fond\u00e9e sur des preuves.&nbsp;<\/li>\n<li>Fournir gratuitement des renseignements, des conseils et une assistance au travailleur bless\u00e9, y compris tous certificats requis par la WCB.&nbsp;&nbsp;<\/li>\n<li>Communiquer les capacit\u00e9s du travailleur au travailleur et \u00e0 l\u2019employeur.&nbsp;<\/li>\n<li>Collaborer avec d\u2019autres professionnels de la sant\u00e9 pour faciliter la gu\u00e9rison du travailleur bless\u00e9 et son retour au travail de mani\u00e8re adapt\u00e9e et s\u00e9curitaire.&nbsp;<\/li>\n<li>Remplir et soumettre rapidement les rapports \u00e0 la WCB.&nbsp;<\/li>\n<li>Facturer les services d\u2019assistance m\u00e9dicale \u00e0 la WCB dans les 12\u00a0mois suivant la fin de la prise en charge du patient ou dans les 12\u00a0mois suivant le retour au travail du travailleur apr\u00e8s sa blessure, selon la premi\u00e8re \u00e9ventualit\u00e9.&nbsp;<\/li>\n<\/ul>\t\t\t\t\t\t\t\t<\/div>\n\t\t\t\t<\/div>\n\t\t\t\t<div class=\"elementor-element elementor-element-5ba9cc8 elementor-widget elementor-widget-text-editor\" data-id=\"5ba9cc8\" data-element_type=\"widget\" data-e-type=\"widget\" data-widget_type=\"text-editor.default\">\n\t\t\t\t<div class=\"elementor-widget-container\">\n\t\t\t\t\t\t\t\t\t<h2>Signaler la fraude et la non-conformit\u00e9<\/h2><p>Les fournisseurs de soins de sant\u00e9 ont des droits et responsabilit\u00e9s sp\u00e9cifiques dans le cadre du syst\u00e8me d\u2019indemnisation des travailleurs.<\/p><p>Si vous soup\u00e7onnez un fournisseur de soins de sant\u00e9 de non-conformit\u00e9 aux exigences de la WCB, pri\u00e8re de nous en informer.<\/p><p>Apprenez-en plus sur le <a href=\"https:\/\/www.wcb.mb.ca\/fr\/contact\/signaler-la-fraude-et-la-non-conformite\/\"><strong>signalement de la fraude et de la non-conformit\u00e9<\/strong><\/a>.<\/p>\t\t\t\t\t\t\t\t<\/div>\n\t\t\t\t<\/div>\n\t\t\t\t<\/div>\n\t\t<div class=\"elementor-element elementor-element-386b0c8 e-con-full e-flex e-con e-child\" data-id=\"386b0c8\" data-element_type=\"container\" data-e-type=\"container\" data-settings=\"{&quot;background_background&quot;:&quot;classic&quot;}\">\n\t\t\t\t<div class=\"elementor-element elementor-element-3a9ebad9 elementor-widget elementor-widget-st-link-list\" data-id=\"3a9ebad9\" data-element_type=\"widget\" data-e-type=\"widget\" data-widget_type=\"st-link-list.default\">\n\t\t\t\t<div class=\"elementor-widget-container\">\n\t\t\t\t\t<div class=\"c-linkList c-linkList--default c-linkList--default\"><h2 class=\"c-linkList__title\"><span >Liens connexes<\/span><\/h2><div class=\"c-linkList__list\"><div class=\"c-linkList__item\"><a class=\"c-linkList__itemBtn g-btn__arrow--fullWidth\" href=\"\/fr\/fournisseurs-de-soins-de-sante\/conformite-et-legislation\/\"><span >Conformit\u00e9 et l\u00e9gislation<\/span><\/a><\/div><div class=\"c-linkList__item\"><a class=\"c-linkList__itemBtn g-btn__arrow--fullWidth\" href=\"\/fr\/contact\/signaler-la-fraude-et-la-non-conformite\/\"><span >Signaler la fraude et la non-conformit\u00e9<\/span><\/a><\/div><div class=\"c-linkList__item\"><a class=\"c-linkList__itemBtn g-btn__arrow--fullWidth\" href=\"\/fr\/fournisseurs-de-soins-de-sante\/retour-au-travail\/\"><span >Information sur le retour au travail<\/span><\/a><\/div><\/div><\/div>\t\t\t\t<\/div>\n\t\t\t\t<\/div>\n\t\t\t\t<div class=\"elementor-element elementor-element-12012054 elementor-widget elementor-widget-st-cats\" data-id=\"12012054\" data-element_type=\"widget\" data-e-type=\"widget\" data-widget_type=\"st-cats.default\">\n\t\t\t\t<div class=\"elementor-widget-container\">\n\t\t\t\t\t<div class=\"c-ctaList\"><\/div>\t\t\t\t<\/div>\n\t\t\t\t<\/div>\n\t\t\t\t<\/div>\n\t\t\t\t\t<\/div>\n\t\t\t\t<\/div>\n\t\t\t\t<\/div>\n\t\t","protected":false},"excerpt":{"rendered":"<p>Responsabilit\u00e9s du fournisseur de soins de sant\u00e9 Voici vos responsabilit\u00e9s \u00e0 titre de fournisseur de soins de sant\u00e9 Diagnostiquer et traiter la blessure ou la maladie en adoptant une approche fond\u00e9e sur des preuves.&nbsp; Fournir gratuitement des renseignements, des conseils et une assistance au travailleur bless\u00e9, y compris tous certificats requis par la WCB.&nbsp;&nbsp; Communiquer [&hellip;]<\/p>\n","protected":false},"author":1,"featured_media":0,"parent":1897,"menu_order":0,"comment_status":"closed","ping_status":"closed","template":"","meta":{"_acf_changed":false,"footnotes":""},"tags":[],"class_list":["post-18281","page","type-page","status-publish","hentry"],"acf":[],"_links":{"self":[{"href":"https:\/\/www.wcb.mb.ca\/fr\/wp-json\/wp\/v2\/pages\/18281","targetHints":{"allow":["GET"]}}],"collection":[{"href":"https:\/\/www.wcb.mb.ca\/fr\/wp-json\/wp\/v2\/pages"}],"about":[{"href":"https:\/\/www.wcb.mb.ca\/fr\/wp-json\/wp\/v2\/types\/page"}],"author":[{"embeddable":true,"href":"https:\/\/www.wcb.mb.ca\/fr\/wp-json\/wp\/v2\/users\/1"}],"replies":[{"embeddable":true,"href":"https:\/\/www.wcb.mb.ca\/fr\/wp-json\/wp\/v2\/comments?post=18281"}],"version-history":[{"count":8,"href":"https:\/\/www.wcb.mb.ca\/fr\/wp-json\/wp\/v2\/pages\/18281\/revisions"}],"predecessor-version":[{"id":22076,"href":"https:\/\/www.wcb.mb.ca\/fr\/wp-json\/wp\/v2\/pages\/18281\/revisions\/22076"}],"up":[{"embeddable":true,"href":"https:\/\/www.wcb.mb.ca\/fr\/wp-json\/wp\/v2\/pages\/1897"}],"wp:attachment":[{"href":"https:\/\/www.wcb.mb.ca\/fr\/wp-json\/wp\/v2\/media?parent=18281"}],"wp:term":[{"taxonomy":"post_tag","embeddable":true,"href":"https:\/\/www.wcb.mb.ca\/fr\/wp-json\/wp\/v2\/tags?post=18281"}],"curies":[{"name":"wp","href":"https:\/\/api.w.org\/{rel}","templated":true}]}}