{"id":18273,"date":"2025-03-03T10:58:03","date_gmt":"2025-03-03T15:58:03","guid":{"rendered":"https:\/\/www.wcb.mb.ca\/?page_id=18273"},"modified":"2026-01-13T14:56:07","modified_gmt":"2026-01-13T19:56:07","slug":"soumission-de-factures","status":"publish","type":"page","link":"https:\/\/www.wcb.mb.ca\/fr\/fournisseurs-de-soins-de-sante\/portail-ehealth\/soumission-de-factures\/","title":{"rendered":"Soumission de factures"},"content":{"rendered":"\t\t<div data-elementor-type=\"wp-page\" data-elementor-id=\"18273\" class=\"elementor elementor-18273 elementor-8207\" data-elementor-post-type=\"page\">\n\t\t\t\t<div class=\"elementor-element elementor-element-8667fdc e-flex e-con-boxed e-con e-parent\" data-id=\"8667fdc\" data-element_type=\"container\" data-e-type=\"container\">\n\t\t\t\t\t<div class=\"e-con-inner\">\n\t\t\t\t<div class=\"elementor-element elementor-element-1bf3000 elementor-widget elementor-widget-st-header-image\" data-id=\"1bf3000\" data-element_type=\"widget\" data-e-type=\"widget\" data-widget_type=\"st-header-image.default\">\n\t\t\t\t<div class=\"elementor-widget-container\">\n\t\t\t\t\t<div class=\"c-headerImage g-layout__padding c-headerImage--noImage\"><div class=\"c-headerImage__container g-layout__maxWidth\"><div class=\"c-headerImage__content\"><div ><h1>Soumission de factures<\/h1><\/div><\/div><\/div><\/div>\t\t\t\t<\/div>\n\t\t\t\t<\/div>\n\t\t\t\t\t<\/div>\n\t\t\t\t<\/div>\n\t\t<div class=\"elementor-element elementor-element-2a6e7a7d e-grid e-con-boxed e-con e-parent\" data-id=\"2a6e7a7d\" data-element_type=\"container\" data-e-type=\"container\">\n\t\t\t\t\t<div class=\"e-con-inner\">\n\t\t<div class=\"elementor-element elementor-element-22cd18b6 e-con-full e-flex e-con e-child\" data-id=\"22cd18b6\" data-element_type=\"container\" data-e-type=\"container\">\n\t\t\t\t<div class=\"elementor-element elementor-element-0681f25 elementor-widget__width-initial elementor-widget elementor-widget-text-editor\" data-id=\"0681f25\" data-element_type=\"widget\" data-e-type=\"widget\" data-widget_type=\"text-editor.default\">\n\t\t\t\t<div class=\"elementor-widget-container\">\n\t\t\t\t\t\t\t\t\t<p>Cette section pr\u00e9sente un aper\u00e7u de la soumission de factures dans le portail eHealth, y compris des instructions sur comment cr\u00e9er des factures pour une \u00e9valuation initiale, une visite de suivi et d\u2019autres services. Vous y trouverez aussi de l\u2019information sur la facturation de traitements, la gestion des paiements en trop et la consultation de factures ant\u00e9rieures.<\/p>\n\t\t\t\t\t\t\t\t<\/div>\n\t\t\t\t<\/div>\n\t\t\t\t<div class=\"elementor-element elementor-element-2318c21c elementor-widget__width-initial elementor-widget elementor-widget-text-editor\" data-id=\"2318c21c\" data-element_type=\"widget\" data-e-type=\"widget\" data-widget_type=\"text-editor.default\">\n\t\t\t\t<div class=\"elementor-widget-container\">\n\t\t\t\t\t\t\t\t\t<h2>Comment soumettre des factures<\/h2><p>Lorsqu\u2019un <strong>rapport initial<\/strong> est soumis, les factures pour la visite\/l\u2019\u00e9valuation initiale et les frais de rapport sont produites automatiquement. Si un <strong>traitement d\u2019acupuncture<\/strong> a \u00e9t\u00e9 donn\u00e9, le th\u00e9rapeute doit l\u2019indiquer dans le rapport initial. Des <strong>frais de rapport<\/strong> sont produits automatiquement lorsqu\u2019un rapport sur l\u2019\u00e9volution\/la fin de la prise en charge du patient est soumis.\u00a0<strong>\u00a0<\/strong><\/p><p>Pour soumettre des factures pour une visite\u00a0:<strong>\u00a0<\/strong><\/p><ul><li>Cliquez sur <strong><em>\u00ab\u00a0Record<\/em><\/strong> <strong><em>visit\u00a0\u00bb<\/em><\/strong> (enregistrer une visite) dans le menu.<strong>\u00a0<\/strong><\/li><li>S\u00e9lectionnez le type de visite en fonction de tous les services prodigu\u00e9s au cours de la visite (p. ex., avec ou sans acupuncture).<strong>\u00a0<\/strong><\/li><li>Le syst\u00e8me g\u00e9n\u00e9rera les postes de facture applicables d\u2019apr\u00e8s votre s\u00e9lection.\u00a0\u00a0<strong>\u00a0<\/strong><\/li><\/ul><p><br \/><br \/>Exemple\u00a0: La s\u00e9lection de l\u2019option \u00ab\u00a0Multi-site Visit\u00a0\u00bb (visite multisite) permettra de cr\u00e9er des factures pour un traitement multisite, une visite ult\u00e9rieure et un traitement d\u2019acupuncture (le cas \u00e9ch\u00e9ant).<\/p>\t\t\t\t\t\t\t\t<\/div>\n\t\t\t\t<\/div>\n\t\t\t\t<div class=\"elementor-element elementor-element-421240c elementor-widget__width-initial elementor-widget elementor-widget-text-editor\" data-id=\"421240c\" data-element_type=\"widget\" data-e-type=\"widget\" data-widget_type=\"text-editor.default\">\n\t\t\t\t<div class=\"elementor-widget-container\">\n\t\t\t\t\t\t\t\t\t<h2>Soumettre des factures pour d\u2019autres visites<\/h2><p>Pour cr\u00e9er une facture pour une consultation t\u00e9l\u00e9phonique, un rapport d\u00e9taill\u00e9, un autre traitement ou un \u00e9quipement approuv\u00e9, appuyez sur le signe <strong>$<\/strong> du c\u00f4t\u00e9 gauche de la page de capture de la r\u00e9clamation.<\/p><table aria-rowcount=\"2\"><thead><tr aria-rowindex=\"1\"><th data-celllook=\"0\"><p>Facturation d\u2019une consultation t\u00e9l\u00e9phonique\u00a0<\/p><\/th><th data-celllook=\"0\"><p>Facturation d\u2019autres d\u00e9penses\u00a0<\/p><\/th><\/tr><\/thead><tbody><tr aria-rowindex=\"2\"><td data-celllook=\"0\"><ul><li data-leveltext=\"\uf0b7\" data-font=\"Symbol\" data-listid=\"2\" data-list-defn-props=\"{&quot;335552541&quot;:1,&quot;335559685&quot;:360,&quot;335559991&quot;:360,&quot;469769226&quot;:&quot;Symbol&quot;,&quot;469769242&quot;:[8226],&quot;469777803&quot;:&quot;left&quot;,&quot;469777804&quot;:&quot;\uf0b7&quot;,&quot;469777815&quot;:&quot;hybridMultilevel&quot;}\" aria-setsize=\"-1\" data-aria-posinset=\"1\" data-aria-level=\"1\">Indiquez le nom du th\u00e9rapeute traitant\u00a0<\/li><\/ul><ul><li data-leveltext=\"\uf0b7\" data-font=\"Symbol\" data-listid=\"2\" data-list-defn-props=\"{&quot;335552541&quot;:1,&quot;335559685&quot;:360,&quot;335559991&quot;:360,&quot;469769226&quot;:&quot;Symbol&quot;,&quot;469769242&quot;:[8226],&quot;469777803&quot;:&quot;left&quot;,&quot;469777804&quot;:&quot;\uf0b7&quot;,&quot;469777815&quot;:&quot;hybridMultilevel&quot;}\" aria-setsize=\"-1\" data-aria-posinset=\"2\" data-aria-level=\"1\">Indiquez la dur\u00e9e du traitement, en incr\u00e9ments de cinq minutes\u00a0<\/li><\/ul><ul><li data-leveltext=\"\uf0b7\" data-font=\"Symbol\" data-listid=\"2\" data-list-defn-props=\"{&quot;335552541&quot;:1,&quot;335559685&quot;:360,&quot;335559991&quot;:360,&quot;469769226&quot;:&quot;Symbol&quot;,&quot;469769242&quot;:[8226],&quot;469777803&quot;:&quot;left&quot;,&quot;469777804&quot;:&quot;\uf0b7&quot;,&quot;469777815&quot;:&quot;hybridMultilevel&quot;}\" aria-setsize=\"-1\" data-aria-posinset=\"3\" data-aria-level=\"1\">Entrez la date de la consultation dans le champ \u00ab\u00a0Service Date\u00a0\u00bb (date de prestation)\u00a0<\/li><\/ul><ul><li data-leveltext=\"\uf0b7\" data-font=\"Symbol\" data-listid=\"2\" data-list-defn-props=\"{&quot;335552541&quot;:1,&quot;335559685&quot;:360,&quot;335559991&quot;:360,&quot;469769226&quot;:&quot;Symbol&quot;,&quot;469769242&quot;:[8226],&quot;469777803&quot;:&quot;left&quot;,&quot;469777804&quot;:&quot;\uf0b7&quot;,&quot;469777815&quot;:&quot;hybridMultilevel&quot;}\" aria-setsize=\"-1\" data-aria-posinset=\"4\" data-aria-level=\"1\">Indiquez les montants\u00a0<\/li><\/ul><\/td><td data-celllook=\"0\"><ul><li data-leveltext=\"\uf0b7\" data-font=\"Symbol\" data-listid=\"2\" data-list-defn-props=\"{&quot;335552541&quot;:1,&quot;335559685&quot;:360,&quot;335559991&quot;:360,&quot;469769226&quot;:&quot;Symbol&quot;,&quot;469769242&quot;:[8226],&quot;469777803&quot;:&quot;left&quot;,&quot;469777804&quot;:&quot;\uf0b7&quot;,&quot;469777815&quot;:&quot;hybridMultilevel&quot;}\" aria-setsize=\"-1\" data-aria-posinset=\"5\" data-aria-level=\"1\">Incluez une br\u00e8ve description des articles factur\u00e9s\u00a0<\/li><\/ul><ul><li data-leveltext=\"\uf0b7\" data-font=\"Symbol\" data-listid=\"2\" data-list-defn-props=\"{&quot;335552541&quot;:1,&quot;335559685&quot;:360,&quot;335559991&quot;:360,&quot;469769226&quot;:&quot;Symbol&quot;,&quot;469769242&quot;:[8226],&quot;469777803&quot;:&quot;left&quot;,&quot;469777804&quot;:&quot;\uf0b7&quot;,&quot;469777815&quot;:&quot;hybridMultilevel&quot;}\" aria-setsize=\"-1\" data-aria-posinset=\"6\" data-aria-level=\"1\">Indiquez la quantit\u00e9\u00a0<\/li><\/ul><ul><li data-leveltext=\"\uf0b7\" data-font=\"Symbol\" data-listid=\"2\" data-list-defn-props=\"{&quot;335552541&quot;:1,&quot;335559685&quot;:360,&quot;335559991&quot;:360,&quot;469769226&quot;:&quot;Symbol&quot;,&quot;469769242&quot;:[8226],&quot;469777803&quot;:&quot;left&quot;,&quot;469777804&quot;:&quot;\uf0b7&quot;,&quot;469777815&quot;:&quot;hybridMultilevel&quot;}\" aria-setsize=\"-1\" data-aria-posinset=\"7\" data-aria-level=\"1\">Entrez la date \u00e0 laquelle les articles ont \u00e9t\u00e9 fournis\u00a0<\/li><\/ul><ul><li data-leveltext=\"\uf0b7\" data-font=\"Symbol\" data-listid=\"2\" data-list-defn-props=\"{&quot;335552541&quot;:1,&quot;335559685&quot;:360,&quot;335559991&quot;:360,&quot;469769226&quot;:&quot;Symbol&quot;,&quot;469769242&quot;:[8226],&quot;469777803&quot;:&quot;left&quot;,&quot;469777804&quot;:&quot;\uf0b7&quot;,&quot;469777815&quot;:&quot;hybridMultilevel&quot;}\" aria-setsize=\"-1\" data-aria-posinset=\"8\" data-aria-level=\"1\">Indiquez le montant\u00a0<\/li><\/ul><\/td><\/tr><\/tbody><\/table>\t\t\t\t\t\t\t\t<\/div>\n\t\t\t\t<\/div>\n\t\t\t\t<div class=\"elementor-element elementor-element-262ec55 elementor-widget__width-initial elementor-widget elementor-widget-text-editor\" data-id=\"262ec55\" data-element_type=\"widget\" data-e-type=\"widget\" data-widget_type=\"text-editor.default\">\n\t\t\t\t<div class=\"elementor-widget-container\">\n\t\t\t\t\t\t\t\t\t<p>* Les paiements pour les rapports d\u00e9taill\u00e9s et les consultations t\u00e9l\u00e9phoniques seront conformes au bar\u00e8me d\u2019honoraires compris dans l\u2019entente applicable sign\u00e9e par la WCB et l\u2019Association manitobaine de physioth\u00e9rapie. Tous les autres montants soumis sont \u00e0 la discr\u00e9tion de la WCB.<\/p>\n\t\t\t\t\t\t\t\t<\/div>\n\t\t\t\t<\/div>\n\t\t\t\t<div class=\"elementor-element elementor-element-e3d96b1 elementor-widget elementor-widget-text-editor\" data-id=\"e3d96b1\" data-element_type=\"widget\" data-e-type=\"widget\" data-widget_type=\"text-editor.default\">\n\t\t\t\t<div class=\"elementor-widget-container\">\n\t\t\t\t\t\t\t\t\t<h2>Types de factures disponibles<\/h2><p>Lorsque vous soumettez un rapport ou une visite dans le portail, le syst\u00e8me cr\u00e9e automatiquement des factures fond\u00e9es sur vos soumissions.\u00a0<strong>\u00a0<\/strong><\/p><p>Une fois soumise, une facture s\u2019affichera sous l\u2019onglet <strong><em>\u00ab\u00a0Recent payments\u00a0\u00bb<\/em><\/strong> (paiements r\u00e9cents) sous <strong><em>\u00ab\u00a0Claims\u00a0\u00bb <\/em><\/strong>(r\u00e9clamations) ou dans le menu<strong><em> \u00ab\u00a0Payment history\u00a0\u00bb <\/em><\/strong>(historique de paiements) de la clinique<strong><em>.<\/em><\/strong><strong>\u00a0<\/strong><\/p><table aria-rowcount=\"10\"><thead><tr aria-rowindex=\"1\"><th data-celllook=\"65536\"><p>Une soumission dans le portail pour\u00a0:\u00a0<\/p><\/th><th data-celllook=\"65536\"><p>Cr\u00e9e des factures pour\u00a0:\u00a0<\/p><\/th><\/tr><\/thead><tbody><tr aria-rowindex=\"2\"><td data-celllook=\"0\"><p>Rapport initial\u00a0<\/p><\/td><td data-celllook=\"0\"><p>Frais de rapport initial, de visite initiale et de fournitures d\u2019acupuncture (le cas \u00e9ch\u00e9ant)\u00a0<\/p><\/td><\/tr><tr aria-rowindex=\"3\"><td data-celllook=\"65536\"><p>Rapport sur l\u2019\u00e9volution\/la fin de la prise en charge du patient\u00a0<\/p><\/td><td data-celllook=\"65536\"><p>Frais de rapport sur l\u2019\u00e9volution\/la fin de la prise en charge du patient\u00a0<\/p><\/td><\/tr><tr aria-rowindex=\"4\"><td data-celllook=\"0\"><p>\u00c9volution du patient\/fin de la prise en charge du patient avec demande de traitement additionnel\u00a0<\/p><\/td><td data-celllook=\"0\"><p>Frais de rapport pour demande de traitement additionnel\u00a0<\/p><\/td><\/tr><tr aria-rowindex=\"5\"><td data-celllook=\"65536\"><p>Visite ult\u00e9rieure\u00a0<\/p><\/td><td data-celllook=\"65536\"><p>Visite de suivi\u00a0<\/p><\/td><\/tr><tr aria-rowindex=\"6\"><td data-celllook=\"0\"><p>Visite ult\u00e9rieure avec acupuncture\u00a0<\/p><\/td><td data-celllook=\"0\"><p>Frais de visite de suivi, frais de fournitures d\u2019acupuncture\u00a0<\/p><\/td><\/tr><tr aria-rowindex=\"7\"><td data-celllook=\"65536\"><p>Visite multisite\u00a0<\/p><\/td><td data-celllook=\"65536\"><p>Visite de suivi, frais de traitement multisite\u00a0<\/p><\/td><\/tr><tr aria-rowindex=\"8\"><td data-celllook=\"0\"><p>Visite multisite avec acupuncture\u00a0<\/p><\/td><td data-celllook=\"0\"><p>Visite de suivi, frais de traitement multisite, frais de fournitures d\u2019acupuncture\u00a0<\/p><p>&nbsp;<\/p><\/td><\/tr><tr aria-rowindex=\"9\"><td data-celllook=\"65536\"><p>Absence ou annulation\u00a0<\/p><\/td><td data-celllook=\"65536\"><p>Sans objet\u00a0<\/p><\/td><\/tr><tr aria-rowindex=\"10\"><td data-celllook=\"0\"><p>Postes divers\u00a0<\/p><\/td><td data-celllook=\"0\"><p>Chaque poste divers\u00a0<\/p><\/td><\/tr><\/tbody><\/table>\t\t\t\t\t\t\t\t<\/div>\n\t\t\t\t<\/div>\n\t\t\t\t<div class=\"elementor-element elementor-element-af49b6f elementor-widget elementor-widget-text-editor\" data-id=\"af49b6f\" data-element_type=\"widget\" data-e-type=\"widget\" data-widget_type=\"text-editor.default\">\n\t\t\t\t<div class=\"elementor-widget-container\">\n\t\t\t\t\t\t\t\t\t<h3>Frais de fournitures d\u2019acupuncture<\/h3>\n<p>Les traitements d\u2019acupuncture doivent \u00eatre indiqu\u00e9s dans le rapport initial ou \u00eatre s\u00e9lectionn\u00e9s lors de l\u2019enregistrement d\u2019une visite. Si le traitement d\u2019acupuncture n\u2019a pas \u00e9t\u00e9 s\u00e9lectionn\u00e9 dans l\u2019enregistrement d\u2019une visite, signalez un paiement en trop dans la facture d\u2019origine et resoumettez une facture corrig\u00e9e qui comprend le traitement d\u2019acupuncture.\u00a0<\/p>\n<h3>Soumettre les factures en temps opportun<\/h3>\n<p>Soumettez vos factures d\u00e8s que possible apr\u00e8s la visite. \u00c9vitez de regrouper les factures pour les soumettre en lot aux deux semaines ou une fois par mois, car ceci pourrait retarder le traitement des paiements.\u00a0\u00a0<\/p>\n<h3>Signaler un paiement en trop<\/h3>\n<p>Dans le menu principal de la page de capture de la r\u00e9clamation, cliquez sur le <strong>X<\/strong> pour signaler un paiement en trop ou une erreur de facturation. Les demandes sont pass\u00e9es en revue dans les deux jours ouvrables.\u00a0<\/p>\n<h3>Passer en revue des factures ant\u00e9rieures<\/h3>\n<p>Pour v\u00e9rifier si vous avez d\u00e9j\u00e0 factur\u00e9 un service \u00e0 la WCB, cliquez sur <strong><em>Payment history<\/em><\/strong>\u00a0(historique de paiements) dans la page d\u2019accueil du portail eHealth. Chaque onglet indique le type de d\u00e9pense soumise. Utilisez les filtres disponibles pour trouver les d\u00e9tails qui vous int\u00e9ressent.\u202f<\/p>\n\t\t\t\t\t\t\t\t<\/div>\n\t\t\t\t<\/div>\n\t\t\t\t<div class=\"elementor-element elementor-element-2f3ae49 elementor-widget elementor-widget-text-editor\" data-id=\"2f3ae49\" data-element_type=\"widget\" data-e-type=\"widget\" data-widget_type=\"text-editor.default\">\n\t\t\t\t<div class=\"elementor-widget-container\">\n\t\t\t\t\t\t\t\t\t<h2>Renseignements suppl\u00e9mentaires<\/h2><p>Pour de plus amples renseignements sur l\u2019utilisation du portail eHealth, t\u00e9l\u00e9chargez le <a href=\"https:\/\/www.wcb.mb.ca\/uploads\/2026\/01\/en_0549.pdf\" target=\"_blank\" rel=\"noopener\">Guide de l\u2019utilisateur<\/a>.<\/p>\t\t\t\t\t\t\t\t<\/div>\n\t\t\t\t<\/div>\n\t\t\t\t<div class=\"elementor-element elementor-element-04a2bfb elementor-widget elementor-widget-text-editor\" data-id=\"04a2bfb\" data-element_type=\"widget\" data-e-type=\"widget\" data-widget_type=\"text-editor.default\">\n\t\t\t\t<div class=\"elementor-widget-container\">\n\t\t\t\t\t\t\t\t\t<h2>Coordonn\u00e9es<\/h2><p>Pour de plus amples renseignements sur le portail eHealth, communiquez avec le service d\u2019assistance de la WCB.<\/p><p>Courriel\u00a0: <a href=\"mailto:ServiceDesk@wcb.mb.ca\">ServiceDesk@wcb.mb.ca<\/a><br \/>T\u00e9l\u00e9phone (Winnipeg)\u00a0: 204-954-4321, poste 4573<br \/>Num\u00e9ro de t\u00e9l\u00e9phone sans frais\u00a0: 1-855-954-4321, poste 4573\u00a0<\/p>\t\t\t\t\t\t\t\t<\/div>\n\t\t\t\t<\/div>\n\t\t\t\t<\/div>\n\t\t<div class=\"elementor-element elementor-element-c524aa3 e-con-full e-flex e-con e-child\" data-id=\"c524aa3\" data-element_type=\"container\" data-e-type=\"container\" data-settings=\"{&quot;background_background&quot;:&quot;classic&quot;}\">\n\t\t\t\t<div class=\"elementor-element elementor-element-1d82edf1 elementor-widget elementor-widget-st-link-list\" data-id=\"1d82edf1\" data-element_type=\"widget\" data-e-type=\"widget\" data-widget_type=\"st-link-list.default\">\n\t\t\t\t<div class=\"elementor-widget-container\">\n\t\t\t\t\t<div class=\"c-linkList c-linkList--default c-linkList--default\"><h2 class=\"c-linkList__title\"><span >Liens connexes<\/span><\/h2><div class=\"c-linkList__list\"><div class=\"c-linkList__item\"><a class=\"c-linkList__itemBtn g-btn__arrow--fullWidth\" href=\"https:\/\/www.wcb.mb.ca\/uploads\/2026\/01\/0309.pdf\" target=\"_blank\"><span >Guide de facturation \u00e0 la WCB<\/span><\/a><\/div><div class=\"c-linkList__item\"><a class=\"c-linkList__itemBtn g-btn__arrow--fullWidth\" href=\"\/fr\/fournisseurs-de-soins-de-sante\/\"><span >Information pour les fournisseurs de soins de sant\u00e9<\/span><\/a><\/div><div class=\"c-linkList__item\"><a class=\"c-linkList__itemBtn g-btn__arrow--fullWidth\" href=\"\/fr\/fournisseurs-de-soins-de-sante\/ressources-et-formulaires\/\"><span >Ressources et formulaires<\/span><\/a><\/div><div class=\"c-linkList__item\"><a class=\"c-linkList__itemBtn g-btn__arrow--fullWidth\" href=\"\/fr\/fournisseurs-de-soins-de-sante\/portail-ehealth\/foire-aux-questions\/\"><span >FAQ sur le portail eHealth<\/span><\/a><\/div><\/div><\/div>\t\t\t\t<\/div>\n\t\t\t\t<\/div>\n\t\t\t\t<div class=\"elementor-element elementor-element-25a1a852 elementor-widget elementor-widget-st-cats\" data-id=\"25a1a852\" data-element_type=\"widget\" data-e-type=\"widget\" data-widget_type=\"st-cats.default\">\n\t\t\t\t<div class=\"elementor-widget-container\">\n\t\t\t\t\t<div class=\"c-ctaList\"><\/div>\t\t\t\t<\/div>\n\t\t\t\t<\/div>\n\t\t\t\t<\/div>\n\t\t\t\t\t<\/div>\n\t\t\t\t<\/div>\n\t\t\t\t<\/div>\n\t\t","protected":false},"excerpt":{"rendered":"<p>Soumission de factures Cette section pr\u00e9sente un aper\u00e7u de la soumission de factures dans le portail eHealth, y compris des instructions sur comment cr\u00e9er des factures pour une \u00e9valuation initiale, une visite de suivi et d\u2019autres services. Vous y trouverez aussi de l\u2019information sur la facturation de traitements, la gestion des paiements en trop et [&hellip;]<\/p>\n","protected":false},"author":1,"featured_media":0,"parent":18269,"menu_order":0,"comment_status":"closed","ping_status":"closed","template":"","meta":{"_acf_changed":false,"footnotes":""},"tags":[],"class_list":["post-18273","page","type-page","status-publish","hentry"],"acf":[],"_links":{"self":[{"href":"https:\/\/www.wcb.mb.ca\/fr\/wp-json\/wp\/v2\/pages\/18273","targetHints":{"allow":["GET"]}}],"collection":[{"href":"https:\/\/www.wcb.mb.ca\/fr\/wp-json\/wp\/v2\/pages"}],"about":[{"href":"https:\/\/www.wcb.mb.ca\/fr\/wp-json\/wp\/v2\/types\/page"}],"author":[{"embeddable":true,"href":"https:\/\/www.wcb.mb.ca\/fr\/wp-json\/wp\/v2\/users\/1"}],"replies":[{"embeddable":true,"href":"https:\/\/www.wcb.mb.ca\/fr\/wp-json\/wp\/v2\/comments?post=18273"}],"version-history":[{"count":7,"href":"https:\/\/www.wcb.mb.ca\/fr\/wp-json\/wp\/v2\/pages\/18273\/revisions"}],"predecessor-version":[{"id":22059,"href":"https:\/\/www.wcb.mb.ca\/fr\/wp-json\/wp\/v2\/pages\/18273\/revisions\/22059"}],"up":[{"embeddable":true,"href":"https:\/\/www.wcb.mb.ca\/fr\/wp-json\/wp\/v2\/pages\/18269"}],"wp:attachment":[{"href":"https:\/\/www.wcb.mb.ca\/fr\/wp-json\/wp\/v2\/media?parent=18273"}],"wp:term":[{"taxonomy":"post_tag","embeddable":true,"href":"https:\/\/www.wcb.mb.ca\/fr\/wp-json\/wp\/v2\/tags?post=18273"}],"curies":[{"name":"wp","href":"https:\/\/api.w.org\/{rel}","templated":true}]}}