{"id":18271,"date":"2025-03-03T10:23:45","date_gmt":"2025-03-03T15:23:45","guid":{"rendered":"https:\/\/www.wcb.mb.ca\/?page_id=18271"},"modified":"2026-01-13T14:45:10","modified_gmt":"2026-01-13T19:45:10","slug":"inscription-et-acces-de-lutilisateur","status":"publish","type":"page","link":"https:\/\/www.wcb.mb.ca\/fr\/fournisseurs-de-soins-de-sante\/portail-ehealth\/inscription-et-acces-de-lutilisateur\/","title":{"rendered":"Inscription et acc\u00e8s de l\u2019utilisateur"},"content":{"rendered":"\t\t<div data-elementor-type=\"wp-page\" data-elementor-id=\"18271\" class=\"elementor elementor-18271 elementor-8186\" data-elementor-post-type=\"page\">\n\t\t\t\t<div class=\"elementor-element elementor-element-d89c206 e-flex e-con-boxed e-con e-parent\" data-id=\"d89c206\" data-element_type=\"container\" data-e-type=\"container\">\n\t\t\t\t\t<div class=\"e-con-inner\">\n\t\t\t\t<div class=\"elementor-element elementor-element-fd9cd7e elementor-widget elementor-widget-st-header-image\" data-id=\"fd9cd7e\" data-element_type=\"widget\" data-e-type=\"widget\" data-widget_type=\"st-header-image.default\">\n\t\t\t\t<div class=\"elementor-widget-container\">\n\t\t\t\t\t<div class=\"c-headerImage g-layout__padding c-headerImage--fade\"><div class=\"c-headerImage__container g-layout__maxWidth\"><div class=\"c-headerImage__content\"><div ><h1>Inscription et acc\u00e8s de l\u2019utilisateur<\/h1><\/div><\/div><\/div><\/div>\t\t\t\t<\/div>\n\t\t\t\t<\/div>\n\t\t\t\t\t<\/div>\n\t\t\t\t<\/div>\n\t\t<div class=\"elementor-element elementor-element-1cf1c33 e-grid e-con-boxed e-con e-parent\" data-id=\"1cf1c33\" data-element_type=\"container\" data-e-type=\"container\">\n\t\t\t\t\t<div class=\"e-con-inner\">\n\t\t<div class=\"elementor-element elementor-element-c8ba55b e-con-full e-flex e-con e-child\" data-id=\"c8ba55b\" data-element_type=\"container\" data-e-type=\"container\">\n\t\t\t\t<div class=\"elementor-element elementor-element-c99c995 elementor-widget elementor-widget-text-editor\" data-id=\"c99c995\" data-element_type=\"widget\" data-e-type=\"widget\" data-widget_type=\"text-editor.default\">\n\t\t\t\t<div class=\"elementor-widget-container\">\n\t\t\t\t\t\t\t\t\t<h2>Inscription<\/h2><p>Le portail eHealth permet aux physioth\u00e9rapeutes et aux th\u00e9rapeutes du sport (situ\u00e9s sous le 53e\u00a0parall\u00e8le) de soumettre des rapports et des factures par voie \u00e9lectronique \u00e0 la WCB.<\/p>\t\t\t\t\t\t\t\t<\/div>\n\t\t\t\t<\/div>\n\t\t\t\t<div class=\"elementor-element elementor-element-39ccfb4 elementor-widget elementor-widget-text-editor\" data-id=\"39ccfb4\" data-element_type=\"widget\" data-e-type=\"widget\" data-widget_type=\"text-editor.default\">\n\t\t\t\t<div class=\"elementor-widget-container\">\n\t\t\t\t\t\t\t\t\t<h2>Admissibilit\u00e9<\/h2>\n<p>Les fournisseurs admissibles comprennent ceux qui\u00a0:\u202f<\/p>\n<ul>\n<li>exploitent une clinique de th\u00e9rapie ou une clinique priv\u00e9e de physioth\u00e9rapie ou de th\u00e9rapie du sport\u202f&nbsp;<\/li>\n<li>d\u00e9tiennent un compte de fournisseur de la WCB actif;\u202f&nbsp;<\/li>\n<li>offrent des services prodigu\u00e9s par des th\u00e9rapeutes agr\u00e9\u00e9s par leur organisme d\u2019enregistrement et en r\u00e8gle avec celui-ci (c.-\u00e0-d. le College of Physiotherapists of Manitoba ou la Manitoba Athletic Therapists Association).\u202f&nbsp;<\/li>\n<\/ul>\n\t\t\t\t\t\t\t\t<\/div>\n\t\t\t\t<\/div>\n\t\t\t\t<div class=\"elementor-element elementor-element-964d5ee elementor-widget elementor-widget-text-editor\" data-id=\"964d5ee\" data-element_type=\"widget\" data-e-type=\"widget\" data-widget_type=\"text-editor.default\">\n\t\t\t\t<div class=\"elementor-widget-container\">\n\t\t\t\t\t\t\t\t\t<h2>Comment s\u2019inscrire<\/h2><ul><li>Pour utiliser le portail, vous devez d\u00e9tenir un\u202f<a href=\"https:\/\/www.wcb.mb.ca\/fr\/?page_id=18263\"><strong>num\u00e9ro de compte de la WCB<\/strong><\/a>.\u202f\u202f\u00a0<\/li><li>Pour acc\u00e9der au portail, remplissez le\u202f<a href=\"https:\/\/www.wcb.mb.ca\/uploads\/2026\/01\/0283.pdf\" target=\"_blank\" rel=\"noopener\"><strong>formulaire d\u2019inscription<\/strong><\/a>\u202fet envoyez-le par courriel \u00e0\u202f<a href=\"mailto:servicedesk@wcb.mb.ca\"><strong>ServiceDesk@wcb.mb.ca<\/strong><\/a>.\u00a0<\/li><li>Une fois l\u2019inscription compl\u00e9t\u00e9e, les administrateurs et utilisateurs recevront chacun un nom d\u2019utilisateur unique et l\u2019information de connexion par courriel.\u202f\u00a0<\/li><\/ul>\t\t\t\t\t\t\t\t<\/div>\n\t\t\t\t<\/div>\n\t\t\t\t<div class=\"elementor-element elementor-element-eb59b67 elementor-widget__width-initial elementor-widget elementor-widget-text-editor\" data-id=\"eb59b67\" data-element_type=\"widget\" data-e-type=\"widget\" data-widget_type=\"text-editor.default\">\n\t\t\t\t<div class=\"elementor-widget-container\">\n\t\t\t\t\t\t\t\t\t<h2>G\u00e9rer l\u2019acc\u00e8s d\u2019un utilisateur<\/h2><p>Il faut nommer au moins un administrateur qui g\u00e9rera l\u2019acc\u00e8s des utilisateurs. L\u2019administrateur est responsable d\u2019inscrire les utilisateurs et de mettre \u00e0 jour leur acc\u00e8s.\u202fPour ajouter, modifier ou retirer des utilisateurs, remplissez le\u202f<a href=\"https:\/\/www.wcb.mb.ca\/uploads\/2026\/01\/0285.pdf\" target=\"_blank\" rel=\"noopener\"><strong>formulaire d\u2019acc\u00e8s de l\u2019utilisateur<\/strong><\/a>\u202fet envoyez-le par courriel \u00e0\u202f<a href=\"mailto:servicedesk@wcb.mb.ca\"><strong>ServiceDesk@wcb.mb.ca<\/strong><\/a>.\u202fPour apporter des modifications \u00e0 plus d\u2019un utilisateur, vous devrez soumettre un formulaire distinct par utilisateur.<\/p>\t\t\t\t\t\t\t\t<\/div>\n\t\t\t\t<\/div>\n\t\t\t\t<div class=\"elementor-element elementor-element-48cf6ea elementor-widget__width-initial elementor-widget elementor-widget-text-editor\" data-id=\"48cf6ea\" data-element_type=\"widget\" data-e-type=\"widget\" data-widget_type=\"text-editor.default\">\n\t\t\t\t<div class=\"elementor-widget-container\">\n\t\t\t\t\t\t\t\t\t<h2>Renseignements suppl\u00e9mentaires<\/h2><p>Pour de plus amples renseignements sur l\u2019utilisation du portail eHealth, t\u00e9l\u00e9chargez le\u202f<a href=\"https:\/\/www.wcb.mb.ca\/uploads\/2026\/01\/en_0549.pdf\" target=\"_blank\" rel=\"noopener\"><strong>guide de l\u2019utilisateur.<\/strong><\/a><\/p>\t\t\t\t\t\t\t\t<\/div>\n\t\t\t\t<\/div>\n\t\t\t\t<\/div>\n\t\t<div class=\"elementor-element elementor-element-21e7773 e-con-full e-flex e-con e-child\" data-id=\"21e7773\" data-element_type=\"container\" data-e-type=\"container\" data-settings=\"{&quot;background_background&quot;:&quot;classic&quot;}\">\n\t\t\t\t<div class=\"elementor-element elementor-element-edd6d10 elementor-widget elementor-widget-st-link-list\" data-id=\"edd6d10\" data-element_type=\"widget\" data-e-type=\"widget\" data-widget_type=\"st-link-list.default\">\n\t\t\t\t<div class=\"elementor-widget-container\">\n\t\t\t\t\t<div class=\"c-linkList c-linkList--default c-linkList--default\"><h2 class=\"c-linkList__title\"><span >Liens connexes<\/span><\/h2><div class=\"c-linkList__list\"><div class=\"c-linkList__item\"><a class=\"c-linkList__itemBtn g-btn__arrow--fullWidth\" href=\"\/fr\/fournisseurs-de-soins-de-sante\/portail-ehealth\/entente-individuelle-de-services-en-physiotherapie\/\"><span >Entente individuelle de services de physioth\u00e9rapie<\/span><\/a><\/div><div class=\"c-linkList__item\"><a class=\"c-linkList__itemBtn g-btn__arrow--fullWidth\" href=\"\/fr\/fournisseurs-de-soins-de-sante\/facturation-et-paiements\/creer-un-compte-de-fournisseur-de-la-wcb\/\"><span >Cr\u00e9er un compte de fournisseur de la WCB<\/span><\/a><\/div><div class=\"c-linkList__item\"><a class=\"c-linkList__itemBtn g-btn__arrow--fullWidth\" href=\"\/fr\/fournisseurs-de-soins-de-sante\/ressources-et-formulaires\/\"><span >Ressources et formulaires<\/span><\/a><\/div><div class=\"c-linkList__item\"><a class=\"c-linkList__itemBtn g-btn__arrow--fullWidth\" href=\"\/fr\/fournisseurs-de-soins-de-sante\/portail-ehealth\/foire-aux-questions\/\"><span >FAQ sur le portail eHealth<\/span><\/a><\/div><\/div><\/div>\t\t\t\t<\/div>\n\t\t\t\t<\/div>\n\t\t\t\t<div class=\"elementor-element elementor-element-f454447 elementor-widget elementor-widget-st-cats\" data-id=\"f454447\" data-element_type=\"widget\" data-e-type=\"widget\" data-widget_type=\"st-cats.default\">\n\t\t\t\t<div class=\"elementor-widget-container\">\n\t\t\t\t\t<div class=\"c-ctaList\"><\/div>\t\t\t\t<\/div>\n\t\t\t\t<\/div>\n\t\t\t\t<\/div>\n\t\t\t\t\t<\/div>\n\t\t\t\t<\/div>\n\t\t\t\t<\/div>\n\t\t","protected":false},"excerpt":{"rendered":"<p>Inscription et acc\u00e8s de l\u2019utilisateur Inscription Le portail eHealth permet aux physioth\u00e9rapeutes et aux th\u00e9rapeutes du sport (situ\u00e9s sous le 53e\u00a0parall\u00e8le) de soumettre des rapports et des factures par voie \u00e9lectronique \u00e0 la WCB. Admissibilit\u00e9 Les fournisseurs admissibles comprennent ceux qui\u00a0:\u202f exploitent une clinique de th\u00e9rapie ou une clinique priv\u00e9e de physioth\u00e9rapie ou de th\u00e9rapie [&hellip;]<\/p>\n","protected":false},"author":1,"featured_media":0,"parent":18269,"menu_order":0,"comment_status":"closed","ping_status":"closed","template":"","meta":{"_acf_changed":false,"footnotes":""},"tags":[],"class_list":["post-18271","page","type-page","status-publish","hentry"],"acf":[],"_links":{"self":[{"href":"https:\/\/www.wcb.mb.ca\/fr\/wp-json\/wp\/v2\/pages\/18271","targetHints":{"allow":["GET"]}}],"collection":[{"href":"https:\/\/www.wcb.mb.ca\/fr\/wp-json\/wp\/v2\/pages"}],"about":[{"href":"https:\/\/www.wcb.mb.ca\/fr\/wp-json\/wp\/v2\/types\/page"}],"author":[{"embeddable":true,"href":"https:\/\/www.wcb.mb.ca\/fr\/wp-json\/wp\/v2\/users\/1"}],"replies":[{"embeddable":true,"href":"https:\/\/www.wcb.mb.ca\/fr\/wp-json\/wp\/v2\/comments?post=18271"}],"version-history":[{"count":5,"href":"https:\/\/www.wcb.mb.ca\/fr\/wp-json\/wp\/v2\/pages\/18271\/revisions"}],"predecessor-version":[{"id":22051,"href":"https:\/\/www.wcb.mb.ca\/fr\/wp-json\/wp\/v2\/pages\/18271\/revisions\/22051"}],"up":[{"embeddable":true,"href":"https:\/\/www.wcb.mb.ca\/fr\/wp-json\/wp\/v2\/pages\/18269"}],"wp:attachment":[{"href":"https:\/\/www.wcb.mb.ca\/fr\/wp-json\/wp\/v2\/media?parent=18271"}],"wp:term":[{"taxonomy":"post_tag","embeddable":true,"href":"https:\/\/www.wcb.mb.ca\/fr\/wp-json\/wp\/v2\/tags?post=18271"}],"curies":[{"name":"wp","href":"https:\/\/api.w.org\/{rel}","templated":true}]}}