{"id":18269,"date":"2025-02-28T16:36:33","date_gmt":"2025-02-28T21:36:33","guid":{"rendered":"https:\/\/www.wcb.mb.ca\/?page_id=18269"},"modified":"2026-01-13T14:37:32","modified_gmt":"2026-01-13T19:37:32","slug":"portail-ehealth","status":"publish","type":"page","link":"https:\/\/www.wcb.mb.ca\/fr\/fournisseurs-de-soins-de-sante\/portail-ehealth\/","title":{"rendered":"Portail eHealth"},"content":{"rendered":"\t\t<div data-elementor-type=\"wp-page\" data-elementor-id=\"18269\" class=\"elementor elementor-18269 elementor-8071\" data-elementor-post-type=\"page\">\n\t\t\t\t<div class=\"elementor-element elementor-element-2ff8be4 e-flex e-con-boxed e-con e-parent\" data-id=\"2ff8be4\" data-element_type=\"container\" data-e-type=\"container\">\n\t\t\t\t\t<div class=\"e-con-inner\">\n\t\t\t\t<div class=\"elementor-element elementor-element-cfe35bd elementor-widget elementor-widget-st-header-image\" data-id=\"cfe35bd\" data-element_type=\"widget\" data-e-type=\"widget\" data-widget_type=\"st-header-image.default\">\n\t\t\t\t<div class=\"elementor-widget-container\">\n\t\t\t\t\t<div class=\"c-headerImage g-layout__padding c-headerImage--noImage\"><div class=\"c-headerImage__container g-layout__maxWidth\"><div class=\"c-headerImage__content\"><div ><h1>Portail eHealth<\/h1><\/div><\/div><\/div><\/div>\t\t\t\t<\/div>\n\t\t\t\t<\/div>\n\t\t\t\t\t<\/div>\n\t\t\t\t<\/div>\n\t\t<div class=\"elementor-element elementor-element-3e3b633e e-grid e-con-boxed e-con e-parent\" data-id=\"3e3b633e\" data-element_type=\"container\" data-e-type=\"container\">\n\t\t\t\t\t<div class=\"e-con-inner\">\n\t\t<div class=\"elementor-element elementor-element-794ff9cc e-con-full e-flex e-con e-child\" data-id=\"794ff9cc\" data-element_type=\"container\" data-e-type=\"container\">\n\t\t\t\t<div class=\"elementor-element elementor-element-d1cc66d elementor-widget elementor-widget-text-editor\" data-id=\"d1cc66d\" data-element_type=\"widget\" data-e-type=\"widget\" data-widget_type=\"text-editor.default\">\n\t\t\t\t<div class=\"elementor-widget-container\">\n\t\t\t\t\t\t\t\t\t<p>Le portail eHealth permet aux physioth\u00e9rapeutes et aux th\u00e9rapeutes du sport (situ\u00e9s sous le 53e\u00a0parall\u00e8le) de soumettre des rapports et des factures par voie \u00e9lectronique \u00e0 la WCB.\u00a0<\/p><h2>Principaux avantages\u00a0<\/h2><ul><li>le traitement plus rapide des paiements\u00a0<\/li><li>la facturation automatique lors de la soumission de rapports\u00a0<\/li><li>un acc\u00e8s am\u00e9lior\u00e9 et opportun aux renseignements sur les paiements<\/li><\/ul><h2>Quels documents peut-on soumettre par le portail?<\/h2><p>Les fournisseurs peuvent soumettre les documents suivants pour les travailleurs dot\u00e9s d\u2019un num\u00e9ro de r\u00e9clamation\u00a0:\u00a0<\/p><ul><li>rapports initiaux, sur l\u2019\u00e9volution et sur la fin de la prise en charge du patient<\/li><li>factures pour les visites et les traitements<\/li><li>factures pour les traitements d\u2019acupuncture\u00a0<\/li><li>demandes de traitements additionnels ou de visites multisite\u00a0s<\/li><li>demandes de consultation avec un consultant en physioth\u00e9rapie de la WCB<\/li><li>rapports sur les paiements en trop (erreurs de facturation)\u00a0<\/li><li>factures pour les rapports d\u00e9taill\u00e9s, les consultations t\u00e9l\u00e9phoniques et les frais divers<\/li><\/ul><p><a href=\"http:\/\/www.securewcb.mb.ca\/\" target=\"_blank\" rel=\"noopener\">Ouvrez une session dans le portail eHealth ici<\/a><\/p>\t\t\t\t\t\t\t\t<\/div>\n\t\t\t\t<\/div>\n\t\t\t\t<div class=\"elementor-element elementor-element-d928a92 elementor-widget elementor-widget-st-image-box-list\" data-id=\"d928a92\" data-element_type=\"widget\" data-e-type=\"widget\" data-widget_type=\"st-image-box-list.default\">\n\t\t\t\t<div class=\"elementor-widget-container\">\n\t\t\t\t\t<div class=\"c-imageBoxList c-imageBoxList--2 c-imageBoxList--center c-imageBoxList--default c-imageBoxList--imageCover\"><div class=\"c-imageBoxList__item\"><img fetchpriority=\"high\" decoding=\"async\" width=\"522\" height=\"288\" src=\"https:\/\/www.wcb.mb.ca\/uploads\/2025\/03\/Healthcare_FemaleDoctorNurseSmiling_2024.jpg\" class=\"c-imageBoxList__itemImage\" alt=\"Inscription et acc\u00e8s de l\u2019utilisateur\" srcset=\"https:\/\/www.wcb.mb.ca\/uploads\/2025\/03\/Healthcare_FemaleDoctorNurseSmiling_2024.jpg 522w, https:\/\/www.wcb.mb.ca\/uploads\/2025\/03\/Healthcare_FemaleDoctorNurseSmiling_2024-300x166.jpg 300w\" sizes=\"(max-width: 522px) 100vw, 522px\" \/><div class=\"c-imageBoxList__itemContent\"><div class=\"c-imageBoxList__itemTitle\"><span >Inscription et acc\u00e8s de l\u2019utilisateur<\/span><\/div><div class=\"c-imageBoxList__itemDescription\"><span >Find out if your clinic is eligible to use the portal and learn how to manage user access.<\/span><\/div><\/div><a class=\"c-imageBoxList__itemBtn g-btn\" href=\"\/fr\/fournisseurs-de-soins-de-sante\/portail-ehealth\/inscription-et-acces-de-lutilisateur\/\" aria-label=\"Apprenez-en plus Inscription et acc\u00e8s de l\u2019utilisateur\"href=\"\/fr\/fournisseurs-de-soins-de-sante\/portail-ehealth\/inscription-et-acces-de-lutilisateur\/\" aria-label=\"Learn more about registration\"><span >Apprenez-en plus<\/span><\/a><\/div><div class=\"c-imageBoxList__item\"><img decoding=\"async\" width=\"522\" height=\"348\" src=\"https:\/\/www.wcb.mb.ca\/uploads\/2025\/04\/Healthcare_ManScrubsLookingatComputer_2025.jpg\" class=\"c-imageBoxList__itemImage\" alt=\"Guide d\u2019utilisation rapide\" srcset=\"https:\/\/www.wcb.mb.ca\/uploads\/2025\/04\/Healthcare_ManScrubsLookingatComputer_2025.jpg 522w, https:\/\/www.wcb.mb.ca\/uploads\/2025\/04\/Healthcare_ManScrubsLookingatComputer_2025-300x200.jpg 300w\" sizes=\"(max-width: 522px) 100vw, 522px\" \/><div class=\"c-imageBoxList__itemContent\"><div class=\"c-imageBoxList__itemTitle\"><span >Guide d\u2019utilisation rapide<\/span><\/div><div class=\"c-imageBoxList__itemDescription\"><span >Learn how to manage reports and requests through the portal.<\/span><\/div><\/div><a class=\"c-imageBoxList__itemBtn g-btn\" href=\"\/fr\/fournisseurs-de-soins-de-sante\/facturation-et-paiements\/factures-frais-et-honoraires\/\" aria-label=\"Apprenez-en plus Guide d\u2019utilisation rapide\"href=\"\/fr\/fournisseurs-de-soins-de-sante\/facturation-et-paiements\/factures-frais-et-honoraires\/\" aria-label=\"Learn more about quick user guide\"><span >Apprenez-en plus<\/span><\/a><\/div><div class=\"c-imageBoxList__item\"><img decoding=\"async\" width=\"522\" height=\"348\" src=\"https:\/\/www.wcb.mb.ca\/uploads\/2025\/04\/Healthcare_WomanReviewingReportsComputer_2025.jpg\" class=\"c-imageBoxList__itemImage\" alt=\"Soumission de factures\" srcset=\"https:\/\/www.wcb.mb.ca\/uploads\/2025\/04\/Healthcare_WomanReviewingReportsComputer_2025.jpg 522w, https:\/\/www.wcb.mb.ca\/uploads\/2025\/04\/Healthcare_WomanReviewingReportsComputer_2025-300x200.jpg 300w\" sizes=\"(max-width: 522px) 100vw, 522px\" \/><div class=\"c-imageBoxList__itemContent\"><div class=\"c-imageBoxList__itemTitle\"><span >Soumission de factures<\/span><\/div><div class=\"c-imageBoxList__itemDescription\"><span >Learn about invoices, overpayments and other fees.<\/span><\/div><\/div><a class=\"c-imageBoxList__itemBtn g-btn\" href=\"\/fr\/fournisseurs-de-soins-de-sante\/portail-ehealth\/soumission-de-factures\/\" aria-label=\"Apprenez-en plus Soumission de factures\"href=\"\/fr\/fournisseurs-de-soins-de-sante\/portail-ehealth\/soumission-de-factures\/\" aria-label=\"Learn more about submitting invoices\"><span >Apprenez-en plus<\/span><\/a><\/div><div class=\"c-imageBoxList__item\"><img loading=\"lazy\" decoding=\"async\" width=\"522\" height=\"348\" src=\"https:\/\/www.wcb.mb.ca\/uploads\/2025\/03\/Healthcare_WorkersSmilingInBoardroom_2024.jpg\" class=\"c-imageBoxList__itemImage\" alt=\"Foire aux questions\" srcset=\"https:\/\/www.wcb.mb.ca\/uploads\/2025\/03\/Healthcare_WorkersSmilingInBoardroom_2024.jpg 522w, https:\/\/www.wcb.mb.ca\/uploads\/2025\/03\/Healthcare_WorkersSmilingInBoardroom_2024-300x200.jpg 300w\" sizes=\"(max-width: 522px) 100vw, 522px\" \/><div class=\"c-imageBoxList__itemContent\"><div class=\"c-imageBoxList__itemTitle\"><span >Foire aux questions<\/span><\/div><div class=\"c-imageBoxList__itemDescription\"><span >Find answers on tracking payments, correcting errors and managing billing.<\/span><\/div><\/div><a class=\"c-imageBoxList__itemBtn g-btn\" href=\"\/fr\/fournisseurs-de-soins-de-sante\/portail-ehealth\/foire-aux-questions\/\" aria-label=\"Apprenez-en plus Foire aux questions\"href=\"\/fr\/fournisseurs-de-soins-de-sante\/portail-ehealth\/foire-aux-questions\/\"><span >Apprenez-en plus<\/span><\/a><\/div><\/div>\t\t\t\t<\/div>\n\t\t\t\t<\/div>\n\t\t\t\t<\/div>\n\t\t<div class=\"elementor-element elementor-element-6f806e21 e-con-full e-flex e-con e-child\" data-id=\"6f806e21\" data-element_type=\"container\" data-e-type=\"container\" data-settings=\"{&quot;background_background&quot;:&quot;classic&quot;}\">\n\t\t\t\t<div class=\"elementor-element elementor-element-66ccc93f elementor-widget elementor-widget-st-link-list\" data-id=\"66ccc93f\" data-element_type=\"widget\" data-e-type=\"widget\" data-widget_type=\"st-link-list.default\">\n\t\t\t\t<div class=\"elementor-widget-container\">\n\t\t\t\t\t<div class=\"c-linkList c-linkList--default c-linkList--default\"><h2 class=\"c-linkList__title\"><span >Liens connexes<\/span><\/h2><div class=\"c-linkList__list\"><div class=\"c-linkList__item\"><a class=\"c-linkList__itemBtn g-btn__arrow--fullWidth\" href=\"\/fr\/fournisseurs-de-soins-de-sante\/facturation-et-paiements\/factures-frais-et-honoraires\/\"><span >Factures, frais et honoraires<\/span><\/a><\/div><div class=\"c-linkList__item\"><a class=\"c-linkList__itemBtn g-btn__arrow--fullWidth\" href=\"\/fr\/fournisseurs-de-soins-de-sante\/responsabilites-du-fournisseur-de-soins-de-sante\/\"><span >Responsabilit\u00e9s du fournisseur de soins de sant\u00e9<\/span><\/a><\/div><div class=\"c-linkList__item\"><a class=\"c-linkList__itemBtn g-btn__arrow--fullWidth\" href=\"\/fr\/fournisseurs-de-soins-de-sante\/ressources-et-formulaires\/\"><span >Ressources et formulaires<\/span><\/a><\/div><\/div><\/div>\t\t\t\t<\/div>\n\t\t\t\t<\/div>\n\t\t\t\t<div class=\"elementor-element elementor-element-5b778c0e elementor-widget elementor-widget-st-cats\" data-id=\"5b778c0e\" data-element_type=\"widget\" data-e-type=\"widget\" data-widget_type=\"st-cats.default\">\n\t\t\t\t<div class=\"elementor-widget-container\">\n\t\t\t\t\t<div class=\"c-ctaList\"><\/div>\t\t\t\t<\/div>\n\t\t\t\t<\/div>\n\t\t\t\t<\/div>\n\t\t\t\t\t<\/div>\n\t\t\t\t<\/div>\n\t\t\t\t<\/div>\n\t\t","protected":false},"excerpt":{"rendered":"<p>Portail eHealth Le portail eHealth permet aux physioth\u00e9rapeutes et aux th\u00e9rapeutes du sport (situ\u00e9s sous le 53e\u00a0parall\u00e8le) de soumettre des rapports et des factures par voie \u00e9lectronique \u00e0 la WCB.\u00a0 Principaux avantages\u00a0 le traitement plus rapide des paiements\u00a0 la facturation automatique lors de la soumission de rapports\u00a0 un acc\u00e8s am\u00e9lior\u00e9 et opportun aux renseignements sur [&hellip;]<\/p>\n","protected":false},"author":1,"featured_media":0,"parent":1897,"menu_order":0,"comment_status":"closed","ping_status":"closed","template":"","meta":{"_acf_changed":false,"footnotes":""},"tags":[],"class_list":["post-18269","page","type-page","status-publish","hentry"],"acf":[],"_links":{"self":[{"href":"https:\/\/www.wcb.mb.ca\/fr\/wp-json\/wp\/v2\/pages\/18269","targetHints":{"allow":["GET"]}}],"collection":[{"href":"https:\/\/www.wcb.mb.ca\/fr\/wp-json\/wp\/v2\/pages"}],"about":[{"href":"https:\/\/www.wcb.mb.ca\/fr\/wp-json\/wp\/v2\/types\/page"}],"author":[{"embeddable":true,"href":"https:\/\/www.wcb.mb.ca\/fr\/wp-json\/wp\/v2\/users\/1"}],"replies":[{"embeddable":true,"href":"https:\/\/www.wcb.mb.ca\/fr\/wp-json\/wp\/v2\/comments?post=18269"}],"version-history":[{"count":6,"href":"https:\/\/www.wcb.mb.ca\/fr\/wp-json\/wp\/v2\/pages\/18269\/revisions"}],"predecessor-version":[{"id":22039,"href":"https:\/\/www.wcb.mb.ca\/fr\/wp-json\/wp\/v2\/pages\/18269\/revisions\/22039"}],"up":[{"embeddable":true,"href":"https:\/\/www.wcb.mb.ca\/fr\/wp-json\/wp\/v2\/pages\/1897"}],"wp:attachment":[{"href":"https:\/\/www.wcb.mb.ca\/fr\/wp-json\/wp\/v2\/media?parent=18269"}],"wp:term":[{"taxonomy":"post_tag","embeddable":true,"href":"https:\/\/www.wcb.mb.ca\/fr\/wp-json\/wp\/v2\/tags?post=18269"}],"curies":[{"name":"wp","href":"https:\/\/api.w.org\/{rel}","templated":true}]}}