{"id":18267,"date":"2025-03-03T10:06:57","date_gmt":"2025-03-03T15:06:57","guid":{"rendered":"https:\/\/www.wcb.mb.ca\/?page_id=18267"},"modified":"2026-03-09T16:06:11","modified_gmt":"2026-03-09T20:06:11","slug":"factures-frais-et-honoraires","status":"publish","type":"page","link":"https:\/\/www.wcb.mb.ca\/fr\/fournisseurs-de-soins-de-sante\/facturation-et-paiements\/factures-frais-et-honoraires\/","title":{"rendered":"Factures, frais et honoraires"},"content":{"rendered":"\t\t<div data-elementor-type=\"wp-page\" data-elementor-id=\"18267\" class=\"elementor elementor-18267 elementor-8106\" data-elementor-post-type=\"page\">\n\t\t\t\t<div class=\"elementor-element elementor-element-594f4e2 e-flex e-con-boxed e-con e-parent\" data-id=\"594f4e2\" data-element_type=\"container\" data-e-type=\"container\">\n\t\t\t\t\t<div class=\"e-con-inner\">\n\t\t\t\t<div class=\"elementor-element elementor-element-e4cb044 elementor-widget elementor-widget-st-header-image\" data-id=\"e4cb044\" data-element_type=\"widget\" data-e-type=\"widget\" data-widget_type=\"st-header-image.default\">\n\t\t\t\t<div class=\"elementor-widget-container\">\n\t\t\t\t\t<div class=\"c-headerImage g-layout__padding c-headerImage--fade\"><div class=\"c-headerImage__container g-layout__maxWidth\"><div class=\"c-headerImage__content\"><div ><h1>Factures, frais et honoraires<\/h1><\/div><\/div><\/div><\/div>\t\t\t\t<\/div>\n\t\t\t\t<\/div>\n\t\t\t\t\t<\/div>\n\t\t\t\t<\/div>\n\t\t<div class=\"elementor-element elementor-element-52e35a37 e-grid e-con-boxed e-con e-parent\" data-id=\"52e35a37\" data-element_type=\"container\" data-e-type=\"container\">\n\t\t\t\t\t<div class=\"e-con-inner\">\n\t\t<div class=\"elementor-element elementor-element-7bf94f13 e-con-full e-flex e-con e-child\" data-id=\"7bf94f13\" data-element_type=\"container\" data-e-type=\"container\">\n\t\t\t\t<div class=\"elementor-element elementor-element-261c585 elementor-widget__width-initial elementor-widget elementor-widget-text-editor\" data-id=\"261c585\" data-element_type=\"widget\" data-e-type=\"widget\" data-widget_type=\"text-editor.default\">\n\t\t\t\t<div class=\"elementor-widget-container\">\n\t\t\t\t\t\t\t\t\t<p>Apprenez comment soumettre des factures, recevoir des paiements et vous inscrire au d\u00e9p\u00f4t direct pour faciliter le traitement. Cette page aborde \u00e9galement la facturation de services d\u2019assistance m\u00e9dicale, y compris les exigences d\u2019approbation pr\u00e9alable pour certains traitements. Veuillez noter qu\u2019avant de soumettre une facture, vous devez poss\u00e9der un compte valide \u00e0 la WCB. Visitez la page <a href=\"https:\/\/www.wcb.mb.ca\/fr\/?page_id=18263\">Cr\u00e9er un compte de fournisseur de la WCB<\/a> pour en savoir plus.<\/p>\n\t\t\t\t\t\t\t\t<\/div>\n\t\t\t\t<\/div>\n\t\t\t\t<div class=\"elementor-element elementor-element-05b1c47 elementor-widget__width-initial elementor-widget elementor-widget-text-editor\" data-id=\"05b1c47\" data-element_type=\"widget\" data-e-type=\"widget\" data-widget_type=\"text-editor.default\">\n\t\t\t\t<div class=\"elementor-widget-container\">\n\t\t\t\t\t\t\t\t\t<h2>Comment soumettre une facture<\/h2><p>Pour assurer le traitement rapide de votre paiement, assurez-vous d\u2019inclure les renseignements ci-dessous dans votre facture ou dans le formulaire de facturation appropri\u00e9 de la WCB accessible <a href=\"https:\/\/www.wcb.mb.ca\/fr\/fournisseurs-de-soins-de-sante\/ressources-et-formulaires\/\">ici<\/a>.\u00a0\u00a0<\/p><ul><li>Date de la facture\u00a0<\/li><li>Coordonn\u00e9es du fournisseur de services\/de la clinique (num\u00e9ro de compte de la WCB, nom du compte, adresse municipale, num\u00e9ros de t\u00e9l\u00e9phone et de t\u00e9l\u00e9copieur)\u00a0<\/li><li>Information sur le patient (num\u00e9ro de r\u00e9clamation, date de naissance, nom, adresse municipale, num\u00e9ro de t\u00e9l\u00e9phone, NIP, date de l\u2019incident et partie du corps touch\u00e9e par la blessure)\u00a0<\/li><li>Date de la prestation (visites initiale et ult\u00e9rieures)\u00a0<\/li><li>Code de service ou d\u2019honoraires, description des services et\u202f<a href=\"https:\/\/www.wcb.mb.ca\/uploads\/2026\/01\/0287.pdf\" target=\"_blank\" rel=\"noopener\">frais applicables.<\/a><\/li><\/ul><p>Toute information manquante pourrait retarder le paiement. Les physioth\u00e9rapeutes inscrits au portail eHealth peuvent soumettre leurs factures et formulaires remplis directement dans le portail. Les physioth\u00e9rapeutes qui ne sont pas inscrits au portail eHealth, mais qui aimeraient obtenir de plus amples renseignements \u00e0 ce sujet peuvent visiter la <a href=\"https:\/\/www.wcb.mb.ca\/fr\/?page_id=18269\">page sur le portail eHealth<\/a>.<\/p>\t\t\t\t\t\t\t\t<\/div>\n\t\t\t\t<\/div>\n\t\t\t\t<div class=\"elementor-element elementor-element-4cf5eee elementor-widget__width-initial elementor-widget elementor-widget-text-editor\" data-id=\"4cf5eee\" data-element_type=\"widget\" data-e-type=\"widget\" data-widget_type=\"text-editor.default\">\n\t\t\t\t<div class=\"elementor-widget-container\">\n\t\t\t\t\t\t\t\t\t<h2>Soumettre rapidement les factures<\/h2><p>Pour assurer le traitement rapide de vos paiements, soumettez vos factures \u00e0 la WCB imm\u00e9diatement apr\u00e8s la prestation du service ou \u00e0 intervalle r\u00e9gulier (p. ex., bimensuel, mensuel, etc.). Si vous effectuez le deuxi\u00e8me envoi d\u2019une facture ou d\u2019un formulaire de facturation \u00e0 la WCB, pri\u00e8re d\u2019inscrire \u00ab\u00a0deuxi\u00e8me soumission\u00a0\u00bb sur celui-ci.<\/p>\t\t\t\t\t\t\t\t<\/div>\n\t\t\t\t<\/div>\n\t\t\t\t<div class=\"elementor-element elementor-element-d01f408 elementor-widget__width-initial elementor-widget elementor-widget-text-editor\" data-id=\"d01f408\" data-element_type=\"widget\" data-e-type=\"widget\" data-widget_type=\"text-editor.default\">\n\t\t\t\t<div class=\"elementor-widget-container\">\n\t\t\t\t\t\t\t\t\t<h2>Factures en retard<\/h2><p>La WCB ne traitera pas les factures re\u00e7ues plus de 12\u00a0mois apr\u00e8s la date de prestation des biens ou services au travailleur ou apr\u00e8s la date du rapport m\u00e9dical soumis \u00e0 la WCB.<\/p>\t\t\t\t\t\t\t\t<\/div>\n\t\t\t\t<\/div>\n\t\t\t\t<div class=\"elementor-element elementor-element-5cde7f2 elementor-widget__width-initial elementor-widget elementor-widget-text-editor\" data-id=\"5cde7f2\" data-element_type=\"widget\" data-e-type=\"widget\" data-widget_type=\"text-editor.default\">\n\t\t\t\t<div class=\"elementor-widget-container\">\n\t\t\t\t\t\t\t\t\t<h2>TPS<\/h2><p>La WCB est une soci\u00e9t\u00e9 d\u2019\u00c9tat provinciale aux fins de la TPS et de la TVH. Par cons\u00e9quent, la WCB est exon\u00e9r\u00e9e de la TPS\/TVH sur les biens et services. Notre num\u00e9ro d\u2019exemption de la TPS\/TVH est le\u202f<strong>107863847RT0013<\/strong>.<\/p>\t\t\t\t\t\t\t\t<\/div>\n\t\t\t\t<\/div>\n\t\t\t\t<div class=\"elementor-element elementor-element-e9df00c elementor-widget__width-initial elementor-widget elementor-widget-text-editor\" data-id=\"e9df00c\" data-element_type=\"widget\" data-e-type=\"widget\" data-widget_type=\"text-editor.default\">\n\t\t\t\t<div class=\"elementor-widget-container\">\n\t\t\t\t\t\t\t\t\t<h2>Traitement des factures et paiements<\/h2><p>Les paiements sont trait\u00e9s dans l\u2019ordre de r\u00e9ception des factures. Un relev\u00e9 de paiement est \u00e9mis avec les paiements le 15 et l\u2019avant-dernier jour ouvrable de chaque mois. Si vous recevez vos paiements par d\u00e9p\u00f4t direct, votre relev\u00e9 de paiement sera envoy\u00e9 par la poste. Il est aussi possible de g\u00e9n\u00e9rer un relev\u00e9 de paiement \u00e0 partir du compte du physioth\u00e9rapeute dans le portail eHealth.<\/p>\t\t\t\t\t\t\t\t<\/div>\n\t\t\t\t<\/div>\n\t\t\t\t<div class=\"elementor-element elementor-element-f99090a elementor-widget__width-initial elementor-widget elementor-widget-text-editor\" data-id=\"f99090a\" data-element_type=\"widget\" data-e-type=\"widget\" data-widget_type=\"text-editor.default\">\n\t\t\t\t<div class=\"elementor-widget-container\">\n\t\t\t\t\t\t\t\t\t<h2>D\u00e9p\u00f4t direct<\/h2><p><a href=\"https:\/\/www.wcb.mb.ca\/uploads\/2026\/01\/0271.pdf\" target=\"_blank\" rel=\"noopener\">Inscrivez-vous au d\u00e9p\u00f4t direct<\/a> pour recevoir vos paiements plus rapidement. Remplissez le formulaire afin que vos paiements soient d\u00e9pos\u00e9s directement dans votre compte.<\/p>\t\t\t\t\t\t\t\t<\/div>\n\t\t\t\t<\/div>\n\t\t\t\t<div class=\"elementor-element elementor-element-39f30ce elementor-widget__width-initial elementor-widget elementor-widget-text-editor\" data-id=\"39f30ce\" data-element_type=\"widget\" data-e-type=\"widget\" data-widget_type=\"text-editor.default\">\n\t\t\t\t<div class=\"elementor-widget-container\">\n\t\t\t\t\t\t\t\t\t<h2>Frais et honoraires<\/h2><p>Les honoraires pour assistance m\u00e9dicale sont fix\u00e9s par l\u2019autorit\u00e9 l\u00e9gislative de la WCB. Une fois le traitement prodigu\u00e9 au travailleur bless\u00e9, vous pouvez facturer la WCB, conform\u00e9ment au <a href=\"https:\/\/www.wcb.mb.ca\/uploads\/2026\/01\/0287.pdf\">Manuel des codes de service de la WCB<\/a>. Certains services, comme la physioth\u00e9rapie, la chiropractie, la gestion de la douleur et la chirurgie, doivent \u00eatre approuv\u00e9s au pr\u00e9alable avant la facturation.\u00a0<\/p>\t\t\t\t\t\t\t\t<\/div>\n\t\t\t\t<\/div>\n\t\t\t\t<\/div>\n\t\t<div class=\"elementor-element elementor-element-190a696c e-con-full e-flex e-con e-child\" data-id=\"190a696c\" data-element_type=\"container\" data-e-type=\"container\" data-settings=\"{&quot;background_background&quot;:&quot;classic&quot;}\">\n\t\t\t\t<div class=\"elementor-element elementor-element-731ffb3f elementor-widget elementor-widget-st-link-list\" data-id=\"731ffb3f\" data-element_type=\"widget\" data-e-type=\"widget\" data-widget_type=\"st-link-list.default\">\n\t\t\t\t<div class=\"elementor-widget-container\">\n\t\t\t\t\t<div class=\"c-linkList c-linkList--default c-linkList--default\"><h2 class=\"c-linkList__title\"><span >Liens connexes<\/span><\/h2><div class=\"c-linkList__list\"><div class=\"c-linkList__item\"><a class=\"c-linkList__itemBtn g-btn__arrow--fullWidth\" href=\"http:\/\/www.wcb.mb.ca\/uploads\/2025\/08\/0548.pdf\" target=\"_blank\"><span >Guide de facturation \u00e0 la WCB<\/span><\/a><\/div><div class=\"c-linkList__item\"><a class=\"c-linkList__itemBtn g-btn__arrow--fullWidth\" href=\"\/healthcare-providers\/resources-and-forms\/\"><span >Ressources et formulaires<\/span><\/a><\/div><div class=\"c-linkList__item\"><a class=\"c-linkList__itemBtn g-btn__arrow--fullWidth\" href=\"https:\/\/www.wcb.mb.ca\/healthcare-providers\/billing-and-payments\/create-a-wcb-provider-account\/\"><span >Cr\u00e9er un compte<\/span><\/a><\/div><\/div><\/div>\t\t\t\t<\/div>\n\t\t\t\t<\/div>\n\t\t\t\t<div class=\"elementor-element elementor-element-564878d3 elementor-widget elementor-widget-st-cats\" data-id=\"564878d3\" data-element_type=\"widget\" data-e-type=\"widget\" data-widget_type=\"st-cats.default\">\n\t\t\t\t<div class=\"elementor-widget-container\">\n\t\t\t\t\t<div class=\"c-ctaList\"><\/div>\t\t\t\t<\/div>\n\t\t\t\t<\/div>\n\t\t\t\t<\/div>\n\t\t\t\t\t<\/div>\n\t\t\t\t<\/div>\n\t\t\t\t<\/div>\n\t\t","protected":false},"excerpt":{"rendered":"<p>Factures, frais et honoraires Apprenez comment soumettre des factures, recevoir des paiements et vous inscrire au d\u00e9p\u00f4t direct pour faciliter le traitement. Cette page aborde \u00e9galement la facturation de services d\u2019assistance m\u00e9dicale, y compris les exigences d\u2019approbation pr\u00e9alable pour certains traitements. Veuillez noter qu\u2019avant de soumettre une facture, vous devez poss\u00e9der un compte valide \u00e0 [&hellip;]<\/p>\n","protected":false},"author":1,"featured_media":0,"parent":18261,"menu_order":0,"comment_status":"closed","ping_status":"closed","template":"","meta":{"_acf_changed":false,"footnotes":""},"tags":[],"class_list":["post-18267","page","type-page","status-publish","hentry"],"acf":[],"_links":{"self":[{"href":"https:\/\/www.wcb.mb.ca\/fr\/wp-json\/wp\/v2\/pages\/18267","targetHints":{"allow":["GET"]}}],"collection":[{"href":"https:\/\/www.wcb.mb.ca\/fr\/wp-json\/wp\/v2\/pages"}],"about":[{"href":"https:\/\/www.wcb.mb.ca\/fr\/wp-json\/wp\/v2\/types\/page"}],"author":[{"embeddable":true,"href":"https:\/\/www.wcb.mb.ca\/fr\/wp-json\/wp\/v2\/users\/1"}],"replies":[{"embeddable":true,"href":"https:\/\/www.wcb.mb.ca\/fr\/wp-json\/wp\/v2\/comments?post=18267"}],"version-history":[{"count":9,"href":"https:\/\/www.wcb.mb.ca\/fr\/wp-json\/wp\/v2\/pages\/18267\/revisions"}],"predecessor-version":[{"id":23457,"href":"https:\/\/www.wcb.mb.ca\/fr\/wp-json\/wp\/v2\/pages\/18267\/revisions\/23457"}],"up":[{"embeddable":true,"href":"https:\/\/www.wcb.mb.ca\/fr\/wp-json\/wp\/v2\/pages\/18261"}],"wp:attachment":[{"href":"https:\/\/www.wcb.mb.ca\/fr\/wp-json\/wp\/v2\/media?parent=18267"}],"wp:term":[{"taxonomy":"post_tag","embeddable":true,"href":"https:\/\/www.wcb.mb.ca\/fr\/wp-json\/wp\/v2\/tags?post=18267"}],"curies":[{"name":"wp","href":"https:\/\/api.w.org\/{rel}","templated":true}]}}