{"id":18263,"date":"2025-03-03T09:54:14","date_gmt":"2025-03-03T14:54:14","guid":{"rendered":"https:\/\/www.wcb.mb.ca\/?page_id=18263"},"modified":"2026-01-13T14:24:06","modified_gmt":"2026-01-13T19:24:06","slug":"creer-un-compte-de-fournisseur-de-la-wcb","status":"publish","type":"page","link":"https:\/\/www.wcb.mb.ca\/fr\/fournisseurs-de-soins-de-sante\/facturation-et-paiements\/creer-un-compte-de-fournisseur-de-la-wcb\/","title":{"rendered":"Cr\u00e9er un compte de fournisseur de la WCB"},"content":{"rendered":"\t\t<div data-elementor-type=\"wp-page\" data-elementor-id=\"18263\" class=\"elementor elementor-18263 elementor-8102\" data-elementor-post-type=\"page\">\n\t\t\t\t<div class=\"elementor-element elementor-element-bbcb1b3 e-flex e-con-boxed e-con e-parent\" data-id=\"bbcb1b3\" data-element_type=\"container\" data-e-type=\"container\">\n\t\t\t\t\t<div class=\"e-con-inner\">\n\t\t\t\t<div class=\"elementor-element elementor-element-2302b69 elementor-widget elementor-widget-st-header-image\" data-id=\"2302b69\" data-element_type=\"widget\" data-e-type=\"widget\" data-widget_type=\"st-header-image.default\">\n\t\t\t\t<div class=\"elementor-widget-container\">\n\t\t\t\t\t<div class=\"c-headerImage g-layout__padding c-headerImage--fade\"><div class=\"c-headerImage__container g-layout__maxWidth\"><div class=\"c-headerImage__content\"><div ><h1>Cr\u00e9er un compte de fournisseur de la WCB<\/h1><\/div><\/div><\/div><\/div>\t\t\t\t<\/div>\n\t\t\t\t<\/div>\n\t\t\t\t\t<\/div>\n\t\t\t\t<\/div>\n\t\t<div class=\"elementor-element elementor-element-9b0c5f6 e-grid e-con-boxed e-con e-parent\" data-id=\"9b0c5f6\" data-element_type=\"container\" data-e-type=\"container\">\n\t\t\t\t\t<div class=\"e-con-inner\">\n\t\t<div class=\"elementor-element elementor-element-3b9434c3 e-con-full e-flex e-con e-child\" data-id=\"3b9434c3\" data-element_type=\"container\" data-e-type=\"container\">\n\t\t\t\t<div class=\"elementor-element elementor-element-be085b3 elementor-widget__width-initial elementor-widget elementor-widget-text-editor\" data-id=\"be085b3\" data-element_type=\"widget\" data-e-type=\"widget\" data-widget_type=\"text-editor.default\">\n\t\t\t\t<div class=\"elementor-widget-container\">\n\t\t\t\t\t\t\t\t\t<h2>Fournisseurs de soins de sant\u00e9<\/h2><p>Tous les fournisseurs de produits et services doivent poss\u00e9der un compte de la WCB pour lui soumettre des factures. Si vous n\u2019avez pas de compte, remplissez le\u00a0<a href=\"https:\/\/www.wcb.mb.ca\/uploads\/2026\/01\/0307.pdf\" target=\"_blank\" rel=\"noopener\">formulaire d\u2019inscription\/modification d\u2019un fournisseur<\/a> de la WCB et soumettez-le par courriel ou t\u00e9l\u00e9copieur (les coordonn\u00e9es sont indiqu\u00e9es dans le formulaire). Vous pouvez aussi <a href=\"https:\/\/www.wcb.mb.ca\/fr\/?page_id=1894\">communiquer avec nous<\/a> pour obtenir une copie du formulaire.<\/p><p>Si vous exercez \u00e0 plusieurs emplacements, vous devrez cr\u00e9er un compte de la WCB pour chacun d\u2019entre eux.<\/p>\t\t\t\t\t\t\t\t<\/div>\n\t\t\t\t<\/div>\n\t\t\t\t<div class=\"elementor-element elementor-element-1c73ffb0 elementor-widget__width-initial elementor-widget elementor-widget-text-editor\" data-id=\"1c73ffb0\" data-element_type=\"widget\" data-e-type=\"widget\" data-widget_type=\"text-editor.default\">\n\t\t\t\t<div class=\"elementor-widget-container\">\n\t\t\t\t\t\t\t\t\t<h2>Exigences relatives aux physioth\u00e9rapeutes<\/h2><p>Tous les physioth\u00e9rapeutes travaillant dans une clinique avec r\u00e9mun\u00e9ration \u00e0 l\u2019acte doivent signer une <a href=\"\/fr\/fournisseurs-de-soins-de-sante\/portail-ehealth\/entente-individuelle-de-services-en-physiotherapie\/\">entente individuelle de services<\/a> avec la WCB. En signant cette entente, les physioth\u00e9rapeutes acceptent les taux et les conditions \u00e9tablis par la WCB.<\/p>\t\t\t\t\t\t\t\t<\/div>\n\t\t\t\t<\/div>\n\t\t\t\t<div class=\"elementor-element elementor-element-fffaaeb elementor-widget__width-initial elementor-widget elementor-widget-text-editor\" data-id=\"fffaaeb\" data-element_type=\"widget\" data-e-type=\"widget\" data-widget_type=\"text-editor.default\">\n\t\t\t\t<div class=\"elementor-widget-container\">\n\t\t\t\t\t\t\t\t\t<h2>Ce que vous devez savoir&nbsp;<\/h2>\n<ul>\n<li><strong>Un physioth\u00e9rapeute doit-il signer plusieurs ententes individuelles de services en physioth\u00e9rapie s\u2019il travaille \u00e0 plusieurs emplacements?<\/strong> Chaque physioth\u00e9rapeute doit signer une entente, peu importe le nombre d\u2019emplacements o\u00f9 il travaille. Il s\u2019agit d\u2019une entente entre la WCB et cette personne et non entre la WCB et la clinique.<\/li>\n<li><strong>Quelle est la dur\u00e9e d\u2019une entente individuelle de services sign\u00e9e par un physioth\u00e9rapeute?<\/strong> L\u2019entente demeurera en vigueur tant que le num\u00e9ro d\u2019enregistrement du physioth\u00e9rapeute au College of Physiotherapists of Manitoba est actif. Une nouvelle entente est requise si ce num\u00e9ro change.<\/li>\n<li><strong>Je travaille \u00e0 un h\u00f4pital. Suis-je tenu de signer une entente? <\/strong>Si vos services ne sont pas factur\u00e9s sous forme d\u2019une r\u00e9mun\u00e9ration \u00e0 l\u2019acte, vous n\u2019avez pas \u00e0 signer l\u2019entente. Si vous travaillez \u00e9galement dans un \u00e9tablissement priv\u00e9 qui facture la WCB sous forme d\u2019une r\u00e9mun\u00e9ration \u00e0 l\u2019acte, vous devez signer l\u2019entente.<\/li>\n<li><strong>Qu\u2019arrivera-t-il si je ne signe pas l\u2019entente avant de prodiguer un traitement \u00e0 un travailleur bless\u00e9?<\/strong> Les physioth\u00e9rapeutes doivent signer l\u2019entente avant de traiter des travailleurs bless\u00e9s pour assurer la conformit\u00e9 aux exigences de la WCB. Ceci ne retardera pas les paiements \u00e0 la clinique; cependant, tous les physioth\u00e9rapeutes doivent avoir sign\u00e9 une entente.<\/li>\n<li><strong>Comment puis-je confirmer si j\u2019ai sign\u00e9 l\u2019entente? <\/strong>Envoyez un courriel \u00e0 <a href=\"mailto:WCBProviderAccounts@wcb.mb.ca\">WCBProviderAccounts@wcb.mb.ca<\/a> pour confirmer si vous avez sign\u00e9 l\u2019entente.&nbsp;<\/li>\n<\/ul>\n\t\t\t\t\t\t\t\t<\/div>\n\t\t\t\t<\/div>\n\t\t\t\t<div class=\"elementor-element elementor-element-900b169 elementor-widget__width-initial elementor-widget elementor-widget-text-editor\" data-id=\"900b169\" data-element_type=\"widget\" data-e-type=\"widget\" data-widget_type=\"text-editor.default\">\n\t\t\t\t<div class=\"elementor-widget-container\">\n\t\t\t\t\t\t\t\t\t<h2>T\u00e9l\u00e9charger l\u2019entente<\/h2><p>T\u00e9l\u00e9chargez l\u2019entente\u00a0: <a href=\"https:\/\/www.wcb.mb.ca\/uploads\/2026\/01\/0267.pdf\" target=\"_blank\" rel=\"noopener\">Page de signature de l\u2019entente de services en physioth\u00e9rapie de la WCB<\/a>\u00a0<\/p><p>Soumettez votre entente sign\u00e9e par l\u2019une des m\u00e9thodes suivantes\u00a0:<\/p><p>Courriel\u00a0: <a href=\"mailto:WCBProviderAccounts@wcb.mb.ca\">WCBProviderAccounts@wcb.mb.ca<\/a><br \/>T\u00e9l\u00e9copieur (Winnipeg)\u00a0: 204-954-4999<br \/>Num\u00e9ro sans frais (t\u00e9l\u00e9c.)\u00a0: 1-877-872-3804<br \/>Adresse postale\u00a0: 333, Broadway, Winnipeg (Manitoba) R3C 4W3\u00a0<\/p><p>\u00a0<\/p>\t\t\t\t\t\t\t\t<\/div>\n\t\t\t\t<\/div>\n\t\t\t\t<\/div>\n\t\t<div class=\"elementor-element elementor-element-439b0308 e-con-full e-flex e-con e-child\" data-id=\"439b0308\" data-element_type=\"container\" data-e-type=\"container\" data-settings=\"{&quot;background_background&quot;:&quot;classic&quot;}\">\n\t\t\t\t<div class=\"elementor-element elementor-element-77be55ee elementor-widget elementor-widget-st-link-list\" data-id=\"77be55ee\" data-element_type=\"widget\" data-e-type=\"widget\" data-widget_type=\"st-link-list.default\">\n\t\t\t\t<div class=\"elementor-widget-container\">\n\t\t\t\t\t<div class=\"c-linkList c-linkList--default c-linkList--default\"><h2 class=\"c-linkList__title\"><span >Liens connexes<\/span><\/h2><div class=\"c-linkList__list\"><div class=\"c-linkList__item\"><a class=\"c-linkList__itemBtn g-btn__arrow--fullWidth\" href=\"\/fr\/fournisseurs-de-soins-de-sante\/ressources-et-formulaires\/\"><span >Ressources et formulaires<\/span><\/a><\/div><div class=\"c-linkList__item\"><a class=\"c-linkList__itemBtn g-btn__arrow--fullWidth\" href=\"\/fr\/fournisseurs-de-soins-de-sante\/responsabilites-du-fournisseur-de-soins-de-sante\/\"><span >Responsabilit\u00e9s du fournisseur de soins de sant\u00e9<\/span><\/a><\/div><div class=\"c-linkList__item\"><a class=\"c-linkList__itemBtn g-btn__arrow--fullWidth\" href=\"\/fr\/fournisseurs-de-soins-de-sante\/portail-ehealth\/\"><span >Portail eHealth<\/span><\/a><\/div><div class=\"c-linkList__item\"><a class=\"c-linkList__itemBtn g-btn__arrow--fullWidth\" href=\"\/fr\/fournisseurs-de-soins-de-sante\/conformite-et-legislation\/\"><span >Conformit\u00e9 et l\u00e9gislation<\/span><\/a><\/div><\/div><\/div>\t\t\t\t<\/div>\n\t\t\t\t<\/div>\n\t\t\t\t<div class=\"elementor-element elementor-element-5a40a776 elementor-widget elementor-widget-st-cats\" data-id=\"5a40a776\" data-element_type=\"widget\" data-e-type=\"widget\" data-widget_type=\"st-cats.default\">\n\t\t\t\t<div class=\"elementor-widget-container\">\n\t\t\t\t\t<div class=\"c-ctaList\"><\/div>\t\t\t\t<\/div>\n\t\t\t\t<\/div>\n\t\t\t\t<\/div>\n\t\t\t\t\t<\/div>\n\t\t\t\t<\/div>\n\t\t\t\t<\/div>\n\t\t","protected":false},"excerpt":{"rendered":"<p>Cr\u00e9er un compte de fournisseur de la WCB Fournisseurs de soins de sant\u00e9 Tous les fournisseurs de produits et services doivent poss\u00e9der un compte de la WCB pour lui soumettre des factures. Si vous n\u2019avez pas de compte, remplissez le\u00a0formulaire d\u2019inscription\/modification d\u2019un fournisseur de la WCB et soumettez-le par courriel ou t\u00e9l\u00e9copieur (les coordonn\u00e9es sont [&hellip;]<\/p>\n","protected":false},"author":1,"featured_media":0,"parent":18261,"menu_order":0,"comment_status":"closed","ping_status":"closed","template":"","meta":{"_acf_changed":false,"footnotes":""},"tags":[],"class_list":["post-18263","page","type-page","status-publish","hentry"],"acf":[],"_links":{"self":[{"href":"https:\/\/www.wcb.mb.ca\/fr\/wp-json\/wp\/v2\/pages\/18263","targetHints":{"allow":["GET"]}}],"collection":[{"href":"https:\/\/www.wcb.mb.ca\/fr\/wp-json\/wp\/v2\/pages"}],"about":[{"href":"https:\/\/www.wcb.mb.ca\/fr\/wp-json\/wp\/v2\/types\/page"}],"author":[{"embeddable":true,"href":"https:\/\/www.wcb.mb.ca\/fr\/wp-json\/wp\/v2\/users\/1"}],"replies":[{"embeddable":true,"href":"https:\/\/www.wcb.mb.ca\/fr\/wp-json\/wp\/v2\/comments?post=18263"}],"version-history":[{"count":5,"href":"https:\/\/www.wcb.mb.ca\/fr\/wp-json\/wp\/v2\/pages\/18263\/revisions"}],"predecessor-version":[{"id":22026,"href":"https:\/\/www.wcb.mb.ca\/fr\/wp-json\/wp\/v2\/pages\/18263\/revisions\/22026"}],"up":[{"embeddable":true,"href":"https:\/\/www.wcb.mb.ca\/fr\/wp-json\/wp\/v2\/pages\/18261"}],"wp:attachment":[{"href":"https:\/\/www.wcb.mb.ca\/fr\/wp-json\/wp\/v2\/media?parent=18263"}],"wp:term":[{"taxonomy":"post_tag","embeddable":true,"href":"https:\/\/www.wcb.mb.ca\/fr\/wp-json\/wp\/v2\/tags?post=18263"}],"curies":[{"name":"wp","href":"https:\/\/api.w.org\/{rel}","templated":true}]}}