{"id":18261,"date":"2025-02-28T16:15:57","date_gmt":"2025-02-28T21:15:57","guid":{"rendered":"https:\/\/www.wcb.mb.ca\/?page_id=18261"},"modified":"2026-01-13T13:59:48","modified_gmt":"2026-01-13T18:59:48","slug":"facturation-et-paiements","status":"publish","type":"page","link":"https:\/\/www.wcb.mb.ca\/fr\/fournisseurs-de-soins-de-sante\/facturation-et-paiements\/","title":{"rendered":"Facturation et paiements"},"content":{"rendered":"\t\t<div data-elementor-type=\"wp-page\" data-elementor-id=\"18261\" class=\"elementor elementor-18261 elementor-8069\" data-elementor-post-type=\"page\">\n\t\t\t\t<div class=\"elementor-element elementor-element-0361206 e-flex e-con-boxed e-con e-parent\" data-id=\"0361206\" data-element_type=\"container\" data-e-type=\"container\">\n\t\t\t\t\t<div class=\"e-con-inner\">\n\t\t\t\t<div class=\"elementor-element elementor-element-2c36ef4 elementor-widget elementor-widget-st-header-image\" data-id=\"2c36ef4\" data-element_type=\"widget\" data-e-type=\"widget\" data-widget_type=\"st-header-image.default\">\n\t\t\t\t<div class=\"elementor-widget-container\">\n\t\t\t\t\t<div class=\"c-headerImage g-layout__padding c-headerImage--noImage\"><div class=\"c-headerImage__container g-layout__maxWidth\"><div class=\"c-headerImage__content\"><div ><h1>Facturation et paiements<\/h1><\/div><\/div><\/div><\/div>\t\t\t\t<\/div>\n\t\t\t\t<\/div>\n\t\t\t\t\t<\/div>\n\t\t\t\t<\/div>\n\t\t<div class=\"elementor-element elementor-element-a4abd94 e-grid e-con-boxed e-con e-parent\" data-id=\"a4abd94\" data-element_type=\"container\" data-e-type=\"container\">\n\t\t\t\t\t<div class=\"e-con-inner\">\n\t\t<div class=\"elementor-element elementor-element-45d4645d e-con-full e-flex e-con e-child\" data-id=\"45d4645d\" data-element_type=\"container\" data-e-type=\"container\">\n\t\t\t\t<div class=\"elementor-element elementor-element-76940cc8 elementor-widget__width-initial elementor-widget elementor-widget-text-editor\" data-id=\"76940cc8\" data-element_type=\"widget\" data-e-type=\"widget\" data-widget_type=\"text-editor.default\">\n\t\t\t\t<div class=\"elementor-widget-container\">\n\t\t\t\t\t\t\t\t\t<p>Les fournisseurs de soins de sant\u00e9 doivent avoir un compte enregistr\u00e9 \u00e0 la WCB pour obtenir le paiement de leurs services. Cette section explique comment cr\u00e9er ou mettre \u00e0 jour votre compte, g\u00e9rer vos factures et rapports et traiter les r\u00e9clamations refus\u00e9es. Tenir votre compte \u00e0 jour permettra d\u2019\u00e9viter les retards et d\u2019assurer le traitement rapide et exact de vos paiements.<\/p>\n\t\t\t\t\t\t\t\t<\/div>\n\t\t\t\t<\/div>\n\t\t\t\t<\/div>\n\t\t<div class=\"elementor-element elementor-element-3023f82e e-con-full e-flex e-con e-child\" data-id=\"3023f82e\" data-element_type=\"container\" data-e-type=\"container\" data-settings=\"{&quot;background_background&quot;:&quot;classic&quot;}\">\n\t\t\t\t<div class=\"elementor-element elementor-element-224e252e elementor-widget elementor-widget-st-link-list\" data-id=\"224e252e\" data-element_type=\"widget\" data-e-type=\"widget\" data-widget_type=\"st-link-list.default\">\n\t\t\t\t<div class=\"elementor-widget-container\">\n\t\t\t\t\t<div class=\"c-linkList c-linkList--default c-linkList--default\"><h2 class=\"c-linkList__title\"><span >Liens connexes<\/span><\/h2><div class=\"c-linkList__list\"><div class=\"c-linkList__item\"><a class=\"c-linkList__itemBtn g-btn__arrow--fullWidth\" href=\"\/fr\/fournisseurs-de-soins-de-sante\/ressources-et-formulaires\/\"><span >Ressources et formulaires<\/span><\/a><\/div><\/div><\/div>\t\t\t\t<\/div>\n\t\t\t\t<\/div>\n\t\t\t\t<div class=\"elementor-element elementor-element-426bd848 elementor-widget elementor-widget-st-cats\" data-id=\"426bd848\" data-element_type=\"widget\" data-e-type=\"widget\" data-widget_type=\"st-cats.default\">\n\t\t\t\t<div class=\"elementor-widget-container\">\n\t\t\t\t\t<div class=\"c-ctaList\"><\/div>\t\t\t\t<\/div>\n\t\t\t\t<\/div>\n\t\t\t\t<\/div>\n\t\t<div class=\"elementor-element elementor-element-926d1ca e-con-full e-flex e-con e-child\" data-id=\"926d1ca\" data-element_type=\"container\" data-e-type=\"container\">\n\t\t\t\t<div class=\"elementor-element elementor-element-5fe5507 elementor-widget elementor-widget-st-image-box-list\" data-id=\"5fe5507\" data-element_type=\"widget\" data-e-type=\"widget\" data-widget_type=\"st-image-box-list.default\">\n\t\t\t\t<div class=\"elementor-widget-container\">\n\t\t\t\t\t<div class=\"c-imageBoxList c-imageBoxList--4 c-imageBoxList--center c-imageBoxList--style3 c-imageBoxList--imageCover\"><div class=\"c-imageBoxList__item\"><img fetchpriority=\"high\" decoding=\"async\" width=\"522\" height=\"348\" src=\"https:\/\/www.wcb.mb.ca\/uploads\/2025\/04\/Healthcare_ManScrubsTuringReportPage_2025.jpg\" class=\"c-imageBoxList__itemImage\" alt=\"Cr\u00e9er un compte de fournisseur de la WCB\" srcset=\"https:\/\/www.wcb.mb.ca\/uploads\/2025\/04\/Healthcare_ManScrubsTuringReportPage_2025.jpg 522w, https:\/\/www.wcb.mb.ca\/uploads\/2025\/04\/Healthcare_ManScrubsTuringReportPage_2025-300x200.jpg 300w\" sizes=\"(max-width: 522px) 100vw, 522px\" \/><div class=\"c-imageBoxList__itemContent\"><div class=\"c-imageBoxList__itemTitle\"><span >Cr\u00e9er un compte de fournisseur de la WCB<\/span><\/div><div class=\"c-imageBoxList__itemDescription\"><span ><\/span><\/div><\/div><a class=\"c-imageBoxList__itemBtn g-btn\" href=\"\/fr\/fournisseurs-de-soins-de-sante\/facturation-et-paiements\/creer-un-compte-de-fournisseur-de-la-wcb\/ \" aria-label=\"Apprenez-en plus Cr\u00e9er un compte de fournisseur de la WCB\"href=\"\/fr\/fournisseurs-de-soins-de-sante\/facturation-et-paiements\/creer-un-compte-de-fournisseur-de-la-wcb\/%20\" aria-label=\"Learn more about creating an account\"><span >Apprenez-en plus<\/span><\/a><\/div><div class=\"c-imageBoxList__item\"><img decoding=\"async\" width=\"522\" height=\"294\" src=\"https:\/\/www.wcb.mb.ca\/uploads\/2025\/03\/MaleDoctorMalePatientSmiling_522x294.jpg\" class=\"c-imageBoxList__itemImage\" alt=\"Factures, frais et honoraires\" srcset=\"https:\/\/www.wcb.mb.ca\/uploads\/2025\/03\/MaleDoctorMalePatientSmiling_522x294.jpg 522w, https:\/\/www.wcb.mb.ca\/uploads\/2025\/03\/MaleDoctorMalePatientSmiling_522x294-300x169.jpg 300w\" sizes=\"(max-width: 522px) 100vw, 522px\" \/><div class=\"c-imageBoxList__itemContent\"><div class=\"c-imageBoxList__itemTitle\"><span >Factures, frais et honoraires<\/span><\/div><div class=\"c-imageBoxList__itemDescription\"><span ><\/span><\/div><\/div><a class=\"c-imageBoxList__itemBtn g-btn\" href=\"\/fr\/fournisseurs-de-soins-de-sante\/facturation-et-paiements\/factures-frais-et-honoraires\/\" aria-label=\"Apprenez-en plus Factures, frais et honoraires\"href=\"\/fr\/fournisseurs-de-soins-de-sante\/facturation-et-paiements\/factures-frais-et-honoraires\/\" aria-label=\"Learn more about invoices and fees\"><span >Apprenez-en plus<\/span><\/a><\/div><div class=\"c-imageBoxList__item\"><img decoding=\"async\" width=\"522\" height=\"294\" src=\"https:\/\/www.wcb.mb.ca\/uploads\/2025\/03\/FemaleDoctorWithPatient_522x294.jpg\" class=\"c-imageBoxList__itemImage\" alt=\"Gestion des r\u00e9clamations refus\u00e9es\" srcset=\"https:\/\/www.wcb.mb.ca\/uploads\/2025\/03\/FemaleDoctorWithPatient_522x294.jpg 522w, https:\/\/www.wcb.mb.ca\/uploads\/2025\/03\/FemaleDoctorWithPatient_522x294-300x169.jpg 300w\" sizes=\"(max-width: 522px) 100vw, 522px\" \/><div class=\"c-imageBoxList__itemContent\"><div class=\"c-imageBoxList__itemTitle\"><span >Gestion des r\u00e9clamations refus\u00e9es<\/span><\/div><div class=\"c-imageBoxList__itemDescription\"><span ><\/span><\/div><\/div><a class=\"c-imageBoxList__itemBtn g-btn\" href=\"\/fr\/fournisseurs-de-soins-de-sante\/facturation-et-paiements\/gestion-des-reclamations-refusees\/\" aria-label=\"Apprenez-en plus Gestion des r\u00e9clamations refus\u00e9es\"href=\"\/fr\/fournisseurs-de-soins-de-sante\/facturation-et-paiements\/gestion-des-reclamations-refusees\/\" aria-label=\"Learn more about managing denied claims\"><span >Apprenez-en plus<\/span><\/a><\/div><div class=\"c-imageBoxList__item\"><img loading=\"lazy\" decoding=\"async\" width=\"522\" height=\"348\" src=\"https:\/\/www.wcb.mb.ca\/uploads\/2025\/04\/Healthcare_WomanScrubsComputerBlueFolder_2025.jpg\" class=\"c-imageBoxList__itemImage\" alt=\"Manuel des codes de service de la WCB\" srcset=\"https:\/\/www.wcb.mb.ca\/uploads\/2025\/04\/Healthcare_WomanScrubsComputerBlueFolder_2025.jpg 522w, https:\/\/www.wcb.mb.ca\/uploads\/2025\/04\/Healthcare_WomanScrubsComputerBlueFolder_2025-300x200.jpg 300w\" sizes=\"(max-width: 522px) 100vw, 522px\" \/><div class=\"c-imageBoxList__itemContent\"><div class=\"c-imageBoxList__itemTitle\"><span >Manuel des codes de service de la WCB<\/span><\/div><div class=\"c-imageBoxList__itemDescription\"><span ><\/span><\/div><\/div><a class=\"c-imageBoxList__itemBtn g-btn\" href=\"https:\/\/www.wcb.mb.ca\/uploads\/2026\/01\/0287.pdf\" aria-label=\"Apprenez-en plus Manuel des codes de service de la WCB\"href=\"https:\/\/www.wcb.mb.ca\/uploads\/2026\/01\/0287.pdf\" target=\"_blank\" aria-label=\"Learn more about WCB billing guide\"><span >Apprenez-en plus<\/span><\/a><\/div><\/div>\t\t\t\t<\/div>\n\t\t\t\t<\/div>\n\t\t\t\t<\/div>\n\t\t\t\t\t<\/div>\n\t\t\t\t<\/div>\n\t\t\t\t<\/div>\n\t\t","protected":false},"excerpt":{"rendered":"<p>Facturation et paiements Les fournisseurs de soins de sant\u00e9 doivent avoir un compte enregistr\u00e9 \u00e0 la WCB pour obtenir le paiement de leurs services. Cette section explique comment cr\u00e9er ou mettre \u00e0 jour votre compte, g\u00e9rer vos factures et rapports et traiter les r\u00e9clamations refus\u00e9es. Tenir votre compte \u00e0 jour permettra d\u2019\u00e9viter les retards et [&hellip;]<\/p>\n","protected":false},"author":1,"featured_media":0,"parent":1897,"menu_order":0,"comment_status":"closed","ping_status":"closed","template":"","meta":{"_acf_changed":false,"footnotes":""},"tags":[],"class_list":["post-18261","page","type-page","status-publish","hentry"],"acf":[],"_links":{"self":[{"href":"https:\/\/www.wcb.mb.ca\/fr\/wp-json\/wp\/v2\/pages\/18261","targetHints":{"allow":["GET"]}}],"collection":[{"href":"https:\/\/www.wcb.mb.ca\/fr\/wp-json\/wp\/v2\/pages"}],"about":[{"href":"https:\/\/www.wcb.mb.ca\/fr\/wp-json\/wp\/v2\/types\/page"}],"author":[{"embeddable":true,"href":"https:\/\/www.wcb.mb.ca\/fr\/wp-json\/wp\/v2\/users\/1"}],"replies":[{"embeddable":true,"href":"https:\/\/www.wcb.mb.ca\/fr\/wp-json\/wp\/v2\/comments?post=18261"}],"version-history":[{"count":7,"href":"https:\/\/www.wcb.mb.ca\/fr\/wp-json\/wp\/v2\/pages\/18261\/revisions"}],"predecessor-version":[{"id":22017,"href":"https:\/\/www.wcb.mb.ca\/fr\/wp-json\/wp\/v2\/pages\/18261\/revisions\/22017"}],"up":[{"embeddable":true,"href":"https:\/\/www.wcb.mb.ca\/fr\/wp-json\/wp\/v2\/pages\/1897"}],"wp:attachment":[{"href":"https:\/\/www.wcb.mb.ca\/fr\/wp-json\/wp\/v2\/media?parent=18261"}],"wp:term":[{"taxonomy":"post_tag","embeddable":true,"href":"https:\/\/www.wcb.mb.ca\/fr\/wp-json\/wp\/v2\/tags?post=18261"}],"curies":[{"name":"wp","href":"https:\/\/api.w.org\/{rel}","templated":true}]}}