{"id":17446,"date":"2025-02-13T15:21:48","date_gmt":"2025-02-13T20:21:48","guid":{"rendered":"https:\/\/www.wcb.mb.ca\/?page_id=17446"},"modified":"2025-10-25T23:39:09","modified_gmt":"2025-10-26T03:39:09","slug":"appels-doffres-de-la-wcb","status":"publish","type":"page","link":"https:\/\/www.wcb.mb.ca\/fr\/appels-doffres-de-la-wcb\/","title":{"rendered":"Appels d\u2019offres de la WCB"},"content":{"rendered":"\t\t<div data-elementor-type=\"wp-page\" data-elementor-id=\"17446\" class=\"elementor elementor-17446 elementor-6787\" data-elementor-post-type=\"page\">\n\t\t\t\t<div class=\"elementor-element elementor-element-76f4a6a e-flex e-con-boxed e-con e-parent\" data-id=\"76f4a6a\" data-element_type=\"container\" data-e-type=\"container\">\n\t\t\t\t\t<div class=\"e-con-inner\">\n\t\t\t\t<div class=\"elementor-element elementor-element-61b7a9f elementor-widget elementor-widget-st-header-image\" data-id=\"61b7a9f\" data-element_type=\"widget\" data-e-type=\"widget\" data-widget_type=\"st-header-image.default\">\n\t\t\t\t<div class=\"elementor-widget-container\">\n\t\t\t\t\t<div class=\"c-headerImage g-layout__padding c-headerImage--noImage\"><div class=\"c-headerImage__container g-layout__maxWidth\"><div class=\"c-headerImage__content\"><div ><h1>Appels d\u2019offres de la WCB<\/h1><\/div><\/div><\/div><\/div>\t\t\t\t<\/div>\n\t\t\t\t<\/div>\n\t\t\t\t\t<\/div>\n\t\t\t\t<\/div>\n\t\t<div class=\"elementor-element elementor-element-3ee6bf8a e-flex e-con-boxed e-con e-parent\" data-id=\"3ee6bf8a\" data-element_type=\"container\" data-e-type=\"container\">\n\t\t\t\t\t<div class=\"e-con-inner\">\n\t\t<div class=\"elementor-element elementor-element-7ee1ff5f e-con-full e-flex e-con e-child\" data-id=\"7ee1ff5f\" data-element_type=\"container\" data-e-type=\"container\">\n\t\t\t\t<div class=\"elementor-element elementor-element-4c84bbf3 elementor-widget__width-initial elementor-widget elementor-widget-text-editor\" data-id=\"4c84bbf3\" data-element_type=\"widget\" data-e-type=\"widget\" data-widget_type=\"text-editor.default\">\n\t\t\t\t<div class=\"elementor-widget-container\">\n\t\t\t\t\t\t\t\t\t<p>La Commission des accidents du travail du Manitoba (la WCB) s\u2019engage \u00e0 suivre des pratiques d\u2019approvisionnement ouvertes et uniformes pour l\u2019obtention de biens et de services. Tous les appels d\u2019offres de la WCB d\u00e9passant des seuils en dollars sp\u00e9cifiques sont publi\u00e9s et distribu\u00e9s par l\u2019entremise du service d\u2019appels d\u2019offres \u00e9lectroniques de MERX.&nbsp;<br \/>&nbsp;<br \/><a href=\"https:\/\/www.merx.com\/public\/solicitations\/open?keywords=WCb+of+Manitoba&amp;selectedContent=BUYER&amp;publishDate=&amp;contentSourceId=539144401&amp;solSearchStatus=openSolicitationsTab&amp;sortBy=&amp;sortDirection=&amp;pageNumber=1\" target=\"_blank\" rel=\"noopener\">Le portail en ligne MERX de la WCB<\/a> comprend une liste de tous les appels d\u2019offres ouverts de la WCB, sous l\u2019onglet des appels d\u2019offres MERX pour les entreprises priv\u00e9es.&nbsp;&nbsp;<br \/>&nbsp;<br \/>Vous devez vous inscrire \u00e0 MERX pour obtenir l\u2019acc\u00e8s complet aux documents, y compris la possibilit\u00e9 de les t\u00e9l\u00e9charger sur votre ordinateur de bureau. Vous trouverez plus d\u2019information sur l\u2019inscription dans le site Web de MERX.&nbsp;<br \/>&nbsp;<br \/>Si vous avez des questions \u00e0 propos du service d\u2019appels d\u2019offres de MERX pour les entreprises priv\u00e9es, visitez le <a href=\"http:\/\/www.merx.com\/\" target=\"_blank\" rel=\"noopener\">site Web de MERX<\/a> ou communiquez avec son service \u00e0 la client\u00e8le au 1-800-964-6379 ou par courriel \u00e0 <a href=\"mailto:merx@merx.com\">merx@merx.com<\/a>.&nbsp;<br \/>&nbsp;<\/p>\n\t\t\t\t\t\t\t\t<\/div>\n\t\t\t\t<\/div>\n\t\t\t\t<\/div>\n\t\t<div class=\"elementor-element elementor-element-107947e8 e-con-full e-flex e-con e-child\" data-id=\"107947e8\" data-element_type=\"container\" data-e-type=\"container\" data-settings=\"{&quot;background_background&quot;:&quot;classic&quot;}\">\n\t\t\t\t<div class=\"elementor-element elementor-element-7d4b8c8 elementor-widget elementor-widget-st-link-list\" data-id=\"7d4b8c8\" data-element_type=\"widget\" data-e-type=\"widget\" data-widget_type=\"st-link-list.default\">\n\t\t\t\t<div class=\"elementor-widget-container\">\n\t\t\t\t\t<div class=\"c-linkList c-linkList--default c-linkList--default\"><h2 class=\"c-linkList__title\"><span >Liens connexes<\/span><\/h2><div class=\"c-linkList__list\"><div class=\"c-linkList__item\"><a class=\"c-linkList__itemBtn g-btn__arrow--fullWidth\" href=\"\/about\/\"><span >\u00c0 propos de la WCB<\/span><\/a><\/div><div class=\"c-linkList__item\"><a class=\"c-linkList__itemBtn g-btn__arrow--fullWidth\" href=\"\/board-governance-and-executive\/\"><span >Conseil d\u2019administration, gouvernance et haute direction<\/span><\/a><\/div><div class=\"c-linkList__item\"><a class=\"c-linkList__itemBtn g-btn__arrow--fullWidth\" href=\"\/annual-reports\/\"><span >Rapports annuels<\/span><\/a><\/div><div class=\"c-linkList__item\"><a class=\"c-linkList__itemBtn g-btn__arrow--fullWidth\" href=\"\/wcb-community-relations\/\"><span >Relations de la WCB avec la communaut\u00e9<\/span><\/a><\/div><\/div><\/div>\t\t\t\t<\/div>\n\t\t\t\t<\/div>\n\t\t\t\t<div class=\"elementor-element elementor-element-2247bb33 elementor-widget elementor-widget-st-cats\" data-id=\"2247bb33\" data-element_type=\"widget\" data-e-type=\"widget\" data-widget_type=\"st-cats.default\">\n\t\t\t\t<div class=\"elementor-widget-container\">\n\t\t\t\t\t<div class=\"c-ctaList\"><\/div>\t\t\t\t<\/div>\n\t\t\t\t<\/div>\n\t\t\t\t<\/div>\n\t\t\t\t\t<\/div>\n\t\t\t\t<\/div>\n\t\t\t\t<\/div>\n\t\t","protected":false},"excerpt":{"rendered":"<p>La Commission des accidents du travail du Manitoba (la WCB) s\u2019engage \u00e0 suivre des pratiques d\u2019approvisionnement ouvertes et uniformes pour l\u2019obtention de biens et de services. Tous les appels d\u2019offres de la WCB d\u00e9passant des seuils en dollars sp\u00e9cifiques sont publi\u00e9s et distribu\u00e9s par l\u2019entremise du service d\u2019appels d\u2019offres \u00e9lectroniques de MERX.&nbsp;&nbsp;Le portail en ligne [&hellip;]<\/p>\n","protected":false},"author":1,"featured_media":0,"parent":0,"menu_order":0,"comment_status":"closed","ping_status":"closed","template":"","meta":{"_acf_changed":false,"footnotes":""},"tags":[],"class_list":["post-17446","page","type-page","status-publish","hentry"],"acf":[],"_links":{"self":[{"href":"https:\/\/www.wcb.mb.ca\/fr\/wp-json\/wp\/v2\/pages\/17446","targetHints":{"allow":["GET"]}}],"collection":[{"href":"https:\/\/www.wcb.mb.ca\/fr\/wp-json\/wp\/v2\/pages"}],"about":[{"href":"https:\/\/www.wcb.mb.ca\/fr\/wp-json\/wp\/v2\/types\/page"}],"author":[{"embeddable":true,"href":"https:\/\/www.wcb.mb.ca\/fr\/wp-json\/wp\/v2\/users\/1"}],"replies":[{"embeddable":true,"href":"https:\/\/www.wcb.mb.ca\/fr\/wp-json\/wp\/v2\/comments?post=17446"}],"version-history":[{"count":1,"href":"https:\/\/www.wcb.mb.ca\/fr\/wp-json\/wp\/v2\/pages\/17446\/revisions"}],"predecessor-version":[{"id":17447,"href":"https:\/\/www.wcb.mb.ca\/fr\/wp-json\/wp\/v2\/pages\/17446\/revisions\/17447"}],"wp:attachment":[{"href":"https:\/\/www.wcb.mb.ca\/fr\/wp-json\/wp\/v2\/media?parent=17446"}],"wp:term":[{"taxonomy":"post_tag","embeddable":true,"href":"https:\/\/www.wcb.mb.ca\/fr\/wp-json\/wp\/v2\/tags?post=17446"}],"curies":[{"name":"wp","href":"https:\/\/api.w.org\/{rel}","templated":true}]}}