{"id":17442,"date":"2025-02-13T15:27:41","date_gmt":"2025-02-13T20:27:41","guid":{"rendered":"https:\/\/www.wcb.mb.ca\/?page_id=17442"},"modified":"2025-10-25T11:30:05","modified_gmt":"2025-10-25T15:30:05","slug":"reconnaissance-du-territoire-par-la-wcb","status":"publish","type":"page","link":"https:\/\/www.wcb.mb.ca\/fr\/reconnaissance-du-territoire-par-la-wcb\/","title":{"rendered":"\u00a0Reconnaissance du territoire par la WCB"},"content":{"rendered":"\t\t<div data-elementor-type=\"wp-page\" data-elementor-id=\"17442\" class=\"elementor elementor-17442 elementor-6803\" data-elementor-post-type=\"page\">\n\t\t\t\t<div class=\"elementor-element elementor-element-4c67ebc e-flex e-con-boxed e-con e-parent\" data-id=\"4c67ebc\" data-element_type=\"container\" data-e-type=\"container\">\n\t\t\t\t\t<div class=\"e-con-inner\">\n\t\t\t\t<div class=\"elementor-element elementor-element-1991ddd elementor-widget elementor-widget-st-header-image\" data-id=\"1991ddd\" data-element_type=\"widget\" data-e-type=\"widget\" data-widget_type=\"st-header-image.default\">\n\t\t\t\t<div class=\"elementor-widget-container\">\n\t\t\t\t\t<div class=\"c-headerImage g-layout__padding c-headerImage--noImage\"><div class=\"c-headerImage__container g-layout__maxWidth\"><div class=\"c-headerImage__content\"><div ><h1>\u00a0Reconnaissance du territoire par la WCB<\/h1><\/div><\/div><\/div><\/div>\t\t\t\t<\/div>\n\t\t\t\t<\/div>\n\t\t\t\t\t<\/div>\n\t\t\t\t<\/div>\n\t\t<div class=\"elementor-element elementor-element-177e35cf e-flex e-con-boxed e-con e-parent\" data-id=\"177e35cf\" data-element_type=\"container\" data-e-type=\"container\">\n\t\t\t\t\t<div class=\"e-con-inner\">\n\t\t<div class=\"elementor-element elementor-element-450861a0 e-con-full e-flex e-con e-child\" data-id=\"450861a0\" data-element_type=\"container\" data-e-type=\"container\">\n\t\t\t\t<div class=\"elementor-element elementor-element-f577d74 elementor-widget elementor-widget-image\" data-id=\"f577d74\" data-element_type=\"widget\" data-e-type=\"widget\" data-widget_type=\"image.default\">\n\t\t\t\t<div class=\"elementor-widget-container\">\n\t\t\t\t\t\t\t\t\t\t\t\t\t\t\t<img fetchpriority=\"high\" decoding=\"async\" width=\"1024\" height=\"683\" src=\"\/wp-content\/uploads\/2025\/02\/LandAcknowledgement-1024x683.jpg\" class=\"attachment-large size-large wp-image-17450\" alt=\"\" srcset=\"\/wp-content\/uploads\/2025\/02\/LandAcknowledgement-1024x683.jpg 1024w, \/wp-content\/uploads\/2025\/02\/LandAcknowledgement-300x200.jpg 300w, \/wp-content\/uploads\/2025\/02\/LandAcknowledgement-768x512.jpg 768w, \/wp-content\/uploads\/2025\/02\/LandAcknowledgement-1536x1024.jpg 1536w, \/wp-content\/uploads\/2025\/02\/LandAcknowledgement-2048x1365.jpg 2048w\" sizes=\"(max-width: 1024px) 100vw, 1024px\" \/>\t\t\t\t\t\t\t\t\t\t\t\t\t\t\t<\/div>\n\t\t\t\t<\/div>\n\t\t\t\t<div class=\"elementor-element elementor-element-7649559b elementor-widget__width-initial elementor-widget elementor-widget-text-editor\" data-id=\"7649559b\" data-element_type=\"widget\" data-e-type=\"widget\" data-widget_type=\"text-editor.default\">\n\t\t\t\t<div class=\"elementor-widget-container\">\n\t\t\t\t\t\t\t\t\t<p>La Commission des accidents du travail du Manitoba (la WCB) reconna\u00eet avec respect se situer sur les terres ancestrales des nations Anishinaabeg (ojibw\u00e9e), Ininiwak (crie), Anisininew, Dakota, Den\u00e9 et sur les terres de la patrie du peuple m\u00e9tis de la rivi\u00e8re Rouge. Nos services sont offerts sur les territoires des trait\u00e9s 1, 2, 3, 4 et 5. Nous reconnaissons la signification du territoire o\u00f9 nous habitons et travaillons et nous sommes reconnaissants des ressources qu\u2019il nous fournit.<\/p>\n<p>Nous sommes engag\u00e9s envers la r\u00e9conciliation en reconnaissant le pass\u00e9 et en nous tournant vers l\u2019avenir dans un esprit d\u2019apprentissage continu. Nous honorons et respectons les communaut\u00e9s autochtones et nous effor\u00e7ons de cultiver des partenariats avec elles tout en convenant qu\u2019il s\u2019agit d\u2019un parcours de sensibilisation et de compr\u00e9hension.\u00a0<\/p>\n\t\t\t\t\t\t\t\t<\/div>\n\t\t\t\t<\/div>\n\t\t\t\t<\/div>\n\t\t<div class=\"elementor-element elementor-element-3fcdae63 e-con-full e-flex e-con e-child\" data-id=\"3fcdae63\" data-element_type=\"container\" data-e-type=\"container\" data-settings=\"{&quot;background_background&quot;:&quot;classic&quot;}\">\n\t\t\t\t<div class=\"elementor-element elementor-element-9c63b0c elementor-widget elementor-widget-st-link-list\" data-id=\"9c63b0c\" data-element_type=\"widget\" data-e-type=\"widget\" data-widget_type=\"st-link-list.default\">\n\t\t\t\t<div class=\"elementor-widget-container\">\n\t\t\t\t\t<div class=\"c-linkList c-linkList--default c-linkList--default\"><h2 class=\"c-linkList__title\"><span >Liens connexes<\/span><\/h2><div class=\"c-linkList__list\"><div class=\"c-linkList__item\"><a class=\"c-linkList__itemBtn g-btn__arrow--fullWidth\" href=\"\/about\/\"><span >\u00c0 propos de la WCB<\/span><\/a><\/div><div class=\"c-linkList__item\"><a class=\"c-linkList__itemBtn g-btn__arrow--fullWidth\" href=\"\/board-governance-and-executive\/\"><span >Conseil d\u2019administration, gouvernance et haute direction<\/span><\/a><\/div><div class=\"c-linkList__item\"><a class=\"c-linkList__itemBtn g-btn__arrow--fullWidth\" href=\"\/annual-reports\/\"><span >Rapports annuels<\/span><\/a><\/div><div class=\"c-linkList__item\"><a class=\"c-linkList__itemBtn g-btn__arrow--fullWidth\" href=\"\/wcb-community-relations\/\"><span >Relations de la WCB avec la communaut\u00e9<\/span><\/a><\/div><\/div><\/div>\t\t\t\t<\/div>\n\t\t\t\t<\/div>\n\t\t\t\t<div class=\"elementor-element elementor-element-e31f2b9 elementor-widget elementor-widget-st-cats\" data-id=\"e31f2b9\" data-element_type=\"widget\" data-e-type=\"widget\" data-widget_type=\"st-cats.default\">\n\t\t\t\t<div class=\"elementor-widget-container\">\n\t\t\t\t\t<div class=\"c-ctaList\"><\/div>\t\t\t\t<\/div>\n\t\t\t\t<\/div>\n\t\t\t\t<\/div>\n\t\t\t\t\t<\/div>\n\t\t\t\t<\/div>\n\t\t\t\t<\/div>\n\t\t","protected":false},"excerpt":{"rendered":"<p>La Commission des accidents du travail du Manitoba (la WCB) reconna\u00eet avec respect se situer sur les terres ancestrales des nations Anishinaabeg (ojibw\u00e9e), Ininiwak (crie), Anisininew, Dakota, Den\u00e9 et sur les terres de la patrie du peuple m\u00e9tis de la rivi\u00e8re Rouge. Nos services sont offerts sur les territoires des trait\u00e9s 1, 2, 3, 4 [&hellip;]<\/p>\n","protected":false},"author":1,"featured_media":0,"parent":0,"menu_order":0,"comment_status":"closed","ping_status":"closed","template":"","meta":{"_acf_changed":false,"footnotes":""},"tags":[],"class_list":["post-17442","page","type-page","status-publish","hentry"],"acf":[],"_links":{"self":[{"href":"https:\/\/www.wcb.mb.ca\/fr\/wp-json\/wp\/v2\/pages\/17442","targetHints":{"allow":["GET"]}}],"collection":[{"href":"https:\/\/www.wcb.mb.ca\/fr\/wp-json\/wp\/v2\/pages"}],"about":[{"href":"https:\/\/www.wcb.mb.ca\/fr\/wp-json\/wp\/v2\/types\/page"}],"author":[{"embeddable":true,"href":"https:\/\/www.wcb.mb.ca\/fr\/wp-json\/wp\/v2\/users\/1"}],"replies":[{"embeddable":true,"href":"https:\/\/www.wcb.mb.ca\/fr\/wp-json\/wp\/v2\/comments?post=17442"}],"version-history":[{"count":5,"href":"https:\/\/www.wcb.mb.ca\/fr\/wp-json\/wp\/v2\/pages\/17442\/revisions"}],"predecessor-version":[{"id":18986,"href":"https:\/\/www.wcb.mb.ca\/fr\/wp-json\/wp\/v2\/pages\/17442\/revisions\/18986"}],"wp:attachment":[{"href":"https:\/\/www.wcb.mb.ca\/fr\/wp-json\/wp\/v2\/media?parent=17442"}],"wp:term":[{"taxonomy":"post_tag","embeddable":true,"href":"https:\/\/www.wcb.mb.ca\/fr\/wp-json\/wp\/v2\/tags?post=17442"}],"curies":[{"name":"wp","href":"https:\/\/api.w.org\/{rel}","templated":true}]}}