{"id":17380,"date":"2025-02-13T15:23:56","date_gmt":"2025-02-13T20:23:56","guid":{"rendered":"https:\/\/www.wcb.mb.ca\/?page_id=17380"},"modified":"2025-10-25T23:40:12","modified_gmt":"2025-10-26T03:40:12","slug":"apercu-du-systeme-dindemnisation-des-travailleurs","status":"publish","type":"page","link":"https:\/\/www.wcb.mb.ca\/fr\/apercu-du-systeme-dindemnisation-des-travailleurs\/","title":{"rendered":"Aper\u00e7u du syst\u00e8me d\u2019indemnisation des travailleurs"},"content":{"rendered":"\t\t<div data-elementor-type=\"wp-page\" data-elementor-id=\"17380\" class=\"elementor elementor-17380 elementor-6792\" data-elementor-post-type=\"page\">\n\t\t\t\t<div class=\"elementor-element elementor-element-5c7378e e-flex e-con-boxed e-con e-parent\" data-id=\"5c7378e\" data-element_type=\"container\" data-e-type=\"container\">\n\t\t\t\t\t<div class=\"e-con-inner\">\n\t\t\t\t<div class=\"elementor-element elementor-element-2419de3 elementor-widget elementor-widget-st-header-image\" data-id=\"2419de3\" data-element_type=\"widget\" data-e-type=\"widget\" data-widget_type=\"st-header-image.default\">\n\t\t\t\t<div class=\"elementor-widget-container\">\n\t\t\t\t\t<div class=\"c-headerImage g-layout__padding c-headerImage--noImage\"><div class=\"c-headerImage__container g-layout__maxWidth\"><div class=\"c-headerImage__content\"><div ><h1>Aper\u00e7u du syst\u00e8me d\u2019indemnisation des travailleurs<\/h1><\/div><\/div><\/div><\/div>\t\t\t\t<\/div>\n\t\t\t\t<\/div>\n\t\t\t\t\t<\/div>\n\t\t\t\t<\/div>\n\t\t<div class=\"elementor-element elementor-element-5ffee6d0 e-flex e-con-boxed e-con e-parent\" data-id=\"5ffee6d0\" data-element_type=\"container\" data-e-type=\"container\">\n\t\t\t\t\t<div class=\"e-con-inner\">\n\t\t<div class=\"elementor-element elementor-element-7d25bf1a e-con-full e-flex e-con e-child\" data-id=\"7d25bf1a\" data-element_type=\"container\" data-e-type=\"container\">\n\t\t\t\t<div class=\"elementor-element elementor-element-29ec9ec0 elementor-widget__width-initial elementor-widget elementor-widget-text-editor\" data-id=\"29ec9ec0\" data-element_type=\"widget\" data-e-type=\"widget\" data-widget_type=\"text-editor.default\">\n\t\t\t\t<div class=\"elementor-widget-container\">\n\t\t\t\t\t\t\t\t\t<p>Le syst\u00e8me d\u2019indemnisation des travailleurs est un syst\u00e8me d\u2019assurance financ\u00e9 par les employeurs couvrant l\u2019invalidit\u00e9 et les blessures pour les travailleurs et les employeurs.&nbsp;<\/p>\n\t\t\t\t\t\t\t\t<\/div>\n\t\t\t\t<\/div>\n\t\t\t\t<div class=\"elementor-element elementor-element-9eaf3a9 elementor-widget elementor-widget-video\" data-id=\"9eaf3a9\" data-element_type=\"widget\" data-e-type=\"widget\" data-settings=\"{&quot;youtube_url&quot;:&quot;https:\\\/\\\/youtu.be\\\/SOkSdG1GKu4&quot;,&quot;video_type&quot;:&quot;youtube&quot;,&quot;controls&quot;:&quot;yes&quot;}\" data-widget_type=\"video.default\">\n\t\t\t\t<div class=\"elementor-widget-container\">\n\t\t\t\t\t\t\t<div class=\"elementor-wrapper elementor-open-inline\">\n\t\t\t<div class=\"elementor-video\"><\/div>\t\t<\/div>\n\t\t\t\t\t\t<\/div>\n\t\t\t\t<\/div>\n\t\t\t\t<div class=\"elementor-element elementor-element-95f3c4f elementor-widget__width-initial elementor-widget elementor-widget-text-editor\" data-id=\"95f3c4f\" data-element_type=\"widget\" data-e-type=\"widget\" data-widget_type=\"text-editor.default\">\n\t\t\t\t<div class=\"elementor-widget-container\">\n\t\t\t\t\t\t\t\t\t<p>Fond\u00e9e en 1916 en vertu de la <em>Loi sur les accidents du travail<\/em>, la Commission des accidents du travail du Manitoba (la WCB) a \u00e9t\u00e9 \u00e9tablie en 1917. Elle est le r\u00e9sultat d\u2019un compromis entre les travailleurs et les employeurs selon lequel les travailleurs bless\u00e9s renoncent au droit de poursuivre les employeurs en \u00e9change de prestations garanties sans \u00e9gard \u00e0 la responsabilit\u00e9 et les employeurs consentent \u00e0 financer le syst\u00e8me en \u00e9change d\u2019une protection contre les actions en justice.&nbsp;<\/p>\n\t\t\t\t\t\t\t\t<\/div>\n\t\t\t\t<\/div>\n\t\t\t\t<div class=\"elementor-element elementor-element-b2f0174 elementor-widget__width-initial elementor-widget elementor-widget-text-editor\" data-id=\"b2f0174\" data-element_type=\"widget\" data-e-type=\"widget\" data-widget_type=\"text-editor.default\">\n\t\t\t\t<div class=\"elementor-widget-container\">\n\t\t\t\t\t\t\t\t\t<h2>Ce syst\u00e8me repose sur les principes fondamentaux suivants\u00a0:<\/h2>\n<p><strong>Responsabilit\u00e9 collective\u00a0:<\/strong> Tous les employeurs se partagent les co\u00fbts du syst\u00e8me. La WCB verse une indemnisation, peu importe la capacit\u00e9 d\u2019un employeur de payer les primes.<\/p>\n<p><strong>Indemnisation sans \u00e9gard \u00e0 la responsabilit\u00e9\u00a0:<\/strong> Les travailleurs bless\u00e9s et leurs personnes \u00e0 charge re\u00e7oivent des prestations, sans \u00e9gard \u00e0 la responsabilit\u00e9.<\/p>\n<p><strong>Remplacement de revenu\u00a0:<\/strong> Les travailleurs re\u00e7oivent une indemnisation en fonction de la perte salariale d\u00e9coulant de la blessure ou de la maladie.<\/p>\n<p><strong>Immunit\u00e9 aux poursuites\u00a0:<\/strong> Les travailleurs et les employeurs sont prot\u00e9g\u00e9s contre les actions civiles pour permettre le traitement moins formel et plus rapide des r\u00e9clamations.<\/p>\n<p><strong>Efforts de pr\u00e9vention\u00a0:<\/strong> La WCB et le gouvernement travaillent de pair pour pr\u00e9venir les blessures et les maladies professionnelles.<\/p>\n<p><strong>Gu\u00e9rison rapide\u00a0:<\/strong> Les travailleurs bless\u00e9s obtiennent des soins de sant\u00e9 efficaces et un soutien pour assurer un retour au travail rapide et s\u00e9curitaire.<\/p>\n<p><strong>Administration ind\u00e9pendante\u00a0:<\/strong> La WCB fonctionne comme un organisme public sans lien de d\u00e9pendance qui per\u00e7oit les cotisations et verse les prestations.<\/p>\n\t\t\t\t\t\t\t\t<\/div>\n\t\t\t\t<\/div>\n\t\t\t\t<\/div>\n\t\t<div class=\"elementor-element elementor-element-5e65e890 e-con-full e-flex e-con e-child\" data-id=\"5e65e890\" data-element_type=\"container\" data-e-type=\"container\" data-settings=\"{&quot;background_background&quot;:&quot;classic&quot;}\">\n\t\t\t\t<div class=\"elementor-element elementor-element-477b003 elementor-widget elementor-widget-st-link-list\" data-id=\"477b003\" data-element_type=\"widget\" data-e-type=\"widget\" data-widget_type=\"st-link-list.default\">\n\t\t\t\t<div class=\"elementor-widget-container\">\n\t\t\t\t\t<div class=\"c-linkList c-linkList--default c-linkList--default\"><h2 class=\"c-linkList__title\"><span >Liens connexes<\/span><\/h2><div class=\"c-linkList__list\"><div class=\"c-linkList__item\"><a class=\"c-linkList__itemBtn g-btn__arrow--fullWidth\" href=\"\/about\/\"><span >\u00c0 propos de la WCB<\/span><\/a><\/div><div class=\"c-linkList__item\"><a class=\"c-linkList__itemBtn g-btn__arrow--fullWidth\" href=\"\/board-governance-and-executive\/\"><span >Conseil d\u2019administration, gouvernance et haute direction<\/span><\/a><\/div><div class=\"c-linkList__item\"><a class=\"c-linkList__itemBtn g-btn__arrow--fullWidth\" href=\"\/annual-reports\/\"><span >Rapports annuels<\/span><\/a><\/div><div class=\"c-linkList__item\"><a class=\"c-linkList__itemBtn g-btn__arrow--fullWidth\" href=\"\/wcb-community-relations\/\"><span >Relations de la WCB avec la communaut\u00e9<\/span><\/a><\/div><\/div><\/div>\t\t\t\t<\/div>\n\t\t\t\t<\/div>\n\t\t\t\t<div class=\"elementor-element elementor-element-836f8fd elementor-widget elementor-widget-st-cats\" data-id=\"836f8fd\" data-element_type=\"widget\" data-e-type=\"widget\" data-widget_type=\"st-cats.default\">\n\t\t\t\t<div class=\"elementor-widget-container\">\n\t\t\t\t\t<div class=\"c-ctaList\"><\/div>\t\t\t\t<\/div>\n\t\t\t\t<\/div>\n\t\t\t\t<\/div>\n\t\t\t\t\t<\/div>\n\t\t\t\t<\/div>\n\t\t\t\t<\/div>\n\t\t","protected":false},"excerpt":{"rendered":"<p>Le syst\u00e8me d\u2019indemnisation des travailleurs est un syst\u00e8me d\u2019assurance financ\u00e9 par les employeurs couvrant l\u2019invalidit\u00e9 et les blessures pour les travailleurs et les employeurs.&nbsp; https:\/\/youtu.be\/SOkSdG1GKu4 Fond\u00e9e en 1916 en vertu de la Loi sur les accidents du travail, la Commission des accidents du travail du Manitoba (la WCB) a \u00e9t\u00e9 \u00e9tablie en 1917. Elle est [&hellip;]<\/p>\n","protected":false},"author":1,"featured_media":0,"parent":0,"menu_order":0,"comment_status":"closed","ping_status":"closed","template":"","meta":{"_acf_changed":false,"footnotes":""},"tags":[],"class_list":["post-17380","page","type-page","status-publish","hentry"],"acf":[],"_links":{"self":[{"href":"https:\/\/www.wcb.mb.ca\/fr\/wp-json\/wp\/v2\/pages\/17380","targetHints":{"allow":["GET"]}}],"collection":[{"href":"https:\/\/www.wcb.mb.ca\/fr\/wp-json\/wp\/v2\/pages"}],"about":[{"href":"https:\/\/www.wcb.mb.ca\/fr\/wp-json\/wp\/v2\/types\/page"}],"author":[{"embeddable":true,"href":"https:\/\/www.wcb.mb.ca\/fr\/wp-json\/wp\/v2\/users\/1"}],"replies":[{"embeddable":true,"href":"https:\/\/www.wcb.mb.ca\/fr\/wp-json\/wp\/v2\/comments?post=17380"}],"version-history":[{"count":1,"href":"https:\/\/www.wcb.mb.ca\/fr\/wp-json\/wp\/v2\/pages\/17380\/revisions"}],"predecessor-version":[{"id":17381,"href":"https:\/\/www.wcb.mb.ca\/fr\/wp-json\/wp\/v2\/pages\/17380\/revisions\/17381"}],"wp:attachment":[{"href":"https:\/\/www.wcb.mb.ca\/fr\/wp-json\/wp\/v2\/media?parent=17380"}],"wp:term":[{"taxonomy":"post_tag","embeddable":true,"href":"https:\/\/www.wcb.mb.ca\/fr\/wp-json\/wp\/v2\/tags?post=17380"}],"curies":[{"name":"wp","href":"https:\/\/api.w.org\/{rel}","templated":true}]}}