{"id":17373,"date":"2024-09-26T16:51:48","date_gmt":"2024-09-26T20:51:48","guid":{"rendered":"https:\/\/www.wcb.mb.ca\/?page_id=17373"},"modified":"2026-01-12T17:01:44","modified_gmt":"2026-01-12T22:01:44","slug":"a-propos","status":"publish","type":"page","link":"https:\/\/www.wcb.mb.ca\/fr\/a-propos\/","title":{"rendered":"\u00c0 propos"},"content":{"rendered":"\t\t<div data-elementor-type=\"wp-page\" data-elementor-id=\"17373\" class=\"elementor elementor-17373 elementor-413\" data-elementor-post-type=\"page\">\n\t\t\t\t<div class=\"elementor-element elementor-element-59f3db9 e-flex e-con-boxed e-con e-parent\" data-id=\"59f3db9\" data-element_type=\"container\" data-e-type=\"container\">\n\t\t\t\t\t<div class=\"e-con-inner\">\n\t\t\t\t<div class=\"elementor-element elementor-element-b60f611 elementor-widget elementor-widget-st-header-image\" data-id=\"b60f611\" data-element_type=\"widget\" data-e-type=\"widget\" data-widget_type=\"st-header-image.default\">\n\t\t\t\t<div class=\"elementor-widget-container\">\n\t\t\t\t\t<div class=\"c-headerImage g-layout__padding c-headerImage--noImage\"><div class=\"c-headerImage__container g-layout__maxWidth\"><div class=\"c-headerImage__content\"><div ><h1>\u00c0 propos<\/h1><\/div><\/div><\/div><\/div>\t\t\t\t<\/div>\n\t\t\t\t<\/div>\n\t\t\t\t\t<\/div>\n\t\t\t\t<\/div>\n\t\t<div class=\"elementor-element elementor-element-53756e61 e-flex e-con-boxed e-con e-parent\" data-id=\"53756e61\" data-element_type=\"container\" data-e-type=\"container\">\n\t\t\t\t\t<div class=\"e-con-inner\">\n\t\t<div class=\"elementor-element elementor-element-7b1eb3d9 e-con-full e-flex e-con e-child\" data-id=\"7b1eb3d9\" data-element_type=\"container\" data-e-type=\"container\">\n\t\t\t\t<div class=\"elementor-element elementor-element-46fb88f7 elementor-widget__width-initial elementor-widget elementor-widget-text-editor\" data-id=\"46fb88f7\" data-element_type=\"widget\" data-e-type=\"widget\" data-widget_type=\"text-editor.default\">\n\t\t\t\t<div class=\"elementor-widget-container\">\n\t\t\t\t\t\t\t\t\t<p>La Commission des accidents du travail du Manitoba (la WCB) est une soci\u00e9t\u00e9 constitu\u00e9e en vertu d\u2019une loi pour g\u00e9rer l\u2019assurance couvrant l\u2019invalidit\u00e9 et les blessures en milieu de travail, tant pour les travailleurs que pour les employeurs.<\/p>\n<p>Regroupant une \u00e9quipe d\u2019environ 600\u00a0employ\u00e9s, la WCB s\u2019engage \u00e0 assurer et \u00e0 appuyer la sant\u00e9 et la s\u00e9curit\u00e9 en milieu de travail. Nous pla\u00e7ons les travailleurs et les employeurs au c\u0153ur de toutes nos activit\u00e9s en leur offrant des services de pr\u00e9vention des blessures, d\u2019indemnisation et d\u2019accompagnement vers la gu\u00e9rison et le retour au travail, tout en maintenant l\u2019int\u00e9grit\u00e9 du syst\u00e8me d\u2019indemnisation des travailleurs.<\/p>\n<p>La WCB assure plus de 40\u00a0000\u00a0employeurs couvrant ainsi 73\u00a0% de la main-d\u2019\u0153uvre du Manitoba.<\/p>\n\t\t\t\t\t\t\t\t<\/div>\n\t\t\t\t<\/div>\n\t\t\t\t<div class=\"elementor-element elementor-element-0354d13 elementor-widget elementor-widget-st-image-box-list\" data-id=\"0354d13\" data-element_type=\"widget\" data-e-type=\"widget\" data-widget_type=\"st-image-box-list.default\">\n\t\t\t\t<div class=\"elementor-widget-container\">\n\t\t\t\t\t<div class=\"c-imageBoxList c-imageBoxList--3 c-imageBoxList--left c-imageBoxList--style2 c-imageBoxList--imageCover\"><div class=\"c-imageBoxList__item\"><img fetchpriority=\"high\" decoding=\"async\" width=\"522\" height=\"348\" src=\"https:\/\/www.wcb.mb.ca\/uploads\/2025\/02\/Construction_GroupSmilingWearingPPE_2024.jpg\" class=\"c-imageBoxList__itemImage\" alt=\"Aper\u00e7u du syst\u00e8me d\u2019indemnisation des travailleurs \" srcset=\"https:\/\/www.wcb.mb.ca\/uploads\/2025\/02\/Construction_GroupSmilingWearingPPE_2024.jpg 522w, https:\/\/www.wcb.mb.ca\/uploads\/2025\/02\/Construction_GroupSmilingWearingPPE_2024-300x200.jpg 300w\" sizes=\"(max-width: 522px) 100vw, 522px\" \/><div class=\"c-imageBoxList__itemContent\"><div class=\"c-imageBoxList__itemTitle\"><span >Aper\u00e7u du syst\u00e8me d\u2019indemnisation des travailleurs <\/span><\/div><div class=\"c-imageBoxList__itemDescription\"><span >Comprendre les origines et les objectifs du mod\u00e8le d\u2019indemnisation des travailleurs.<\/span><\/div><\/div><a class=\"c-imageBoxList__itemBtn g-btn\" href=\"\/fr\/apercu-du-systeme-dindemnisation-des-travailleurs\/\" aria-label=\"Apprenez-en plus Aper\u00e7u du syst\u00e8me d\u2019indemnisation des travailleurs \"href=\"\/fr\/apercu-du-systeme-dindemnisation-des-travailleurs\/\"><span >Apprenez-en plus<\/span><\/a><\/div><div class=\"c-imageBoxList__item\"><img decoding=\"async\" width=\"522\" height=\"294\" src=\"https:\/\/www.wcb.mb.ca\/uploads\/2025\/09\/Grants-Program-Graphic-Thumbnail-01.png\" class=\"c-imageBoxList__itemImage\" alt=\" Programme de subventions de la WCB\" srcset=\"https:\/\/www.wcb.mb.ca\/uploads\/2025\/09\/Grants-Program-Graphic-Thumbnail-01.png 522w, https:\/\/www.wcb.mb.ca\/uploads\/2025\/09\/Grants-Program-Graphic-Thumbnail-01-300x169.png 300w\" sizes=\"(max-width: 522px) 100vw, 522px\" \/><div class=\"c-imageBoxList__itemContent\"><div class=\"c-imageBoxList__itemTitle\"><span > Programme de subventions de la WCB<\/span><\/div><div class=\"c-imageBoxList__itemDescription\"><span >La WCB contribue au financement de projets li\u00e9s \u00e0 la pr\u00e9vention des blessures et des maladies professionnelles et \u00e0 la promotion du retour au travail des travailleurs bless\u00e9s ou malades.<\/span><\/div><\/div><a class=\"c-imageBoxList__itemBtn g-btn\" href=\"\/fr\/programme-de-subventions-de-la-wcb\/\" aria-label=\"Apprenez-en plus  Programme de subventions de la WCB\"href=\"\/fr\/programme-de-subventions-de-la-wcb\/\"><span >Apprenez-en plus<\/span><\/a><\/div><div class=\"c-imageBoxList__item\"><img decoding=\"async\" width=\"522\" height=\"294\" src=\"https:\/\/www.wcb.mb.ca\/uploads\/2025\/02\/AnnualReportImage_2023.jpg\" class=\"c-imageBoxList__itemImage\" alt=\"Rapports annuels\" srcset=\"https:\/\/www.wcb.mb.ca\/uploads\/2025\/02\/AnnualReportImage_2023.jpg 522w, https:\/\/www.wcb.mb.ca\/uploads\/2025\/02\/AnnualReportImage_2023-300x169.jpg 300w\" sizes=\"(max-width: 522px) 100vw, 522px\" \/><div class=\"c-imageBoxList__itemContent\"><div class=\"c-imageBoxList__itemTitle\"><span >Rapports annuels<\/span><\/div><div class=\"c-imageBoxList__itemDescription\"><span >Les rapports annuels de la WCB renferment des renseignements sur les objectifs financiers et la sant\u00e9 financi\u00e8re de la Commission.<\/span><\/div><\/div><a class=\"c-imageBoxList__itemBtn g-btn\" href=\"\/fr\/rapports-annuels\/\" aria-label=\"Apprenez-en plus Rapports annuels\"href=\"\/fr\/rapports-annuels\/\"><span >Apprenez-en plus<\/span><\/a><\/div><\/div>\t\t\t\t<\/div>\n\t\t\t\t<\/div>\n\t\t\t\t<div class=\"elementor-element elementor-element-f261819 elementor-widget__width-initial elementor-widget elementor-widget-text-editor\" data-id=\"f261819\" data-element_type=\"widget\" data-e-type=\"widget\" data-widget_type=\"text-editor.default\">\n\t\t\t\t<div class=\"elementor-widget-container\">\n\t\t\t\t\t\t\t\t\t<h2>Vision, mission et valeurs<\/h2>\n<p>&nbsp;<\/p>\n<h3>Notre vision<\/h3>\n<p>Un Manitoba plus s\u00e9curitaire qui favorise la pr\u00e9vention et le retour au travail.<\/p>\n<p>&nbsp;<\/p>\n<h3>Notre mission<\/h3>\n<p>Nous fournissons \u00e0 nos clients des services de valeur en mati\u00e8re d\u2019assurance, de pr\u00e9vention, d\u2019indemnisation et de retour au travail, tout en pr\u00e9servant l\u2019int\u00e9grit\u00e9 du syst\u00e8me.<\/p>\n<p>&nbsp;<\/p>\n<h3>Nos valeurs<\/h3>\n<p><strong>Int\u00e9grit\u00e9\u00a0:<\/strong> Nous traitons nos intervenants de mani\u00e8re juste et honn\u00eate tout en nous montrant responsables et transparents.<\/p>\n<p><strong>Sollicitude\u00a0:<\/strong> Nous comprenons les besoins uniques de nos clients et les traitons avec compassion, dignit\u00e9 et respect.<\/p>\n<p><strong>Innovation\u00a0:<\/strong> Nous travaillons constamment \u00e0 rendre nos syst\u00e8mes plus r\u00e9actifs, efficients et efficaces.<\/p>\n<p><strong>Collaboration\u00a0:<\/strong> Nous travaillons de pair avec nos intervenants pour concr\u00e9tiser notre vision.<\/p>\n\t\t\t\t\t\t\t\t<\/div>\n\t\t\t\t<\/div>\n\t\t\t\t<\/div>\n\t\t<div class=\"elementor-element elementor-element-5f47dca4 e-con-full e-flex e-con e-child\" data-id=\"5f47dca4\" data-element_type=\"container\" data-e-type=\"container\" data-settings=\"{&quot;background_background&quot;:&quot;classic&quot;}\">\n\t\t\t\t<div class=\"elementor-element elementor-element-5cdbd4af elementor-widget elementor-widget-st-link-list\" data-id=\"5cdbd4af\" data-element_type=\"widget\" data-e-type=\"widget\" data-widget_type=\"st-link-list.default\">\n\t\t\t\t<div class=\"elementor-widget-container\">\n\t\t\t\t\t<div class=\"c-linkList c-linkList--default c-linkList--default\"><h2 class=\"c-linkList__title\"><span >Liens connexes<\/span><\/h2><div class=\"c-linkList__list\"><div class=\"c-linkList__item\"><a class=\"c-linkList__itemBtn g-btn__arrow--fullWidth\" href=\"\/fr\/conseil-dadministration-gouvernance-et-haute-direction\/\"><span >Conseil d\u2019administration, gouvernance et haute direction<\/span><\/a><\/div><div class=\"c-linkList__item\"><a class=\"c-linkList__itemBtn g-btn__arrow--fullWidth\" href=\"\/fr\/appels-doffres-de-la-wcb\/\"><span >Appels d\u2019offres de la WCB<\/span><\/a><\/div><div class=\"c-linkList__item\"><a class=\"c-linkList__itemBtn g-btn__arrow--fullWidth\" href=\"\/fr\/reconnaissance-du-territoire-par-la-wcb\/\"><span >Reconnaissance du territoire par la WCB<\/span><\/a><\/div><div class=\"c-linkList__item\"><a class=\"c-linkList__itemBtn g-btn__arrow--fullWidth\" href=\"\/fr\/relations-de-la-wcb-avec-la-communaute\/\"><span >Relations de la WCB avec la communaut\u00e9<\/span><\/a><\/div><div class=\"c-linkList__item\"><a class=\"c-linkList__itemBtn g-btn__arrow--fullWidth\" href=\"\/fr\/carrieres\/%20\"><span >Carri\u00e8res \u00e0 la WCB<\/span><\/a><\/div><div class=\"c-linkList__item\"><a class=\"c-linkList__itemBtn g-btn__arrow--fullWidth\" href=\"\/fr\/code-de-conduite\/%20\"><span >Code de conduite <\/span><\/a><\/div><div class=\"c-linkList__item\"><a class=\"c-linkList__itemBtn g-btn__arrow--fullWidth\" href=\"https:\/\/www.wcb.mb.ca\/uploads\/2026\/01\/en_0543.pdf\" target=\"_blank\"><span >Document d\u2019information sur la WCB<\/span><\/a><\/div><\/div><\/div>\t\t\t\t<\/div>\n\t\t\t\t<\/div>\n\t\t\t\t<div class=\"elementor-element elementor-element-6b79fadc elementor-widget elementor-widget-st-cats\" data-id=\"6b79fadc\" data-element_type=\"widget\" data-e-type=\"widget\" data-widget_type=\"st-cats.default\">\n\t\t\t\t<div class=\"elementor-widget-container\">\n\t\t\t\t\t<div class=\"c-ctaList\"><\/div>\t\t\t\t<\/div>\n\t\t\t\t<\/div>\n\t\t\t\t<\/div>\n\t\t\t\t\t<\/div>\n\t\t\t\t<\/div>\n\t\t\t\t<\/div>\n\t\t","protected":false},"excerpt":{"rendered":"<p>\u00c0 propos La Commission des accidents du travail du Manitoba (la WCB) est une soci\u00e9t\u00e9 constitu\u00e9e en vertu d\u2019une loi pour g\u00e9rer l\u2019assurance couvrant l\u2019invalidit\u00e9 et les blessures en milieu de travail, tant pour les travailleurs que pour les employeurs. Regroupant une \u00e9quipe d\u2019environ 600\u00a0employ\u00e9s, la WCB s\u2019engage \u00e0 assurer et \u00e0 appuyer la sant\u00e9 [&hellip;]<\/p>\n","protected":false},"author":1,"featured_media":0,"parent":0,"menu_order":0,"comment_status":"closed","ping_status":"closed","template":"","meta":{"_acf_changed":false,"footnotes":""},"tags":[],"class_list":["post-17373","page","type-page","status-publish","hentry"],"acf":[],"_links":{"self":[{"href":"https:\/\/www.wcb.mb.ca\/fr\/wp-json\/wp\/v2\/pages\/17373","targetHints":{"allow":["GET"]}}],"collection":[{"href":"https:\/\/www.wcb.mb.ca\/fr\/wp-json\/wp\/v2\/pages"}],"about":[{"href":"https:\/\/www.wcb.mb.ca\/fr\/wp-json\/wp\/v2\/types\/page"}],"author":[{"embeddable":true,"href":"https:\/\/www.wcb.mb.ca\/fr\/wp-json\/wp\/v2\/users\/1"}],"replies":[{"embeddable":true,"href":"https:\/\/www.wcb.mb.ca\/fr\/wp-json\/wp\/v2\/comments?post=17373"}],"version-history":[{"count":13,"href":"https:\/\/www.wcb.mb.ca\/fr\/wp-json\/wp\/v2\/pages\/17373\/revisions"}],"predecessor-version":[{"id":21938,"href":"https:\/\/www.wcb.mb.ca\/fr\/wp-json\/wp\/v2\/pages\/17373\/revisions\/21938"}],"wp:attachment":[{"href":"https:\/\/www.wcb.mb.ca\/fr\/wp-json\/wp\/v2\/media?parent=17373"}],"wp:term":[{"taxonomy":"post_tag","embeddable":true,"href":"https:\/\/www.wcb.mb.ca\/fr\/wp-json\/wp\/v2\/tags?post=17373"}],"curies":[{"name":"wp","href":"https:\/\/api.w.org\/{rel}","templated":true}]}}